{"id":155171,"date":"2025-12-18T17:50:23","date_gmt":"2025-12-18T14:50:23","guid":{"rendered":"https:\/\/baldumarket.lt\/product\/galaxy-szafa-2-drzwiowa-przesuwna-z-lustrem-200-cm-carbon\/"},"modified":"2026-02-05T09:58:28","modified_gmt":"2026-02-05T06:58:28","slug":"galaxy-szafa-2-drzwiowa-przesuwna-z-lustrem-200-cm-carbon","status":"publish","type":"product","link":"https:\/\/baldumarket.lt\/lt\/product\/galaxy-szafa-2-drzwiowa-przesuwna-z-lustrem-200-cm-carbon\/","title":{"rendered":"\u201eGalaxy\u201c \u2013 2 dur\u0173 stumdoma spinta su veidrod\u017eiu, 200 cm, anglies pluo\u0161to"},"content":{"rendered":"<p>Pristatome eleganti\u0161ko dizaino \u201eGalaxy\u201c stumdom\u0105 spint\u0105 su veidrod\u017eiu, puikiai tinkan\u010di\u0105 tiek moderniam, tiek klasikiniam interjerui. \u0160i erdvi \u201eHelvetia\u201c spinta, kurios plotis \u2013 200 cm, auk\u0161tis \u2013 210 cm, o gylis \u2013 61 cm, yra funkcionalus sprendimas drabu\u017eiams ir kitiems daiktams laikyti. Pagaminta i\u0161 auk\u0161tos kokyb\u0117s laminuotos bald\u0173 plok\u0161t\u0117s, \u201eCarbon\u201c spalvos \u201eGalaxy\u201c spinta suteiks bet kuriam kambariui modernumo ir stiliaus. Stumdomos durys yra itin prakti\u0161kos ribotose erdv\u0117se, nes leid\u017eia lengvai pasiekti daiktus nepaliekant papildomos vietos tradicin\u0117ms durims atidaryti. Viduje rasite vien\u0105 pakab\u0105 ir penkias prakti\u0161kas lentynas, kurios leid\u017eia ergonomi\u0161kai organizuoti spint\u0105. Didel\u0117s veidrodin\u0117s durys ne tik vizualiai padidina erdv\u0119, bet ir yra ne\u012ftik\u0117tinai patogios kasdieniams pasiruo\u0161imams.<\/p>","protected":false},"excerpt":{"rendered":"<p>Plotis (cm): 200<br \/>\n\u016agis (cm): 210<br \/>\nGylis (cm): 61<\/p>","protected":false},"featured_media":155172,"comment_status":"open","ping_status":"open","template":"","meta":[],"product_brand":[],"product_cat":[9405,4105,1177],"product_tag":[],"class_list":{"0":"post-155171","1":"product","2":"type-product","3":"status-publish","4":"has-post-thumbnail","6":"product_cat-furniture-system-galaxy","7":"product_cat-helvetia","8":"product_cat-wardrobes","10":"first","11":"instock","12":"purchasable","13":"product-type-simple"},"_links":{"self":[{"href":"https:\/\/baldumarket.lt\/lt\/wp-json\/wp\/v2\/product\/155171","targetHints":{"allow":["GET"]}}],"collection":[{"href":"https:\/\/baldumarket.lt\/lt\/wp-json\/wp\/v2\/product"}],"about":[{"href":"https:\/\/baldumarket.lt\/lt\/wp-json\/wp\/v2\/types\/product"}],"replies":[{"embeddable":true,"href":"https:\/\/baldumarket.lt\/lt\/wp-json\/wp\/v2\/comments?post=155171"}],"wp:featuredmedia":[{"embeddable":true,"href":"https:\/\/baldumarket.lt\/lt\/wp-json\/wp\/v2\/media\/155172"}],"wp:attachment":[{"href":"https:\/\/baldumarket.lt\/lt\/wp-json\/wp\/v2\/media?parent=155171"}],"wp:term":[{"taxonomy":"product_brand","embeddable":true,"href":"https:\/\/baldumarket.lt\/lt\/wp-json\/wp\/v2\/product_brand?post=155171"},{"taxonomy":"product_cat","embeddable":true,"href":"https:\/\/baldumarket.lt\/lt\/wp-json\/wp\/v2\/product_cat?post=155171"},{"taxonomy":"product_tag","embeddable":true,"href":"https:\/\/baldumarket.lt\/lt\/wp-json\/wp\/v2\/product_tag?post=155171"}],"curies":[{"name":"wp","href":"https:\/\/api.w.org\/{rel}","templated":true}]}}