{"id":155136,"date":"2025-12-18T17:49:16","date_gmt":"2025-12-18T14:49:16","guid":{"rendered":"https:\/\/baldumarket.lt\/product\/galaxy-lozko-1-szuflada-180-200-cm-carbon\/"},"modified":"2026-02-05T09:58:36","modified_gmt":"2026-02-05T06:58:36","slug":"galaxy-lozko-1-szuflada-180-200-cm-carbon","status":"publish","type":"product","link":"https:\/\/baldumarket.lt\/lt\/product\/galaxy-lozko-1-szuflada-180-200-cm-carbon\/","title":{"rendered":"\u201eGalaxy\u201c lova su 1 stal\u010diumi, 180\/200 cm, anglies pluo\u0161to"},"content":{"rendered":"<p>\u201eGalaxy\u201c lova i\u0161 \u201eHelvetia\u201c bald\u0173 serijos \u2013 puikus pasirinkimas tiems, kurie vertina modern\u0173 dizain\u0105 ir funkcionalum\u0105. Pagaminta i\u0161 auk\u0161tos kokyb\u0117s laminuotos anglies pluo\u0161to bald\u0173 plok\u0161t\u0117s, ji puikiai dera su \u012fvairiomis spalv\u0173 palet\u0117mis ir interjero stiliais. Tvirta konstrukcija garantuoja ilgaam\u017ei\u0161kum\u0105, o subtilios bald\u0173 linijos suteikia elegancijos bet kokiam interjerui.<br \/>\nOptimal\u016bs lovos matmenys leid\u017eia patogiai miegoti 180 x 200 cm erdv\u0117je. Be to, prakti\u0161kas stal\u010dius leid\u017eia patogiai laikyti patalyn\u0119 ir kitus priedus, idealiai tinka taupant viet\u0105 miegamajame. \u201eGalaxy\u201c lovoje n\u0117ra \u010diu\u017einio, tod\u0117l galite pritaikyti savo m\u0117gstam\u0105 model\u012f maksimaliam miego komfortui.<br \/>\nTaip pat verta pamin\u0117ti patalyn\u0117s laikymo funkcij\u0105, kuri padidina lovos prakti\u0161kum\u0105, nes suteikia greit\u0105 prieig\u0105 prie patalyn\u0117s be papildom\u0173 spint\u0173 ar lentyn\u0173. Eleganti\u0161ka i\u0161vaizda ir patogumas naudoti \u2013 tai, kas i\u0161skiria \u201eHelvetia Galaxy\u201c lov\u0105. Prislopintos spalvos ir modernus dizainas paver\u010dia j\u0105 puikiu pasirinkimu bet kuriam miegamajam, svajojan\u010diam apie funkcionali\u0105 prabang\u0105.<\/p>","protected":false},"excerpt":{"rendered":"<p>Plotis (cm): 186<br \/>\n\u016agis (cm): 101<br \/>\nGylis (cm): 205<\/p>","protected":false},"featured_media":155137,"comment_status":"open","ping_status":"open","template":"","meta":[],"product_brand":[],"product_cat":[9405,505,4105],"product_tag":[],"class_list":{"0":"post-155136","1":"product","2":"type-product","3":"status-publish","4":"has-post-thumbnail","6":"product_cat-furniture-system-galaxy","7":"product_cat-bedroom-beds","8":"product_cat-helvetia","10":"first","11":"instock","12":"purchasable","13":"product-type-simple"},"_links":{"self":[{"href":"https:\/\/baldumarket.lt\/lt\/wp-json\/wp\/v2\/product\/155136","targetHints":{"allow":["GET"]}}],"collection":[{"href":"https:\/\/baldumarket.lt\/lt\/wp-json\/wp\/v2\/product"}],"about":[{"href":"https:\/\/baldumarket.lt\/lt\/wp-json\/wp\/v2\/types\/product"}],"replies":[{"embeddable":true,"href":"https:\/\/baldumarket.lt\/lt\/wp-json\/wp\/v2\/comments?post=155136"}],"wp:featuredmedia":[{"embeddable":true,"href":"https:\/\/baldumarket.lt\/lt\/wp-json\/wp\/v2\/media\/155137"}],"wp:attachment":[{"href":"https:\/\/baldumarket.lt\/lt\/wp-json\/wp\/v2\/media?parent=155136"}],"wp:term":[{"taxonomy":"product_brand","embeddable":true,"href":"https:\/\/baldumarket.lt\/lt\/wp-json\/wp\/v2\/product_brand?post=155136"},{"taxonomy":"product_cat","embeddable":true,"href":"https:\/\/baldumarket.lt\/lt\/wp-json\/wp\/v2\/product_cat?post=155136"},{"taxonomy":"product_tag","embeddable":true,"href":"https:\/\/baldumarket.lt\/lt\/wp-json\/wp\/v2\/product_tag?post=155136"}],"curies":[{"name":"wp","href":"https:\/\/api.w.org\/{rel}","templated":true}]}}