{"id":155130,"date":"2025-12-18T17:49:04","date_gmt":"2025-12-18T14:49:04","guid":{"rendered":"https:\/\/baldumarket.lt\/product\/galaxy-lozko-1-szuflada-160-200-cm-carbon\/"},"modified":"2026-02-05T09:58:36","modified_gmt":"2026-02-05T06:58:36","slug":"galaxy-lozko-1-szuflada-160-200-cm-carbon","status":"publish","type":"product","link":"https:\/\/baldumarket.lt\/lt\/product\/galaxy-lozko-1-szuflada-160-200-cm-carbon\/","title":{"rendered":"\u201eGalaxy\u201c lova su 1 stal\u010diumi, 160\/200 cm, anglies pluo\u0161to"},"content":{"rendered":"<p>Atraskite kosmin\u012f miego matmen\u012f su garsaus \u201cHelvetia\u201d prek\u0117s \u017eenklo \u201eGalaxy\u201c lova. I\u0161siskirianti unikaliu dizainu ir funkcionalumu, \u201eGalaxy\u201c lova su erdviu 160 \u00d7 200 cm stal\u010diumi suteiks j\u016bs\u0173 miegamajam modernumo, \u017eavios paslaptinga anglies spalvos spalva. \u201eHelvetia\u201c dizaineriai daugiausia d\u0117mesio skyr\u0117 minimalizmui ir ergonomikai, \u201eGalaxy\u201c lovoje derindami prakti\u0161kum\u0105 su estetika. 166 cm plo\u010dio, 101 cm auk\u0161\u010dio ir 205 cm gylio lova u\u017etikrina patog\u0173 mieg\u0105 d\u0117l 160 x 200 cm miego pavir\u0161iaus, idealiai tinkan\u010dio dviem \u017emon\u0117ms. Kruop\u0161\u010diai pagaminti i\u0161 laminuotos bald\u0173 plok\u0161t\u0117s, priekin\u0117s dalys ir r\u0117mas ilgai i\u0161laiko patraukli\u0105 i\u0161vaizd\u0105, garantuodami patvarum\u0105 ir lengv\u0105 valym\u0105. Anglies spalva suteikia lovai elegancijos ir leid\u017eia j\u0105 lengvai pritaikyti \u012fvairiems interjero dizainams. Ta\u010diau jos puikios eksploatacin\u0117s savyb\u0117s \u2013 dar ne viskas. \u201eGalaxy\u201c lovoje yra erdvus stal\u010dius patalynei ir kitiems daiktams laikyti, o tai ne\u012fkainojama ma\u017eose erdv\u0117se. Be to, konstrukcijoje yra patogus patalyn\u0117s skyrius, tod\u0117l kasdienis lovos organizavimas tampa daug lengvesnis.<\/p>","protected":false},"excerpt":{"rendered":"<p>Plotis (cm): 166<br \/>\n\u016agis (cm): 101<br \/>\nGylis (cm): 205<\/p>","protected":false},"featured_media":155131,"comment_status":"open","ping_status":"open","template":"","meta":[],"product_brand":[],"product_cat":[9405,505,4105],"product_tag":[],"class_list":{"0":"post-155130","1":"product","2":"type-product","3":"status-publish","4":"has-post-thumbnail","6":"product_cat-furniture-system-galaxy","7":"product_cat-bedroom-beds","8":"product_cat-helvetia","10":"first","11":"instock","12":"purchasable","13":"product-type-simple"},"_links":{"self":[{"href":"https:\/\/baldumarket.lt\/lt\/wp-json\/wp\/v2\/product\/155130","targetHints":{"allow":["GET"]}}],"collection":[{"href":"https:\/\/baldumarket.lt\/lt\/wp-json\/wp\/v2\/product"}],"about":[{"href":"https:\/\/baldumarket.lt\/lt\/wp-json\/wp\/v2\/types\/product"}],"replies":[{"embeddable":true,"href":"https:\/\/baldumarket.lt\/lt\/wp-json\/wp\/v2\/comments?post=155130"}],"wp:featuredmedia":[{"embeddable":true,"href":"https:\/\/baldumarket.lt\/lt\/wp-json\/wp\/v2\/media\/155131"}],"wp:attachment":[{"href":"https:\/\/baldumarket.lt\/lt\/wp-json\/wp\/v2\/media?parent=155130"}],"wp:term":[{"taxonomy":"product_brand","embeddable":true,"href":"https:\/\/baldumarket.lt\/lt\/wp-json\/wp\/v2\/product_brand?post=155130"},{"taxonomy":"product_cat","embeddable":true,"href":"https:\/\/baldumarket.lt\/lt\/wp-json\/wp\/v2\/product_cat?post=155130"},{"taxonomy":"product_tag","embeddable":true,"href":"https:\/\/baldumarket.lt\/lt\/wp-json\/wp\/v2\/product_tag?post=155130"}],"curies":[{"name":"wp","href":"https:\/\/api.w.org\/{rel}","templated":true}]}}