{"id":155126,"date":"2025-12-18T17:48:56","date_gmt":"2025-12-18T14:48:56","guid":{"rendered":"https:\/\/baldumarket.lt\/product\/galaxy-komoda-2d4s-carbon\/"},"modified":"2026-02-05T09:58:36","modified_gmt":"2026-02-05T06:58:36","slug":"galaxy-komoda-2d4s-carbon","status":"publish","type":"product","link":"https:\/\/baldumarket.lt\/lt\/product\/galaxy-komoda-2d4s-carbon\/","title":{"rendered":"\u201eGalaxy\u201c \u2013 2D4S anglies pluo\u0161to komoda"},"content":{"rendered":"<p>Jus su\u017eav\u0117s \u201eGalaxy 2D4S Carbon\u201c indauja \u2013 elegancija ir funkcionalumas. \u0160is modernus baldas sukurtas tiems, kurie vertina minimalizmo, komforto ir unikalaus stiliaus derin\u012f. Garsaus prek\u0117s \u017eenklo \u201eHelvetia\u201c indauja puikiai tiks bet kokiam moderniam ar industrinio stiliaus interjerui.<\/p>\n<p>132 cm plo\u010dio ir 93 cm auk\u0161\u010dio komoda si\u016blo \u012fsp\u016bding\u0105 daikt\u0173 laikymo erdv\u0119, leid\u017eian\u010di\u0105 lengvai susitvarkyti namus. 38 cm gylis u\u017etikrina stabilum\u0105 ir pakankam\u0105 talp\u0105 neu\u017eimant per daug vietos. Apdaila anglies pluo\u0161tu leid\u017eia lengvai prisitaikyti prie \u012fvairi\u0173 interjero dizain\u0173 ir sukurti \u0161iuolaiki\u0161k\u0105 akcent\u0105 j\u016bs\u0173 namuose.<\/p>\n<p>I\u0161 laminuotos bald\u0173 plok\u0161t\u0117s pagaminti fasadai yra ne tik patvar\u016bs, bet ir lengvai valomi. Tas pats pasakytina ir apie korpus\u0105, kuris pagamintas i\u0161 tos pa\u010dios med\u017eiagos, u\u017etikrinant vienod\u0105 i\u0161vaizd\u0105 ir tvirt\u0105 konstrukcij\u0105. Komoda turi dvi pilno dyd\u017eio duris ir keturis funkcionalius stal\u010dius, suteikian\u010dius universali\u0173 organizavimo galimybi\u0173 \u012fvairiems daiktams \u2013 nuo drabu\u017ei\u0173 ir tekstil\u0117s iki smulki\u0173 aksesuar\u0173.<\/p>\n<p>\u0160is modelis pasi\u017eymi lengvu surinkimu. J\u012f galima surinkti savaranki\u0161kai \u2013 prid\u0117tos instrukcijos leis surinkti be vargo ir u\u017etikrins ilgamet\u012f tarnavim\u0105. \u201eGalaxy\u201c kolekcija anglies spalvos suteiks j\u016bs\u0173 namams kosmin\u0117s elegancijos ir harmonijos.<\/p>\n<p>Sukurkite spindes\u012f savo interjerui su \u201eHelvetia\u201c \u201eGalaxy 2D4S Carbon\u201c komoda \u2013 gero skonio ir prakti\u0161kumo sinonimas viename dizainerio sukurtame balde!<\/p>","protected":false},"excerpt":{"rendered":"<p>Plotis (cm): 132<br \/>\n\u016agis (cm): 93<br \/>\nGylis (cm): 38<\/p>","protected":false},"featured_media":155127,"comment_status":"open","ping_status":"open","template":"","meta":[],"product_brand":[],"product_cat":[9405,1173,4105],"product_tag":[],"class_list":{"0":"post-155126","1":"product","2":"type-product","3":"status-publish","4":"has-post-thumbnail","6":"product_cat-furniture-system-galaxy","7":"product_cat-chests-of-drawers","8":"product_cat-helvetia","10":"first","11":"instock","12":"purchasable","13":"product-type-simple"},"_links":{"self":[{"href":"https:\/\/baldumarket.lt\/lt\/wp-json\/wp\/v2\/product\/155126","targetHints":{"allow":["GET"]}}],"collection":[{"href":"https:\/\/baldumarket.lt\/lt\/wp-json\/wp\/v2\/product"}],"about":[{"href":"https:\/\/baldumarket.lt\/lt\/wp-json\/wp\/v2\/types\/product"}],"replies":[{"embeddable":true,"href":"https:\/\/baldumarket.lt\/lt\/wp-json\/wp\/v2\/comments?post=155126"}],"wp:featuredmedia":[{"embeddable":true,"href":"https:\/\/baldumarket.lt\/lt\/wp-json\/wp\/v2\/media\/155127"}],"wp:attachment":[{"href":"https:\/\/baldumarket.lt\/lt\/wp-json\/wp\/v2\/media?parent=155126"}],"wp:term":[{"taxonomy":"product_brand","embeddable":true,"href":"https:\/\/baldumarket.lt\/lt\/wp-json\/wp\/v2\/product_brand?post=155126"},{"taxonomy":"product_cat","embeddable":true,"href":"https:\/\/baldumarket.lt\/lt\/wp-json\/wp\/v2\/product_cat?post=155126"},{"taxonomy":"product_tag","embeddable":true,"href":"https:\/\/baldumarket.lt\/lt\/wp-json\/wp\/v2\/product_tag?post=155126"}],"curies":[{"name":"wp","href":"https:\/\/api.w.org\/{rel}","templated":true}]}}