{"id":155118,"date":"2025-12-18T17:48:39","date_gmt":"2025-12-18T14:48:39","guid":{"rendered":"https:\/\/baldumarket.lt\/product\/frida-komoda-rtv-3-drzwiowa-dab-olejowany-antracyt-mat\/"},"modified":"2026-02-05T10:48:14","modified_gmt":"2026-02-05T07:48:14","slug":"frida-komoda-rtv-3-drzwiowa-dab-olejowany-antracyt-mat","status":"publish","type":"product","link":"https:\/\/baldumarket.lt\/lt\/product\/frida-komoda-rtv-3-drzwiowa-dab-olejowany-antracyt-mat\/","title":{"rendered":"Frida \u2013 3 dur\u0173 TV spintel\u0117, alyvuotas \u0105\u017euolas, matin\u0117 antracito spalva"},"content":{"rendered":"<p>Atraskite elegancij\u0105 ir rafinuotum\u0105 su m\u016bs\u0173 \u201cFrida\u201d televizoriaus spintele, kuri suteiks j\u016bs\u0173 svetainei unikalaus stiliaus. Harmoningas nat\u016bralaus alyvuoto \u0105\u017euolo ir matin\u0117s antracito spalvos derinys sukuria tobul\u0105 pusiausvyr\u0105 tarp klasikos ir modernumo. Tai puikus sprendimas tiems, kurie vertina skoning\u0105 interjero dizain\u0105. \u201eFrida\u201c ne tik \u017eavi savo i\u0161vaizda, bet ir puikiai atlieka savo prakti\u0161kas kasdienes funkcijas. D\u0117l trij\u0173 erdvi\u0173 skyri\u0173 spintel\u0117 suteikia daug vietos visiems svarbiausiems priedams, pavyzd\u017eiui, multimedijos \u012frangai ar \u012fra\u0161\u0173 kolekcijoms, laikyti. Minimalistinis dizainas kartu su funkcionalumu paver\u010dia j\u0105 bet kurios svetain\u0117s traukos centru. \u201ePush to Open\u201c sistema leid\u017eia spinteles atidaryti ne\u012ftik\u0117tinai paprastai ir patogiai, panaikinant i\u0161siki\u0161usi\u0173 ranken\u0173 poreik\u012f, i\u0161laikant \u0161varias dizaino linijas. Tai supaprastina kasdien\u012f naudojim\u0105 ir suteikia visam baldui lengvumo bei elegancijos, kuri patenkins net ir reikliausius vartotojus.<\/p>","protected":false},"excerpt":{"rendered":"<p>Plotis (cm): 180<br \/>\n\u016agis (cm): 32<br \/>\nGylis (cm): 36<\/p>","protected":false},"featured_media":155119,"comment_status":"open","ping_status":"open","template":"","meta":[],"product_brand":[],"product_cat":[9418,4105,1175],"product_tag":[],"class_list":{"0":"post-155118","1":"product","2":"type-product","3":"status-publish","4":"has-post-thumbnail","6":"product_cat-furniture-system-frida","7":"product_cat-helvetia","8":"product_cat-tv-stands","10":"first","11":"instock","12":"purchasable","13":"product-type-simple"},"_links":{"self":[{"href":"https:\/\/baldumarket.lt\/lt\/wp-json\/wp\/v2\/product\/155118","targetHints":{"allow":["GET"]}}],"collection":[{"href":"https:\/\/baldumarket.lt\/lt\/wp-json\/wp\/v2\/product"}],"about":[{"href":"https:\/\/baldumarket.lt\/lt\/wp-json\/wp\/v2\/types\/product"}],"replies":[{"embeddable":true,"href":"https:\/\/baldumarket.lt\/lt\/wp-json\/wp\/v2\/comments?post=155118"}],"wp:featuredmedia":[{"embeddable":true,"href":"https:\/\/baldumarket.lt\/lt\/wp-json\/wp\/v2\/media\/155119"}],"wp:attachment":[{"href":"https:\/\/baldumarket.lt\/lt\/wp-json\/wp\/v2\/media?parent=155118"}],"wp:term":[{"taxonomy":"product_brand","embeddable":true,"href":"https:\/\/baldumarket.lt\/lt\/wp-json\/wp\/v2\/product_brand?post=155118"},{"taxonomy":"product_cat","embeddable":true,"href":"https:\/\/baldumarket.lt\/lt\/wp-json\/wp\/v2\/product_cat?post=155118"},{"taxonomy":"product_tag","embeddable":true,"href":"https:\/\/baldumarket.lt\/lt\/wp-json\/wp\/v2\/product_tag?post=155118"}],"curies":[{"name":"wp","href":"https:\/\/api.w.org\/{rel}","templated":true}]}}