{"id":155110,"date":"2025-12-18T17:48:22","date_gmt":"2025-12-18T14:48:22","guid":{"rendered":"https:\/\/baldumarket.lt\/product\/frida-komoda-rtv-3-drzwiowa-dab-olejowany\/"},"modified":"2026-02-05T10:48:14","modified_gmt":"2026-02-05T07:48:14","slug":"frida-komoda-rtv-3-drzwiowa-dab-olejowany","status":"publish","type":"product","link":"https:\/\/baldumarket.lt\/lt\/product\/frida-komoda-rtv-3-drzwiowa-dab-olejowany\/","title":{"rendered":"Frida \u2013 3 dur\u0173 TV spintel\u0117, alyvuotas \u0105\u017euolas"},"content":{"rendered":"<p>Atraskite \u201eFrida\u201c televizoriaus staliuk\u0105, kuris \u017eavi eleganti\u0161ku dizainu ir apgalvotu funkcionalumu. Pagamintas i\u0161 laminuotos plok\u0161t\u0117s, jis pasi\u017eymi nat\u016bralia alyvuota \u0105\u017euolo apdaila, kuri puikiai sustiprina bet kokio interjero \u017eaves\u012f ir \u0161ilum\u0105. Subtilus, ta\u010diau u\u017etikrintas \u201eFrida\u201c staliuko stilius pavers j\u012f nepakei\u010diamu j\u016bs\u0173 svetain\u0117s elementu. \u0160is trij\u0173 dur\u0173 televizoriaus staliukas yra puikus sprendimas minimalistinio ir modernaus dekoro m\u0117g\u0117jams. D\u0117l atidarymo mechanizmo, duris atidaryti tampa itin lengva ir patogu, o tai sustiprina modern\u0173 charakter\u012f. Be ranken\u0117li\u0173, staliuko estetika yra unikali, jis traukia d\u0117mes\u012f ir suteikia harmonijos aplinkai. \u201eFrida\u201c yra ne tik puikus pasirinkimas gra\u017ei\u0173 bald\u0173 m\u0117g\u0117jams, bet ir funkcionalus baldas, kuris pad\u0117s sutvarkyti j\u016bs\u0173 erdv\u0119. Jis idealiai tinka televizijos \u012frangai laikyti, kartu suteikdamas daug vietos kitiems smulkiems daiktams, kuriuos norite tur\u0117ti po ranka. Pasirink\u0119 \u201eFrida\u201c staliuko staliuk\u0105, \u012fgysite ne tik funkcionalumo, bet ir unikalaus stiliaus.<\/p>","protected":false},"excerpt":{"rendered":"<p>Plotis (cm): 180<br \/>\n\u016agis (cm): 32<br \/>\nGylis (cm): 36<\/p>","protected":false},"featured_media":155111,"comment_status":"open","ping_status":"open","template":"","meta":[],"product_brand":[],"product_cat":[9418,4105,1175],"product_tag":[],"class_list":{"0":"post-155110","1":"product","2":"type-product","3":"status-publish","4":"has-post-thumbnail","6":"product_cat-furniture-system-frida","7":"product_cat-helvetia","8":"product_cat-tv-stands","10":"first","11":"instock","12":"purchasable","13":"product-type-simple"},"_links":{"self":[{"href":"https:\/\/baldumarket.lt\/lt\/wp-json\/wp\/v2\/product\/155110","targetHints":{"allow":["GET"]}}],"collection":[{"href":"https:\/\/baldumarket.lt\/lt\/wp-json\/wp\/v2\/product"}],"about":[{"href":"https:\/\/baldumarket.lt\/lt\/wp-json\/wp\/v2\/types\/product"}],"replies":[{"embeddable":true,"href":"https:\/\/baldumarket.lt\/lt\/wp-json\/wp\/v2\/comments?post=155110"}],"wp:featuredmedia":[{"embeddable":true,"href":"https:\/\/baldumarket.lt\/lt\/wp-json\/wp\/v2\/media\/155111"}],"wp:attachment":[{"href":"https:\/\/baldumarket.lt\/lt\/wp-json\/wp\/v2\/media?parent=155110"}],"wp:term":[{"taxonomy":"product_brand","embeddable":true,"href":"https:\/\/baldumarket.lt\/lt\/wp-json\/wp\/v2\/product_brand?post=155110"},{"taxonomy":"product_cat","embeddable":true,"href":"https:\/\/baldumarket.lt\/lt\/wp-json\/wp\/v2\/product_cat?post=155110"},{"taxonomy":"product_tag","embeddable":true,"href":"https:\/\/baldumarket.lt\/lt\/wp-json\/wp\/v2\/product_tag?post=155110"}],"curies":[{"name":"wp","href":"https:\/\/api.w.org\/{rel}","templated":true}]}}