{"id":155102,"date":"2025-12-18T17:48:06","date_gmt":"2025-12-18T14:48:06","guid":{"rendered":"https:\/\/baldumarket.lt\/product\/frida-komoda-rtv-3-drzwiowa-antracyt-mat-dab-olejowany\/"},"modified":"2026-02-05T10:48:14","modified_gmt":"2026-02-05T07:48:14","slug":"frida-komoda-rtv-3-drzwiowa-antracyt-mat-dab-olejowany","status":"publish","type":"product","link":"https:\/\/baldumarket.lt\/lt\/product\/frida-komoda-rtv-3-drzwiowa-antracyt-mat-dab-olejowany\/","title":{"rendered":"Frida \u2013 3 dur\u0173 TV spintel\u0117, matin\u0117 antracito spalva, alyvuotas \u0105\u017euolas"},"content":{"rendered":"<p>Atraskite elegancij\u0105 ir funkcionalum\u0105 su \u201cFrida\u201d televizoriaus staliuku, kuris pavers j\u016bs\u0173 interjer\u0105 modernia ir stilinga erdve. Antracito spalvos korpusas sukuria rafinuot\u0105 pagrind\u0105, kur\u012f puikiai papildo alyvuoti \u0105\u017euolo fasadai, suteikiantys \u0161ilumos ir nat\u016bralumo. \u0160is harmoningas derinys sujungia modernum\u0105 su tradicijomis, si\u016blydamas ne tik vizualin\u012f patrauklum\u0105, bet ir prakti\u0161kum\u0105 kasdieniam naudojimui. Tur\u0117damas tris erdvias dalis, \u201eFrida\u201c staliukas yra puikus pasirinkimas tiems, kurie vertina tvark\u0105 ir tvark\u0105. D\u0117l \u201espustel\u0117jimo atidarymo\u201c sistemos kasdienis naudojimas yra itin patogus ir intuityvus. Be ranken\u0117li\u0173 ar nereikaling\u0173 puo\u0161men\u0173, \u0161is baldas patiks minimalistams, ie\u0161kantiems paprastumo interjero dizaine. \u201eFrida\u201c staliukas buvo sukurtas tiems, kurie ie\u0161ko ne tik funkcionali\u0173 sprendim\u0173, bet ir unikalaus stiliaus. Jo vizualinis lengvumas harmoningai dera su bet kokiu interjeru \u2013 nuo moderni\u0173 but\u0173 iki jauki\u0173 svetaini\u0173. Savaranki\u0161kas surinkimas suteikia puiki\u0105 galimyb\u0119 patirti pasitenkinim\u0105 kuriant asmenin\u0119 aplink\u0105.<\/p>","protected":false},"excerpt":{"rendered":"<p>Plotis (cm): 180<br \/>\n\u016agis (cm): 32<br \/>\nGylis (cm): 36<\/p>","protected":false},"featured_media":155103,"comment_status":"open","ping_status":"open","template":"","meta":[],"product_brand":[],"product_cat":[9418,4105,1175],"product_tag":[],"class_list":{"0":"post-155102","1":"product","2":"type-product","3":"status-publish","4":"has-post-thumbnail","6":"product_cat-furniture-system-frida","7":"product_cat-helvetia","8":"product_cat-tv-stands","10":"first","11":"instock","12":"purchasable","13":"product-type-simple"},"_links":{"self":[{"href":"https:\/\/baldumarket.lt\/lt\/wp-json\/wp\/v2\/product\/155102","targetHints":{"allow":["GET"]}}],"collection":[{"href":"https:\/\/baldumarket.lt\/lt\/wp-json\/wp\/v2\/product"}],"about":[{"href":"https:\/\/baldumarket.lt\/lt\/wp-json\/wp\/v2\/types\/product"}],"replies":[{"embeddable":true,"href":"https:\/\/baldumarket.lt\/lt\/wp-json\/wp\/v2\/comments?post=155102"}],"wp:featuredmedia":[{"embeddable":true,"href":"https:\/\/baldumarket.lt\/lt\/wp-json\/wp\/v2\/media\/155103"}],"wp:attachment":[{"href":"https:\/\/baldumarket.lt\/lt\/wp-json\/wp\/v2\/media?parent=155102"}],"wp:term":[{"taxonomy":"product_brand","embeddable":true,"href":"https:\/\/baldumarket.lt\/lt\/wp-json\/wp\/v2\/product_brand?post=155102"},{"taxonomy":"product_cat","embeddable":true,"href":"https:\/\/baldumarket.lt\/lt\/wp-json\/wp\/v2\/product_cat?post=155102"},{"taxonomy":"product_tag","embeddable":true,"href":"https:\/\/baldumarket.lt\/lt\/wp-json\/wp\/v2\/product_tag?post=155102"}],"curies":[{"name":"wp","href":"https:\/\/api.w.org\/{rel}","templated":true}]}}