{"id":155094,"date":"2025-12-18T17:47:51","date_gmt":"2025-12-18T14:47:51","guid":{"rendered":"https:\/\/baldumarket.lt\/product\/frida-komoda-rtv-2d2s-dab-olejowany-antracyt-mat\/"},"modified":"2026-02-05T10:48:14","modified_gmt":"2026-02-05T07:48:14","slug":"frida-komoda-rtv-2d2s-dab-olejowany-antracyt-mat","status":"publish","type":"product","link":"https:\/\/baldumarket.lt\/lt\/product\/frida-komoda-rtv-2d2s-dab-olejowany-antracyt-mat\/","title":{"rendered":"Frida \u2013 TV spintel\u0117 2D2S, alyvuotas \u0105\u017euolas, antracito spalvos, matin\u0117"},"content":{"rendered":"<p>\u201cFrida\u201d televizoriaus staliukas yra tikras bald\u0173 pasaulio meno k\u016brinys, apjungiantis nesenstant\u012f stili\u0173 su moderniu funkcionalumu. Unikalus alyvuoto \u0105\u017euolo ir matinio antracito fasad\u0173 derinys sukuria estetin\u0119 harmonij\u0105, kuri tinka bet kokiam interjerui, nepriklausomai nuo stiliaus. Jei ie\u0161kote baldo, kuris taps j\u016bs\u0173 svetain\u0117s traukos centru, \u201eFrida\u201c yra puikus pasirinkimas. D\u0117l eleganti\u0161ko dizaino \u201eFrida\u201c staliukas \u012f kambar\u012f \u012fne\u0161a prabangos ir ramyb\u0117s atmosfer\u0105. Nat\u016bralus alyvuotas \u0105\u017euolo pavir\u0161ius praskaidrina kambar\u012f, o subtilus antracitas suteikia modernumo. \u0160is spalv\u0173 kontrastas daro bald\u0105 ne\u012ftik\u0117tinai universal\u0173 ir lengvai derinam\u0105 prie kit\u0173 bald\u0173. Ne tik gra\u017eus, bet ir funkcionalus \u2013 \u201eFrida\u201c yra atsakas \u012f \u0161iuolaikini\u0173 nam\u0173 poreikius. Stovas si\u016blo gerai apgalvot\u0105 daikt\u0173 laikymo viet\u0105, puikiai tinkan\u010di\u0105 multimedijos \u012frangai ir kitiems priedams laikyti. \u201ePush-to-Open\u201c mechanizmas leid\u017eia j\u012f atidaryti paprastai ir nesunkiai, dar labiau pabr\u0117\u017eiant minimalistin\u012f jo charakter\u012f.<\/p>","protected":false},"excerpt":{"rendered":"<p>Plotis (cm): 180<br \/>\n\u016agis (cm): 32<br \/>\nGylis (cm): 36<\/p>","protected":false},"featured_media":155095,"comment_status":"open","ping_status":"open","template":"","meta":[],"product_brand":[],"product_cat":[9418,4105,1175],"product_tag":[],"class_list":{"0":"post-155094","1":"product","2":"type-product","3":"status-publish","4":"has-post-thumbnail","6":"product_cat-furniture-system-frida","7":"product_cat-helvetia","8":"product_cat-tv-stands","10":"first","11":"instock","12":"purchasable","13":"product-type-simple"},"_links":{"self":[{"href":"https:\/\/baldumarket.lt\/lt\/wp-json\/wp\/v2\/product\/155094","targetHints":{"allow":["GET"]}}],"collection":[{"href":"https:\/\/baldumarket.lt\/lt\/wp-json\/wp\/v2\/product"}],"about":[{"href":"https:\/\/baldumarket.lt\/lt\/wp-json\/wp\/v2\/types\/product"}],"replies":[{"embeddable":true,"href":"https:\/\/baldumarket.lt\/lt\/wp-json\/wp\/v2\/comments?post=155094"}],"wp:featuredmedia":[{"embeddable":true,"href":"https:\/\/baldumarket.lt\/lt\/wp-json\/wp\/v2\/media\/155095"}],"wp:attachment":[{"href":"https:\/\/baldumarket.lt\/lt\/wp-json\/wp\/v2\/media?parent=155094"}],"wp:term":[{"taxonomy":"product_brand","embeddable":true,"href":"https:\/\/baldumarket.lt\/lt\/wp-json\/wp\/v2\/product_brand?post=155094"},{"taxonomy":"product_cat","embeddable":true,"href":"https:\/\/baldumarket.lt\/lt\/wp-json\/wp\/v2\/product_cat?post=155094"},{"taxonomy":"product_tag","embeddable":true,"href":"https:\/\/baldumarket.lt\/lt\/wp-json\/wp\/v2\/product_tag?post=155094"}],"curies":[{"name":"wp","href":"https:\/\/api.w.org\/{rel}","templated":true}]}}