{"id":155086,"date":"2025-12-18T17:47:35","date_gmt":"2025-12-18T14:47:35","guid":{"rendered":"https:\/\/baldumarket.lt\/product\/frida-komoda-rtv-2d2s-dab-olejowany\/"},"modified":"2026-02-05T10:48:14","modified_gmt":"2026-02-05T07:48:14","slug":"frida-komoda-rtv-2d2s-dab-olejowany","status":"publish","type":"product","link":"https:\/\/baldumarket.lt\/lt\/product\/frida-komoda-rtv-2d2s-dab-olejowany\/","title":{"rendered":"Frida \u2013 TV spintel\u0117 2D2S, alyvuotas \u0105\u017euolas"},"content":{"rendered":"<p>Atraskite elegancij\u0105 ir modernum\u0105 viename \u2013 \u201cHelvetia\u201d \u201eFrida\u201c televizoriaus staliukas yra tobulas stiliaus ir funkcionalumo derinys. Pagamintas vien i\u0161 auk\u0161tos kokyb\u0117s laminuotos plok\u0161t\u0117s su alyvuotu \u0105\u017euolo apdaila, tai ne tik prakti\u0161kas daikt\u0173 laikymo sprendimas, bet ir unikalus dekoratyvinis elementas j\u016bs\u0173 svetain\u0117je. Nat\u016brali apdaila pabr\u0117\u0161 interjero \u0161ilum\u0105 ir jaukum\u0105, sukurdama unikali\u0105 atmosfer\u0105. Alyvuoto \u0105\u017euolo spalvos priekin\u0117 dalis ir korpusas harmoningai dera su dauguma dekoro stili\u0173, suteikdami subtilaus \u017eavesio. Apgalvotas dizainas suteikia staliukui minimalistin\u0119 i\u0161vaizd\u0105, puikiai atitinkan\u010di\u0105 skandinavi\u0161kas ir modernias tendencijas. \u201eFrida\u201c staliukas neabejotinai taps bet kurio svetain\u0117s traukos centru, pritraukdamas d\u0117mes\u012f savo nesenstan\u010diu patrauklumu. Funkcionalumas yra dar vienas \u0161io televizoriaus staliuko privalumas. D\u0117l atidarymo sistemos \u201ePush to Open\u201c j\u012f naudoti yra ne\u012ftik\u0117tinai patogu ir intuityvu, i\u0161laikant \u0161varias linijas. Tai puikus sprendimas tiems, kurie vertina modernias technologijas, deran\u010dias su klasikiniu dizainu.<\/p>","protected":false},"excerpt":{"rendered":"<p>Plotis (cm): 180<br \/>\n\u016agis (cm): 32<br \/>\nGylis (cm): 36<\/p>","protected":false},"featured_media":155087,"comment_status":"open","ping_status":"open","template":"","meta":[],"product_brand":[],"product_cat":[9418,4105,1175],"product_tag":[],"class_list":{"0":"post-155086","1":"product","2":"type-product","3":"status-publish","4":"has-post-thumbnail","6":"product_cat-furniture-system-frida","7":"product_cat-helvetia","8":"product_cat-tv-stands","10":"first","11":"instock","12":"purchasable","13":"product-type-simple"},"_links":{"self":[{"href":"https:\/\/baldumarket.lt\/lt\/wp-json\/wp\/v2\/product\/155086","targetHints":{"allow":["GET"]}}],"collection":[{"href":"https:\/\/baldumarket.lt\/lt\/wp-json\/wp\/v2\/product"}],"about":[{"href":"https:\/\/baldumarket.lt\/lt\/wp-json\/wp\/v2\/types\/product"}],"replies":[{"embeddable":true,"href":"https:\/\/baldumarket.lt\/lt\/wp-json\/wp\/v2\/comments?post=155086"}],"wp:featuredmedia":[{"embeddable":true,"href":"https:\/\/baldumarket.lt\/lt\/wp-json\/wp\/v2\/media\/155087"}],"wp:attachment":[{"href":"https:\/\/baldumarket.lt\/lt\/wp-json\/wp\/v2\/media?parent=155086"}],"wp:term":[{"taxonomy":"product_brand","embeddable":true,"href":"https:\/\/baldumarket.lt\/lt\/wp-json\/wp\/v2\/product_brand?post=155086"},{"taxonomy":"product_cat","embeddable":true,"href":"https:\/\/baldumarket.lt\/lt\/wp-json\/wp\/v2\/product_cat?post=155086"},{"taxonomy":"product_tag","embeddable":true,"href":"https:\/\/baldumarket.lt\/lt\/wp-json\/wp\/v2\/product_tag?post=155086"}],"curies":[{"name":"wp","href":"https:\/\/api.w.org\/{rel}","templated":true}]}}