{"id":155078,"date":"2025-12-18T17:47:18","date_gmt":"2025-12-18T14:47:18","guid":{"rendered":"https:\/\/baldumarket.lt\/product\/frida-komoda-rtv-2d2s-antracyt-mat-dab-olejowany\/"},"modified":"2026-02-05T10:48:14","modified_gmt":"2026-02-05T07:48:14","slug":"frida-komoda-rtv-2d2s-antracyt-mat-dab-olejowany","status":"publish","type":"product","link":"https:\/\/baldumarket.lt\/lt\/product\/frida-komoda-rtv-2d2s-antracyt-mat-dab-olejowany\/","title":{"rendered":"Frida \u2013 TV spintel\u0117 2D2S antracito spalvos matinio alyvuoto \u0105\u017euolo spalvos"},"content":{"rendered":"<p>\u201cHelvetia\u201d \u201eFrida\u201c televizoriaus staliukas \u2013 puikus pasirinkimas tiems, kurie vertina modern\u0173 dizain\u0105 su elegancijos prisilietimu. Matinis antracito spalvos korpusas kartu su alyvuotais \u0105\u017euolo fasadais suteikia \u0161iam baldui unikal\u0173 charakter\u012f, kuris skland\u017eiai \u012fsilies \u012f bet kok\u012f interjer\u0105 \u2013 nuo minimalistinio iki klasikinio. D\u0117l savo plo\u010dio \u0161is staliukas idealiai tinka \u012fvairaus i\u0161planavimo svetain\u0117ms. \u017demas dizainas ne tik leid\u017eia patogiai i\u0161d\u0117styti televizoriaus \u012frang\u0105, bet ir sukuria papildomos vietos dekoratyviniams daiktams eksponuoti. \u010cia susijungia funkcionalumas ir estetika, suteikdami vartotojams daugyb\u0119 i\u0161d\u0117stymo galimybi\u0173. \u201ePush-to-open\u201c atidarymo sistema yra dar viena savyb\u0117, d\u0117l kurios stovo naudojimas tampa nepaprastai patogus ir malonus. Be nereikaling\u0173 ranken\u0117li\u0173, kurios gal\u0117t\u0173 sutrikdyti harmoningas bald\u0173 linijas, visa konstrukcija i\u0161laiko savo darn\u0105, suteikdama interjerui subtilumo ir stiliaus. \u0160i savyb\u0117 taip pat suteikia lengv\u0105 prieig\u0105 prie pasl\u0117pt\u0173 nam\u0173 apyvokos daikt\u0173 laikymo viet\u0173.<\/p>","protected":false},"excerpt":{"rendered":"<p>Plotis (cm): 180<br \/>\n\u016agis (cm): 32<br \/>\nGylis (cm): 36<\/p>","protected":false},"featured_media":155079,"comment_status":"open","ping_status":"open","template":"","meta":[],"product_brand":[],"product_cat":[9418,4105,1175],"product_tag":[],"class_list":{"0":"post-155078","1":"product","2":"type-product","3":"status-publish","4":"has-post-thumbnail","6":"product_cat-furniture-system-frida","7":"product_cat-helvetia","8":"product_cat-tv-stands","10":"first","11":"instock","12":"purchasable","13":"product-type-simple"},"_links":{"self":[{"href":"https:\/\/baldumarket.lt\/lt\/wp-json\/wp\/v2\/product\/155078","targetHints":{"allow":["GET"]}}],"collection":[{"href":"https:\/\/baldumarket.lt\/lt\/wp-json\/wp\/v2\/product"}],"about":[{"href":"https:\/\/baldumarket.lt\/lt\/wp-json\/wp\/v2\/types\/product"}],"replies":[{"embeddable":true,"href":"https:\/\/baldumarket.lt\/lt\/wp-json\/wp\/v2\/comments?post=155078"}],"wp:featuredmedia":[{"embeddable":true,"href":"https:\/\/baldumarket.lt\/lt\/wp-json\/wp\/v2\/media\/155079"}],"wp:attachment":[{"href":"https:\/\/baldumarket.lt\/lt\/wp-json\/wp\/v2\/media?parent=155078"}],"wp:term":[{"taxonomy":"product_brand","embeddable":true,"href":"https:\/\/baldumarket.lt\/lt\/wp-json\/wp\/v2\/product_brand?post=155078"},{"taxonomy":"product_cat","embeddable":true,"href":"https:\/\/baldumarket.lt\/lt\/wp-json\/wp\/v2\/product_cat?post=155078"},{"taxonomy":"product_tag","embeddable":true,"href":"https:\/\/baldumarket.lt\/lt\/wp-json\/wp\/v2\/product_tag?post=155078"}],"curies":[{"name":"wp","href":"https:\/\/api.w.org\/{rel}","templated":true}]}}