{"id":155071,"date":"2025-12-18T17:47:04","date_gmt":"2025-12-18T14:47:04","guid":{"rendered":"https:\/\/baldumarket.lt\/product\/evora-wm-witryna-2-drzwiowa-zielony-dab-lefkas\/"},"modified":"2026-02-05T09:53:37","modified_gmt":"2026-02-05T06:53:37","slug":"evora-wm-witryna-2-drzwiowa-zielony-dab-lefkas","status":"publish","type":"product","link":"https:\/\/baldumarket.lt\/lt\/product\/evora-wm-witryna-2-drzwiowa-zielony-dab-lefkas\/","title":{"rendered":"Evora WM 2 dur\u0173 vitrinin\u0117 spinta \u017dalia \/ Lefkas \u0105\u017euolas"},"content":{"rendered":"<p>Norite savo interjerui suteikti originalumo ir funkcionalumo? \u201eHelvetia\u201c \u201eEvora WM\u201c dviej\u0173 dur\u0173 vitrina, kuri\u0105 galima \u012fsigyti \u017ealios ir Lefkas \u0105\u017euolo spalv\u0173, atitiks \u0161iuos reikalavimus. \u0160is stilingas ir modernus baldas suteiks j\u016bs\u0173 interjerui unikalaus charakterio, skland\u017eiai der\u0117damas tiek prie tradicinio, tiek prie modernesnio interjero. 126 cm plo\u010dio, 200 cm auk\u0161\u010dio ir 42 cm gylio spintel\u0117 pasi\u017eymi ne tik estetiniu patrauklumu, bet ir funkcionalumu. Pagaminta i\u0161 auk\u0161tos kokyb\u0117s med\u017eiag\u0173, toki\u0173 kaip MDF plok\u0161t\u0117 su folijos apdaila priekin\u0117se dalyse ir laminuota bald\u0173 plok\u0161t\u0117 korpuse, ji u\u017etikrina patvarum\u0105 ir atsparum\u0105 pa\u017eeidimams. Spintel\u0117 si\u016blo daug erdv\u0117s d\u0117l dviej\u0173 dideli\u0173 dureli\u0173 ir \u0161e\u0161i\u0173 lentyn\u0173, leid\u017eian\u010di\u0173 eleganti\u0161kai eksponuoti dekoracijas, knyg\u0173 kolekcijas ar stalo \u012frankius. Lentyn\u0173 i\u0161d\u0117stym\u0105 galite pritaikyti pagal savo poreikius, kad sukurtum\u0117te tobul\u0105 erdv\u0119 savo daiktams. Be to, vitrinoje galima \u012fmontuoti LED ap\u0161vietim\u0105, kuris ne tik i\u0161ry\u0161kins eksponuojam\u0173 daikt\u0173 i\u0161vaizd\u0105, bet ir suteiks kambariui jaukumo.<\/p>","protected":false},"excerpt":{"rendered":"<p>Plotis (cm): 126<br \/>\n\u016agis (cm): 200<br \/>\nGylis (cm): 42<\/p>","protected":false},"featured_media":155072,"comment_status":"open","ping_status":"open","template":"","meta":[],"product_brand":[],"product_cat":[9404,4105,2006],"product_tag":[],"class_list":{"0":"post-155071","1":"product","2":"type-product","3":"status-publish","4":"has-post-thumbnail","6":"product_cat-furniture-system-evora","7":"product_cat-helvetia","8":"product_cat-vitrines","10":"first","11":"instock","12":"purchasable","13":"product-type-simple"},"_links":{"self":[{"href":"https:\/\/baldumarket.lt\/lt\/wp-json\/wp\/v2\/product\/155071","targetHints":{"allow":["GET"]}}],"collection":[{"href":"https:\/\/baldumarket.lt\/lt\/wp-json\/wp\/v2\/product"}],"about":[{"href":"https:\/\/baldumarket.lt\/lt\/wp-json\/wp\/v2\/types\/product"}],"replies":[{"embeddable":true,"href":"https:\/\/baldumarket.lt\/lt\/wp-json\/wp\/v2\/comments?post=155071"}],"wp:featuredmedia":[{"embeddable":true,"href":"https:\/\/baldumarket.lt\/lt\/wp-json\/wp\/v2\/media\/155072"}],"wp:attachment":[{"href":"https:\/\/baldumarket.lt\/lt\/wp-json\/wp\/v2\/media?parent=155071"}],"wp:term":[{"taxonomy":"product_brand","embeddable":true,"href":"https:\/\/baldumarket.lt\/lt\/wp-json\/wp\/v2\/product_brand?post=155071"},{"taxonomy":"product_cat","embeddable":true,"href":"https:\/\/baldumarket.lt\/lt\/wp-json\/wp\/v2\/product_cat?post=155071"},{"taxonomy":"product_tag","embeddable":true,"href":"https:\/\/baldumarket.lt\/lt\/wp-json\/wp\/v2\/product_tag?post=155071"}],"curies":[{"name":"wp","href":"https:\/\/api.w.org\/{rel}","templated":true}]}}