{"id":155064,"date":"2025-12-18T17:46:50","date_gmt":"2025-12-18T14:46:50","guid":{"rendered":"https:\/\/baldumarket.lt\/product\/evora-wm-witryna-1-drzwiowa-prawa-zielony-dab-lefkas\/"},"modified":"2026-02-05T09:53:37","modified_gmt":"2026-02-05T06:53:37","slug":"evora-wm-witryna-1-drzwiowa-prawa-zielony-dab-lefkas","status":"publish","type":"product","link":"https:\/\/baldumarket.lt\/lt\/product\/evora-wm-witryna-1-drzwiowa-prawa-zielony-dab-lefkas\/","title":{"rendered":"Evora WM 1 dur\u0173 vitrina, de\u0161inin\u0117, \u017ealia \/ Lefkas \u0105\u017euolas"},"content":{"rendered":"<p>Atraskite i\u0161skirtin\u0119 elegancij\u0105 ir funkcionalum\u0105 su \u201eEvora WM\u201c vitrina. Sukurta moderniam interjerui, \u0161i vien\u0173 dur\u0173 spintel\u0117 i\u0161siskiria savitu intensyvios \u017ealios spalvos ir \u0161ilto Lefkas \u0105\u017euolo atspalvio deriniu, suteikian\u010diu kambariui charakterio ir stiliaus. Vitrina priklauso garsiam \u201eHelvetia\u201c prek\u0117s \u017eenklui, \u017einomam d\u0117l auk\u0161tos kokyb\u0117s meistri\u0161kumo ir d\u0117mesio detal\u0117ms. Jos matmenys yra 71 cm plo\u010dio, 200 cm auk\u0161\u010dio ir 42 cm gylio, tod\u0117l ji idealiai tinka daugumai gyvenam\u0173j\u0173 patalp\u0173. Priekin\u0117 dalis pagaminta i\u0161 patvarios MDF plok\u0161t\u0117s, padengtos nat\u016brali\u0105 medien\u0105 imituojan\u010dia pl\u0117vele, o laminuota bald\u0173 plok\u0161t\u0117 u\u017etikrina stabilum\u0105 ir ilgaam\u017ei\u0161kum\u0105. Viduje keturios lentynos tilps j\u016bs\u0173 stalo \u012frankius, knygas ar smulkias dekoracijas, efektyviai jas eksponuojant u\u017e eleganti\u0161k\u0173 stiklini\u0173 dureli\u0173. \u0160is funkcionalus sprendimas pad\u0117s palaikyti tvark\u0105 ir sukurti dekoratyvin\u012f kampel\u012f j\u016bs\u0173 namuose.<\/p>","protected":false},"excerpt":{"rendered":"<p>Plotis (cm): 71<br \/>\n\u016agis (cm): 200<br \/>\nGylis (cm): 42<\/p>","protected":false},"featured_media":155065,"comment_status":"open","ping_status":"open","template":"","meta":[],"product_brand":[],"product_cat":[9404,4105,2006],"product_tag":[],"class_list":{"0":"post-155064","1":"product","2":"type-product","3":"status-publish","4":"has-post-thumbnail","6":"product_cat-furniture-system-evora","7":"product_cat-helvetia","8":"product_cat-vitrines","10":"first","11":"instock","12":"purchasable","13":"product-type-simple"},"_links":{"self":[{"href":"https:\/\/baldumarket.lt\/lt\/wp-json\/wp\/v2\/product\/155064","targetHints":{"allow":["GET"]}}],"collection":[{"href":"https:\/\/baldumarket.lt\/lt\/wp-json\/wp\/v2\/product"}],"about":[{"href":"https:\/\/baldumarket.lt\/lt\/wp-json\/wp\/v2\/types\/product"}],"replies":[{"embeddable":true,"href":"https:\/\/baldumarket.lt\/lt\/wp-json\/wp\/v2\/comments?post=155064"}],"wp:featuredmedia":[{"embeddable":true,"href":"https:\/\/baldumarket.lt\/lt\/wp-json\/wp\/v2\/media\/155065"}],"wp:attachment":[{"href":"https:\/\/baldumarket.lt\/lt\/wp-json\/wp\/v2\/media?parent=155064"}],"wp:term":[{"taxonomy":"product_brand","embeddable":true,"href":"https:\/\/baldumarket.lt\/lt\/wp-json\/wp\/v2\/product_brand?post=155064"},{"taxonomy":"product_cat","embeddable":true,"href":"https:\/\/baldumarket.lt\/lt\/wp-json\/wp\/v2\/product_cat?post=155064"},{"taxonomy":"product_tag","embeddable":true,"href":"https:\/\/baldumarket.lt\/lt\/wp-json\/wp\/v2\/product_tag?post=155064"}],"curies":[{"name":"wp","href":"https:\/\/api.w.org\/{rel}","templated":true}]}}