{"id":155057,"date":"2025-12-18T17:46:37","date_gmt":"2025-12-18T14:46:37","guid":{"rendered":"https:\/\/baldumarket.lt\/product\/evora-wm-witryna-1-drzwiowa-lewa-zielony-dab-lefkas\/"},"modified":"2026-02-05T09:53:37","modified_gmt":"2026-02-05T06:53:37","slug":"evora-wm-witryna-1-drzwiowa-lewa-zielony-dab-lefkas","status":"publish","type":"product","link":"https:\/\/baldumarket.lt\/lt\/product\/evora-wm-witryna-1-drzwiowa-lewa-zielony-dab-lefkas\/","title":{"rendered":"Evora WM 1 dur\u0173 vitrina, kair\u0117, \u017ealia \/ Lefkas \u0105\u017euolas"},"content":{"rendered":"<p>\u201eEvora WM\u201c vien\u0173 dur\u0173 vitrina, kair\u0117 \u2013 \u017ealia \/ Lefkas \u0105\u017euolo. Praskaidrinkite savo interjer\u0105 eleganti\u0161ka ir stilinga \u201eEvora WM\u201c vitrina i\u0161 \u017einomo \u201eHelvetia\u201c prek\u0117s \u017eenklo. \u0160is unikalus baldas sukurtas taip, kad skland\u017eiai der\u0117t\u0173 tiek prie modernaus, tiek prie klasikinio interjero. Tvirta meistri\u0161kumas ir nesenstantis dizainas garantuoja pasitenkinim\u0105 ir ilgalaik\u012f naudojim\u0105. \u201eEvora WM\u201c \u2013 tai vitrina, kuri yra ne tik prakti\u0161ka, bet ir unikalus dekoratyvinis elementas. I\u0161siskiriantis geometriniu dizainu, \u017ealio fasado ir \u0161ilto Lefkas \u0105\u017euolo atspalvio derinys suteikia bet kokiam interjerui elegancijos ir originalumo. Pl\u0117vele padengta MDF plok\u0161t\u0117 u\u017etikrina didel\u012f patvarum\u0105 ir atsparum\u0105 \u012fbr\u0117\u017eimams. Korpusas pagamintas i\u0161 laminuotos bald\u0173 plok\u0161t\u0117s, u\u017etikrinan\u010dios stabilum\u0105 ir ilgalaik\u012f naudojim\u0105.<\/p>","protected":false},"excerpt":{"rendered":"<p>Plotis (cm): 71<br \/>\n\u016agis (cm): 200<br \/>\nGylis (cm): 42<\/p>","protected":false},"featured_media":155058,"comment_status":"open","ping_status":"open","template":"","meta":[],"product_brand":[],"product_cat":[9404,4105,2006],"product_tag":[],"class_list":{"0":"post-155057","1":"product","2":"type-product","3":"status-publish","4":"has-post-thumbnail","6":"product_cat-furniture-system-evora","7":"product_cat-helvetia","8":"product_cat-vitrines","10":"first","11":"instock","12":"purchasable","13":"product-type-simple"},"_links":{"self":[{"href":"https:\/\/baldumarket.lt\/lt\/wp-json\/wp\/v2\/product\/155057","targetHints":{"allow":["GET"]}}],"collection":[{"href":"https:\/\/baldumarket.lt\/lt\/wp-json\/wp\/v2\/product"}],"about":[{"href":"https:\/\/baldumarket.lt\/lt\/wp-json\/wp\/v2\/types\/product"}],"replies":[{"embeddable":true,"href":"https:\/\/baldumarket.lt\/lt\/wp-json\/wp\/v2\/comments?post=155057"}],"wp:featuredmedia":[{"embeddable":true,"href":"https:\/\/baldumarket.lt\/lt\/wp-json\/wp\/v2\/media\/155058"}],"wp:attachment":[{"href":"https:\/\/baldumarket.lt\/lt\/wp-json\/wp\/v2\/media?parent=155057"}],"wp:term":[{"taxonomy":"product_brand","embeddable":true,"href":"https:\/\/baldumarket.lt\/lt\/wp-json\/wp\/v2\/product_brand?post=155057"},{"taxonomy":"product_cat","embeddable":true,"href":"https:\/\/baldumarket.lt\/lt\/wp-json\/wp\/v2\/product_cat?post=155057"},{"taxonomy":"product_tag","embeddable":true,"href":"https:\/\/baldumarket.lt\/lt\/wp-json\/wp\/v2\/product_tag?post=155057"}],"curies":[{"name":"wp","href":"https:\/\/api.w.org\/{rel}","templated":true}]}}