{"id":155051,"date":"2025-12-18T17:46:25","date_gmt":"2025-12-18T14:46:25","guid":{"rendered":"https:\/\/baldumarket.lt\/product\/evora-wm-stolik-kawowy-zielony-dab-lefkas\/"},"modified":"2026-02-05T09:53:37","modified_gmt":"2026-02-05T06:53:37","slug":"evora-wm-stolik-kawowy-zielony-dab-lefkas","status":"publish","type":"product","link":"https:\/\/baldumarket.lt\/lt\/product\/evora-wm-stolik-kawowy-zielony-dab-lefkas\/","title":{"rendered":"Evora WM kavos staliukas, \u017ealias \/ Lefkas \u0105\u017euolas"},"content":{"rendered":"<p>Pristatome Jums i\u0161skirtinai eleganti\u0161k\u0105, ta\u010diau funkcional\u0173 interjero element\u0105 \u2013 \u201eEvora WM\u201c kavos staliuk\u0105. Sukurtas kruop\u0161\u010diai, garsaus \u201eHelvetia\u201c prek\u0117s \u017eenklo, \u0161is kavos staliukas i\u0161siskiria ne tik prakti\u0161kumu, bet ir unikaliu dizainu. Ve\u0161lios \u017ealumos ir \u0161ilt\u0173 Lefko \u0105\u017euolo atspalvi\u0173 derinys sukuria meno k\u016brin\u012f, kuris patrauks ak\u012f tiek moderniame, tiek klasikiniame interjere. Auk\u0161tos kokyb\u0117s laminuotos bald\u0173 plok\u0161t\u0117s naudojimas u\u017etikrina patvarum\u0105 ir atsparum\u0105 kasdieniam naudojimui. Sta\u010diakamp\u0117 stalvir\u0161io forma kartu su i\u0161skirtiniu dizainu paver\u010dia j\u012f ne tik prakti\u0161ka vieta popiet\u0117s kavai ar m\u0117gstamoms knygoms, bet ir reik\u0161mingu dekoratyviniu elementu J\u016bs\u0173 svetain\u0117je. D\u0117l kompakti\u0161k\u0173 matmen\u0173 (plotis: 110 cm, auk\u0161tis: 50 cm, gylis: 60 cm) jis puikiai tinka tiek ma\u017eesn\u0117se, tiek didesn\u0117se erdv\u0117se. Surinkimo procesas yra maksimaliai supaprastintas, tod\u0117l j\u012f gali greitai ir lengvai surinkti vienas asmuo, nereikalaudamas profesionali\u0173 \u012franki\u0173. Patikimumas ir esteti\u0161ka i\u0161vaizda, i\u0161laikyta vienodoje spalv\u0173 gamoje, garantuoja nesenstant\u012f charakter\u012f ir lengv\u0105 der\u0117jim\u0105 prie likusios \u012frangos.<\/p>","protected":false},"excerpt":{"rendered":"<p>Plotis (cm): 110<br \/>\n\u016agis (cm): 50<br \/>\nGylis (cm): 60<\/p>","protected":false},"featured_media":155052,"comment_status":"open","ping_status":"open","template":"","meta":[],"product_brand":[],"product_cat":[9404,866,4105],"product_tag":[],"class_list":{"0":"post-155051","1":"product","2":"type-product","3":"status-publish","4":"has-post-thumbnail","6":"product_cat-furniture-system-evora","7":"product_cat-coffee-tables","8":"product_cat-helvetia","10":"first","11":"instock","12":"purchasable","13":"product-type-simple"},"_links":{"self":[{"href":"https:\/\/baldumarket.lt\/lt\/wp-json\/wp\/v2\/product\/155051","targetHints":{"allow":["GET"]}}],"collection":[{"href":"https:\/\/baldumarket.lt\/lt\/wp-json\/wp\/v2\/product"}],"about":[{"href":"https:\/\/baldumarket.lt\/lt\/wp-json\/wp\/v2\/types\/product"}],"replies":[{"embeddable":true,"href":"https:\/\/baldumarket.lt\/lt\/wp-json\/wp\/v2\/comments?post=155051"}],"wp:featuredmedia":[{"embeddable":true,"href":"https:\/\/baldumarket.lt\/lt\/wp-json\/wp\/v2\/media\/155052"}],"wp:attachment":[{"href":"https:\/\/baldumarket.lt\/lt\/wp-json\/wp\/v2\/media?parent=155051"}],"wp:term":[{"taxonomy":"product_brand","embeddable":true,"href":"https:\/\/baldumarket.lt\/lt\/wp-json\/wp\/v2\/product_brand?post=155051"},{"taxonomy":"product_cat","embeddable":true,"href":"https:\/\/baldumarket.lt\/lt\/wp-json\/wp\/v2\/product_cat?post=155051"},{"taxonomy":"product_tag","embeddable":true,"href":"https:\/\/baldumarket.lt\/lt\/wp-json\/wp\/v2\/product_tag?post=155051"}],"curies":[{"name":"wp","href":"https:\/\/api.w.org\/{rel}","templated":true}]}}