{"id":155043,"date":"2025-12-18T17:46:08","date_gmt":"2025-12-18T14:46:08","guid":{"rendered":"https:\/\/baldumarket.lt\/product\/evora-wm-stol-rozsuwany-160-240-cm-zielony-dab-lefkas\/"},"modified":"2026-02-05T09:53:37","modified_gmt":"2026-02-05T06:53:37","slug":"evora-wm-stol-rozsuwany-160-240-cm-zielony-dab-lefkas","status":"publish","type":"product","link":"https:\/\/baldumarket.lt\/lt\/product\/evora-wm-stol-rozsuwany-160-240-cm-zielony-dab-lefkas\/","title":{"rendered":"\u201eEvora WM\u201c i\u0161skleid\u017eiamas stalas, 160\u2013240 cm, \u017ealias \/ Lefkas \u0105\u017euolas"},"content":{"rendered":"<p>Atraskite neprilygstam\u0105 eleganti\u0161k\u0105 \u201eEvora WM\u201c i\u0161traukiamo stalo, kur\u012f i\u0161skirtinai pagamino \u201eHelvetia\u201c, dizain\u0105 ir funkcionalum\u0105. \u0160is unikalus baldas leid\u017eia lanks\u010diai pritaikyti valgomojo erdv\u0119 pagal j\u016bs\u0173 poreikius. Jis skland\u017eiai dera tiek su moderniu, tiek su klasikiniu interjeru, u\u017etikrindamas ilgamet\u012f malonum\u0105. Stalo spalv\u0173 gama yra unikali \u2013 intensyvios \u017ealios spalvos ir \u0161ilt\u0173 Lefkas \u0105\u017euolo atspalvi\u0173 derinys suteikia interjerui charakterio ir modernumo, kartu sukurdamas ne\u012ftik\u0117tinai \u0161ilt\u0105 atmosfer\u0105. Tvirta laminuota bald\u0173 plok\u0161t\u0117 garantuoja patvarum\u0105 ir atsparum\u0105 kasdieniam naudojimui, taip pat lengv\u0105 prie\u017ei\u016br\u0105. \u201eEvora WM\u201c stalas yra 160 cm plo\u010dio, ta\u010diau d\u0117l prakti\u0161ko i\u0161pl\u0117timo mechanizmo jo ilg\u012f galite lengvai prailginti iki 240 cm, tod\u0117l gal\u0117site patogiai pietauti didesn\u0117se grup\u0117se. Sta\u010diakamp\u0117 stalvir\u0161io forma yra klasika, kuri niekada nei\u0161eina i\u0161 mados ir suteikia puik\u0173 fon\u0105 bet kokio tipo stalo \u012frenginiams.<\/p>","protected":false},"excerpt":{"rendered":"<p>Plotis (cm): 160<br \/>\n\u016agis (cm): 79<br \/>\nGylis (cm): 90<\/p>","protected":false},"featured_media":155044,"comment_status":"open","ping_status":"open","template":"","meta":[],"product_brand":[],"product_cat":[9404,4105,1934],"product_tag":[],"class_list":{"0":"post-155043","1":"product","2":"type-product","3":"status-publish","4":"has-post-thumbnail","6":"product_cat-furniture-system-evora","7":"product_cat-helvetia","8":"product_cat-tables","10":"first","11":"instock","12":"purchasable","13":"product-type-simple"},"_links":{"self":[{"href":"https:\/\/baldumarket.lt\/lt\/wp-json\/wp\/v2\/product\/155043","targetHints":{"allow":["GET"]}}],"collection":[{"href":"https:\/\/baldumarket.lt\/lt\/wp-json\/wp\/v2\/product"}],"about":[{"href":"https:\/\/baldumarket.lt\/lt\/wp-json\/wp\/v2\/types\/product"}],"replies":[{"embeddable":true,"href":"https:\/\/baldumarket.lt\/lt\/wp-json\/wp\/v2\/comments?post=155043"}],"wp:featuredmedia":[{"embeddable":true,"href":"https:\/\/baldumarket.lt\/lt\/wp-json\/wp\/v2\/media\/155044"}],"wp:attachment":[{"href":"https:\/\/baldumarket.lt\/lt\/wp-json\/wp\/v2\/media?parent=155043"}],"wp:term":[{"taxonomy":"product_brand","embeddable":true,"href":"https:\/\/baldumarket.lt\/lt\/wp-json\/wp\/v2\/product_brand?post=155043"},{"taxonomy":"product_cat","embeddable":true,"href":"https:\/\/baldumarket.lt\/lt\/wp-json\/wp\/v2\/product_cat?post=155043"},{"taxonomy":"product_tag","embeddable":true,"href":"https:\/\/baldumarket.lt\/lt\/wp-json\/wp\/v2\/product_tag?post=155043"}],"curies":[{"name":"wp","href":"https:\/\/api.w.org\/{rel}","templated":true}]}}