{"id":155037,"date":"2025-12-18T17:45:56","date_gmt":"2025-12-18T14:45:56","guid":{"rendered":"https:\/\/baldumarket.lt\/product\/evora-wm-polka-wiszaca-177-cm-zielony-dab-lefkas\/"},"modified":"2026-02-05T09:53:37","modified_gmt":"2026-02-05T06:53:37","slug":"evora-wm-polka-wiszaca-177-cm-zielony-dab-lefkas","status":"publish","type":"product","link":"https:\/\/baldumarket.lt\/lt\/product\/evora-wm-polka-wiszaca-177-cm-zielony-dab-lefkas\/","title":{"rendered":"Evora WM pakabinama lentyna, 177 cm, \u017ealia \/ Lefkas \u0105\u017euolas"},"content":{"rendered":"<p>\u201eEvora WM\u201c sienin\u0117 lentyna, 177 cm, \u017ealia \/ Lefkas \u0105\u017euolo spalvos, yra eleganti\u0161ka ir funkcionali sienin\u0117 lentyna, kurioje derinamas modernus dizainas ir prakti\u0161kumas. Stilinga, ta\u010diau nat\u016brali i\u0161vaizda puikiai dera prie \u012fvairi\u0173 interjero dizain\u0173. \u0160i lentyna, priskiriama bald\u0173 \/ lentyn\u0173 kategorijai, priklauso \u017einomam \u201eHelvetia\u201c prek\u0117s \u017eenklui, gars\u0117jan\u010diam auk\u0161tos kokyb\u0117s meistri\u0161kumu ir d\u0117mesiu detal\u0117ms. \u201eEvora WM\u201c lentynos plotis yra 177 cm, auk\u0161tis 32 cm, o gylis \u2013 25 cm, tod\u0117l joje lengvai tilps \u012fvair\u016bs daiktai \u2013 nuo knyg\u0173 iki dekoratyvini\u0173 element\u0173. Ry\u0161kus spalv\u0173 kontrastas \u2013 \u017ealia kartu su nat\u016braliu Lefkas \u0105\u017euolo atspalviu \u2013 suteikia bet kokiam interjerui gaivumo, ta\u010diau \u0161ilto \u017eavesio. Pagaminta i\u0161 auk\u0161tos kokyb\u0117s laminuotos bald\u0173 plok\u0161t\u0117s, \u0161i lentyna yra atspari dilimui, u\u017etikrinant tiek r\u0117mo, tiek priekin\u0117s dalies ilgaam\u017ei\u0161kum\u0105 ir patvarum\u0105.<\/p>","protected":false},"excerpt":{"rendered":"<p>Plotis (cm): 177<br \/>\n\u016agis (cm): 32<br \/>\nGylis (cm): 25<\/p>","protected":false},"featured_media":155038,"comment_status":"open","ping_status":"open","template":"","meta":[],"product_brand":[],"product_cat":[9404,1174,4105],"product_tag":[],"class_list":{"0":"post-155037","1":"product","2":"type-product","3":"status-publish","4":"has-post-thumbnail","6":"product_cat-furniture-system-evora","7":"product_cat-hanging-shelves","8":"product_cat-helvetia","10":"first","11":"instock","12":"purchasable","13":"product-type-simple"},"_links":{"self":[{"href":"https:\/\/baldumarket.lt\/lt\/wp-json\/wp\/v2\/product\/155037","targetHints":{"allow":["GET"]}}],"collection":[{"href":"https:\/\/baldumarket.lt\/lt\/wp-json\/wp\/v2\/product"}],"about":[{"href":"https:\/\/baldumarket.lt\/lt\/wp-json\/wp\/v2\/types\/product"}],"replies":[{"embeddable":true,"href":"https:\/\/baldumarket.lt\/lt\/wp-json\/wp\/v2\/comments?post=155037"}],"wp:featuredmedia":[{"embeddable":true,"href":"https:\/\/baldumarket.lt\/lt\/wp-json\/wp\/v2\/media\/155038"}],"wp:attachment":[{"href":"https:\/\/baldumarket.lt\/lt\/wp-json\/wp\/v2\/media?parent=155037"}],"wp:term":[{"taxonomy":"product_brand","embeddable":true,"href":"https:\/\/baldumarket.lt\/lt\/wp-json\/wp\/v2\/product_brand?post=155037"},{"taxonomy":"product_cat","embeddable":true,"href":"https:\/\/baldumarket.lt\/lt\/wp-json\/wp\/v2\/product_cat?post=155037"},{"taxonomy":"product_tag","embeddable":true,"href":"https:\/\/baldumarket.lt\/lt\/wp-json\/wp\/v2\/product_tag?post=155037"}],"curies":[{"name":"wp","href":"https:\/\/api.w.org\/{rel}","templated":true}]}}