{"id":155030,"date":"2025-12-18T17:45:41","date_gmt":"2025-12-18T14:45:41","guid":{"rendered":"https:\/\/baldumarket.lt\/product\/evora-wm-komoda-wysoka-2d2s-zielony-dab-lefkas\/"},"modified":"2026-04-12T09:29:15","modified_gmt":"2026-04-12T06:29:15","slug":"evora-wm-komoda-wysoka-2d2s-zielony-dab-lefkas","status":"publish","type":"product","link":"https:\/\/baldumarket.lt\/lt\/product\/evora-wm-komoda-wysoka-2d2s-zielony-dab-lefkas\/","title":{"rendered":"Evora WM auk\u0161ta komoda su stal\u010diais, 2 stal\u010diais, \u017ealia \/ Lefkas \u0105\u017euolas"},"content":{"rendered":"<p>Atraskite vieno naujausi\u0173 m\u016bs\u0173 kolekcijos papildym\u0173 \u2013 auk\u0161tos komodos \u201eEvora WM\u201c, pasi\u017eymin\u010dios sodria \u017ealios ir Lefkas \u0105\u017euolo palete, gro\u017e\u012f ir funkcionalum\u0105. \u0160i unikali komoda, pagaminta garsaus prek\u0117s \u017eenklo \u201eHelvetia\u201c, bet kuriam kambariui suteiks elegancijos ir charakterio. Spalvos: derindama ry\u0161ki\u0105 \u017eali\u0105 spalv\u0105 su \u0161iltais Lefkas \u0105\u017euolo atspalviais, komoda \u012fne\u0161 \u012f j\u016bs\u0173 erdv\u0119 harmoning\u0105 atmosfer\u0105 ir ramyb\u0119, tapdama i\u0161skirtiniu dizaino elementu. Med\u017eiaga: komodos priekis pagamintas i\u0161 patvarios MDF plok\u0161t\u0117s, padengtos pl\u0117vele, kuri u\u017etikrina atsparum\u0105 \u012fbr\u0117\u017eimams ir lengv\u0105 valym\u0105. Korpusas pagamintas i\u0161 auk\u0161tos kokyb\u0117s laminuotos bald\u0173 plok\u0161t\u0117s, u\u017etikrinan\u010dios ilgalaik\u012f naudojim\u0105.<\/p>","protected":false},"excerpt":{"rendered":"<p>Plotis (cm): 126<br \/>\n\u016agis (cm): 138<br \/>\nGylis (cm): 42<\/p>","protected":false},"featured_media":155031,"comment_status":"open","ping_status":"open","template":"","meta":[],"product_brand":[],"product_cat":[9404,1173,4105,2006],"product_tag":[],"class_list":{"0":"post-155030","1":"product","2":"type-product","3":"status-publish","4":"has-post-thumbnail","6":"product_cat-furniture-system-evora","7":"product_cat-chests-of-drawers","8":"product_cat-helvetia","9":"product_cat-vitrines","11":"first","12":"instock","13":"purchasable","14":"product-type-simple"},"_links":{"self":[{"href":"https:\/\/baldumarket.lt\/lt\/wp-json\/wp\/v2\/product\/155030","targetHints":{"allow":["GET"]}}],"collection":[{"href":"https:\/\/baldumarket.lt\/lt\/wp-json\/wp\/v2\/product"}],"about":[{"href":"https:\/\/baldumarket.lt\/lt\/wp-json\/wp\/v2\/types\/product"}],"replies":[{"embeddable":true,"href":"https:\/\/baldumarket.lt\/lt\/wp-json\/wp\/v2\/comments?post=155030"}],"wp:featuredmedia":[{"embeddable":true,"href":"https:\/\/baldumarket.lt\/lt\/wp-json\/wp\/v2\/media\/155031"}],"wp:attachment":[{"href":"https:\/\/baldumarket.lt\/lt\/wp-json\/wp\/v2\/media?parent=155030"}],"wp:term":[{"taxonomy":"product_brand","embeddable":true,"href":"https:\/\/baldumarket.lt\/lt\/wp-json\/wp\/v2\/product_brand?post=155030"},{"taxonomy":"product_cat","embeddable":true,"href":"https:\/\/baldumarket.lt\/lt\/wp-json\/wp\/v2\/product_cat?post=155030"},{"taxonomy":"product_tag","embeddable":true,"href":"https:\/\/baldumarket.lt\/lt\/wp-json\/wp\/v2\/product_tag?post=155030"}],"curies":[{"name":"wp","href":"https:\/\/api.w.org\/{rel}","templated":true}]}}