{"id":155023,"date":"2025-12-18T17:45:25","date_gmt":"2025-12-18T14:45:25","guid":{"rendered":"https:\/\/baldumarket.lt\/product\/evora-wm-komoda-rtv-1d1s-180-cm-zielony-dab-lefkas\/"},"modified":"2026-02-05T09:53:37","modified_gmt":"2026-02-05T06:53:37","slug":"evora-wm-komoda-rtv-1d1s-180-cm-zielony-dab-lefkas","status":"publish","type":"product","link":"https:\/\/baldumarket.lt\/lt\/product\/evora-wm-komoda-rtv-1d1s-180-cm-zielony-dab-lefkas\/","title":{"rendered":"Evora WM televizoriaus spintel\u0117 1D1S 180 cm \u017ealia \/ Lefkas \u0105\u017euolas"},"content":{"rendered":"<p>Atraskite i\u0161skirtin\u012f stili\u0173 ir funkcionalum\u0105 su \u201eHelvetia\u201c \u201eEvora WM 1D1S\u201c televizoriaus staliuku, kuriame elegancija dera su \u017ealiais atspalviais ir \u0161iltais Lefkos \u0105\u017euolo atspalviais. \u0160is modernus ir prakti\u0161kas baldas sukurtas taip, kad skland\u017eiai \u012fsiliet\u0173 \u012f j\u016bs\u0173 svetain\u0119 ir suteikt\u0173 daug vietos j\u016bs\u0173 multimedijos \u012frangai laikyti ir eksponuoti. Laikymas ir funkcionalumas:<br \/>\nStovas turi vien\u0105 erdv\u0173 stal\u010di\u0173 ir vienas dureles su erdviu skyriumi. Be to, yra atvira lentyna, puikiai tinkanti pried\u0117liui ar \u017eaidim\u0173 konsolei laikyti, o laidai lengvai pasiekiami. Surinkimas:<br \/>\nBaldai pristatomi savaranki\u0161kam surinkimui, su ai\u0161kiomis instrukcijomis ir visais reikalingais priedais, tod\u0117l surinkimas yra greitas ir paprastas.<\/p>","protected":false},"excerpt":{"rendered":"<p>Plotis (cm): 181<br \/>\n\u016agis (cm): 61<br \/>\nGylis (cm): 49<\/p>","protected":false},"featured_media":155024,"comment_status":"open","ping_status":"open","template":"","meta":[],"product_brand":[],"product_cat":[9404,4105,1175],"product_tag":[],"class_list":{"0":"post-155023","1":"product","2":"type-product","3":"status-publish","4":"has-post-thumbnail","6":"product_cat-furniture-system-evora","7":"product_cat-helvetia","8":"product_cat-tv-stands","10":"first","11":"instock","12":"purchasable","13":"product-type-simple"},"_links":{"self":[{"href":"https:\/\/baldumarket.lt\/lt\/wp-json\/wp\/v2\/product\/155023","targetHints":{"allow":["GET"]}}],"collection":[{"href":"https:\/\/baldumarket.lt\/lt\/wp-json\/wp\/v2\/product"}],"about":[{"href":"https:\/\/baldumarket.lt\/lt\/wp-json\/wp\/v2\/types\/product"}],"replies":[{"embeddable":true,"href":"https:\/\/baldumarket.lt\/lt\/wp-json\/wp\/v2\/comments?post=155023"}],"wp:featuredmedia":[{"embeddable":true,"href":"https:\/\/baldumarket.lt\/lt\/wp-json\/wp\/v2\/media\/155024"}],"wp:attachment":[{"href":"https:\/\/baldumarket.lt\/lt\/wp-json\/wp\/v2\/media?parent=155023"}],"wp:term":[{"taxonomy":"product_brand","embeddable":true,"href":"https:\/\/baldumarket.lt\/lt\/wp-json\/wp\/v2\/product_brand?post=155023"},{"taxonomy":"product_cat","embeddable":true,"href":"https:\/\/baldumarket.lt\/lt\/wp-json\/wp\/v2\/product_cat?post=155023"},{"taxonomy":"product_tag","embeddable":true,"href":"https:\/\/baldumarket.lt\/lt\/wp-json\/wp\/v2\/product_tag?post=155023"}],"curies":[{"name":"wp","href":"https:\/\/api.w.org\/{rel}","templated":true}]}}