{"id":155016,"date":"2025-12-18T17:45:11","date_gmt":"2025-12-18T14:45:11","guid":{"rendered":"https:\/\/baldumarket.lt\/product\/evora-wm-komoda-3d1s-zielony-dab-lefkas\/"},"modified":"2026-02-05T09:53:45","modified_gmt":"2026-02-05T06:53:45","slug":"evora-wm-komoda-3d1s-zielony-dab-lefkas","status":"publish","type":"product","link":"https:\/\/baldumarket.lt\/lt\/product\/evora-wm-komoda-3d1s-zielony-dab-lefkas\/","title":{"rendered":"Evora WM komoda, 3D1S, \u017ealia \/ Lefkas \u0105\u017euolas"},"content":{"rendered":"<p>Atraskite \u2019Evora WM\u201c komod\u0105, pasi\u017eymin\u010di\u0105 unikaliu \u017ealios ir Lefkas \u0105\u017euolo spalv\u0173 deriniu, kuri\u0105 suk\u016br\u0117 \u201eHelvetia\u201c \u2013 prek\u0117s \u017eenklas, \u017einomas d\u0117l i\u0161skirtinio dizaino ir tvirtos kokyb\u0117s bald\u0173 gamybos. Puikiai tinkantis moderniam interjerui, jis tiks tiek prakti\u0161kai, tiek dekoratyviai. Sukurta tiems, kurie vertina stili\u0173 ir funkcionalum\u0105, komoda turi tris erdvias dureles ir vien\u0105 erdv\u0173 stal\u010di\u0173, leid\u017eiant\u012f tvarkingai ir esteti\u0161kai laikyti \u012fvairius daiktus. Klasikiniai, matiniai MDF fasadai padengti \u017ealia pl\u0117vele, kuri gra\u017eiai kontrastuoja su nat\u016bralaus Lefkas \u0105\u017euolo imitacijos korpusu. Bald\u0173 i\u0161skirtin\u0117s savyb\u0117s apima ne tik patraukli\u0105 i\u0161vaizd\u0105, bet ir prakti\u0161kum\u0105, kur\u012f i\u0161rei\u0161kia patvari laminuota bald\u0173 plok\u0161t\u0117, u\u017etikrinanti atsparum\u0105 kasdieniam naudojimui ir lengv\u0105 valym\u0105. Komodos matmenys \u2013 plotis: 160 cm, auk\u0161tis: 93 cm, gylis: 42 cm \u2013 leid\u017eia lengvai integruoti j\u0105 \u012f daugum\u0105 interjer\u0173.<\/p>","protected":false},"excerpt":{"rendered":"<p>Plotis (cm): 160<br \/>\n\u016agis (cm): 93<br \/>\nGylis (cm): 42<\/p>","protected":false},"featured_media":155017,"comment_status":"open","ping_status":"open","template":"","meta":[],"product_brand":[],"product_cat":[9404,1173,4105],"product_tag":[],"class_list":{"0":"post-155016","1":"product","2":"type-product","3":"status-publish","4":"has-post-thumbnail","6":"product_cat-furniture-system-evora","7":"product_cat-chests-of-drawers","8":"product_cat-helvetia","10":"first","11":"instock","12":"purchasable","13":"product-type-simple"},"_links":{"self":[{"href":"https:\/\/baldumarket.lt\/lt\/wp-json\/wp\/v2\/product\/155016","targetHints":{"allow":["GET"]}}],"collection":[{"href":"https:\/\/baldumarket.lt\/lt\/wp-json\/wp\/v2\/product"}],"about":[{"href":"https:\/\/baldumarket.lt\/lt\/wp-json\/wp\/v2\/types\/product"}],"replies":[{"embeddable":true,"href":"https:\/\/baldumarket.lt\/lt\/wp-json\/wp\/v2\/comments?post=155016"}],"wp:featuredmedia":[{"embeddable":true,"href":"https:\/\/baldumarket.lt\/lt\/wp-json\/wp\/v2\/media\/155017"}],"wp:attachment":[{"href":"https:\/\/baldumarket.lt\/lt\/wp-json\/wp\/v2\/media?parent=155016"}],"wp:term":[{"taxonomy":"product_brand","embeddable":true,"href":"https:\/\/baldumarket.lt\/lt\/wp-json\/wp\/v2\/product_brand?post=155016"},{"taxonomy":"product_cat","embeddable":true,"href":"https:\/\/baldumarket.lt\/lt\/wp-json\/wp\/v2\/product_cat?post=155016"},{"taxonomy":"product_tag","embeddable":true,"href":"https:\/\/baldumarket.lt\/lt\/wp-json\/wp\/v2\/product_tag?post=155016"}],"curies":[{"name":"wp","href":"https:\/\/api.w.org\/{rel}","templated":true}]}}