{"id":155009,"date":"2025-12-18T17:44:56","date_gmt":"2025-12-18T14:44:56","guid":{"rendered":"https:\/\/baldumarket.lt\/product\/evora-wm-komoda-2d4s-zielony-dab-lefkas\/"},"modified":"2026-02-05T09:53:45","modified_gmt":"2026-02-05T06:53:45","slug":"evora-wm-komoda-2d4s-zielony-dab-lefkas","status":"publish","type":"product","link":"https:\/\/baldumarket.lt\/lt\/product\/evora-wm-komoda-2d4s-zielony-dab-lefkas\/","title":{"rendered":"Evora WM komoda, 2 stal\u010diai, \u017ealia \/ Lefkas \u0105\u017euolas"},"content":{"rendered":"<p>Pristatome garsaus prek\u0117s \u017eenklo \u201eHelvetia\u201c sukurt\u0105 gaiviai \u017ealios spalvos ir \u0161ilto Lefkas \u0105\u017euolo atspalvio \u201eEvora WM 2D4S\u201c komod\u0105. \u0160is baldas si\u016blo prakti\u0161kus daikt\u0173 laikymo sprendimus ir suteikia bet kokiam interjerui unikal\u0173, modern\u0173 stili\u0173. 181 cm plo\u010dio, 93 cm auk\u0161\u010dio ir 42 cm gylio komoda pasi\u017eymi erdviu pavir\u0161iumi ir universaliomis daikt\u0173 laikymo konfig\u016bracijomis. Pagaminta i\u0161 auk\u0161tos kokyb\u0117s MDF su folija dengta priekine dalimi ir laminuota korpuso plok\u0161te, ji garantuoja patvarum\u0105 ir lengv\u0105 valym\u0105. Subtilus \u017ealios ir Lefkas \u0105\u017euolo spalv\u0173 derinys suteiks \u0161ilumos ir elegancijos bet kuriam kambariui. Ypating\u0105 d\u0117mes\u012f reik\u0117t\u0173 atkreipti \u012f baldo funkcionalum\u0105: dvejos durel\u0117s ir keturi stal\u010diai leid\u017eia palaikyti tvark\u0105 ir lengvai pasiekti laikomus daiktus, o dvi lentynos u\u017e dureli\u0173 suteikia papildomos vietos daiktams laikyti. Komoda pristatoma kaip savaranki\u0161kai surenkama pakuot\u0117, tod\u0117l j\u0105 lengva pritaikyti prie j\u016bs\u0173 nam\u0173.<\/p>","protected":false},"excerpt":{"rendered":"<p>Plotis (cm): 181<br \/>\n\u016agis (cm): 93<br \/>\nGylis (cm): 42<\/p>","protected":false},"featured_media":155010,"comment_status":"open","ping_status":"open","template":"","meta":[],"product_brand":[],"product_cat":[9404,1173,4105],"product_tag":[],"class_list":{"0":"post-155009","1":"product","2":"type-product","3":"status-publish","4":"has-post-thumbnail","6":"product_cat-furniture-system-evora","7":"product_cat-chests-of-drawers","8":"product_cat-helvetia","10":"first","11":"instock","12":"purchasable","13":"product-type-simple"},"_links":{"self":[{"href":"https:\/\/baldumarket.lt\/lt\/wp-json\/wp\/v2\/product\/155009","targetHints":{"allow":["GET"]}}],"collection":[{"href":"https:\/\/baldumarket.lt\/lt\/wp-json\/wp\/v2\/product"}],"about":[{"href":"https:\/\/baldumarket.lt\/lt\/wp-json\/wp\/v2\/types\/product"}],"replies":[{"embeddable":true,"href":"https:\/\/baldumarket.lt\/lt\/wp-json\/wp\/v2\/comments?post=155009"}],"wp:featuredmedia":[{"embeddable":true,"href":"https:\/\/baldumarket.lt\/lt\/wp-json\/wp\/v2\/media\/155010"}],"wp:attachment":[{"href":"https:\/\/baldumarket.lt\/lt\/wp-json\/wp\/v2\/media?parent=155009"}],"wp:term":[{"taxonomy":"product_brand","embeddable":true,"href":"https:\/\/baldumarket.lt\/lt\/wp-json\/wp\/v2\/product_brand?post=155009"},{"taxonomy":"product_cat","embeddable":true,"href":"https:\/\/baldumarket.lt\/lt\/wp-json\/wp\/v2\/product_cat?post=155009"},{"taxonomy":"product_tag","embeddable":true,"href":"https:\/\/baldumarket.lt\/lt\/wp-json\/wp\/v2\/product_tag?post=155009"}],"curies":[{"name":"wp","href":"https:\/\/api.w.org\/{rel}","templated":true}]}}