{"id":155001,"date":"2025-12-18T17:44:39","date_gmt":"2025-12-18T14:44:39","guid":{"rendered":"https:\/\/baldumarket.lt\/product\/evora-wm-witryna-2-drzwiowa-bez-jasny-dab-dunin\/"},"modified":"2026-02-05T09:53:45","modified_gmt":"2026-02-05T06:53:45","slug":"evora-wm-witryna-2-drzwiowa-bez-jasny-dab-dunin","status":"publish","type":"product","link":"https:\/\/baldumarket.lt\/lt\/product\/evora-wm-witryna-2-drzwiowa-bez-jasny-dab-dunin\/","title":{"rendered":"Evora WM &#8211; 2 dur\u0173 vitrina, \u0161viesiai sm\u0117lio spalvos \u0105\u017euolas, Dunin"},"content":{"rendered":"<p>\u201eEvora WM\u201c vitrina \u2013 tai tobulas elegancijos ir funkcionalumo derinys, puikiai papildantis modern\u0173 interjer\u0105. Subtilus, \u0161viesiai sm\u0117lio spalvos atspalvis kartu su subtiliomis \u201eDunin\u201c \u0105\u017euolo detal\u0117mis paver\u010dia j\u012f puikiu svetain\u0117s, valgomojo ar biuro papildymu. Nepriklausomai nuo j\u016bs\u0173 interjero stiliaus, \u201eEvora\u201c vitrina sukurs lengv\u0105 ir jauki\u0105 atmosfer\u0105. Patrauklus ne tik estetinis patrauklumas, bet ir prakti\u0161kumas. Vitrinoje yra erdvios lentynos, kuriose tilps j\u016bs\u0173 m\u0117gstamiausios knygos, dekoratyvini\u0173 puodeli\u0173 kolekcija ar \u0161eimos nuotraukos. D\u0117l \u0161velnaus u\u017edarymo sistemos galite b\u016bti tikri, kad kiekvienas spintel\u0117s atidarymas ir u\u017edarymas vyks skland\u017eiai ir tyliai, o tai neabejotinai padidins malon\u0173 laik\u0105, praleist\u0105 su ja. D\u0117l tvirtos konstrukcijos, pagamintos i\u0161 auk\u0161tos kokyb\u0117s med\u017eiag\u0173, \u012fskaitant laminuot\u0105 plok\u0161t\u0119 ir MDF, \u201eEvora WM\u201c vitrina yra ne tik patraukli, bet ir itin patvari. Minimalistin\u0117s matin\u0117s juodos rankenos suteikia jai modernumo ir klasikos \u012fsp\u016bd\u012f. Naudotos med\u017eiagos lengvai valomos, tod\u0117l baldas tinka kasdieniam naudojimui.<\/p>","protected":false},"excerpt":{"rendered":"<p>Plotis (cm): 126<br \/>\n\u016agis (cm): 200<br \/>\nGylis (cm): 42<\/p>","protected":false},"featured_media":155002,"comment_status":"open","ping_status":"open","template":"","meta":[],"product_brand":[],"product_cat":[9404,4105,2006],"product_tag":[],"class_list":{"0":"post-155001","1":"product","2":"type-product","3":"status-publish","4":"has-post-thumbnail","6":"product_cat-furniture-system-evora","7":"product_cat-helvetia","8":"product_cat-vitrines","10":"first","11":"instock","12":"purchasable","13":"product-type-simple"},"_links":{"self":[{"href":"https:\/\/baldumarket.lt\/lt\/wp-json\/wp\/v2\/product\/155001","targetHints":{"allow":["GET"]}}],"collection":[{"href":"https:\/\/baldumarket.lt\/lt\/wp-json\/wp\/v2\/product"}],"about":[{"href":"https:\/\/baldumarket.lt\/lt\/wp-json\/wp\/v2\/types\/product"}],"replies":[{"embeddable":true,"href":"https:\/\/baldumarket.lt\/lt\/wp-json\/wp\/v2\/comments?post=155001"}],"wp:featuredmedia":[{"embeddable":true,"href":"https:\/\/baldumarket.lt\/lt\/wp-json\/wp\/v2\/media\/155002"}],"wp:attachment":[{"href":"https:\/\/baldumarket.lt\/lt\/wp-json\/wp\/v2\/media?parent=155001"}],"wp:term":[{"taxonomy":"product_brand","embeddable":true,"href":"https:\/\/baldumarket.lt\/lt\/wp-json\/wp\/v2\/product_brand?post=155001"},{"taxonomy":"product_cat","embeddable":true,"href":"https:\/\/baldumarket.lt\/lt\/wp-json\/wp\/v2\/product_cat?post=155001"},{"taxonomy":"product_tag","embeddable":true,"href":"https:\/\/baldumarket.lt\/lt\/wp-json\/wp\/v2\/product_tag?post=155001"}],"curies":[{"name":"wp","href":"https:\/\/api.w.org\/{rel}","templated":true}]}}