{"id":154993,"date":"2025-12-18T17:44:21","date_gmt":"2025-12-18T14:44:21","guid":{"rendered":"https:\/\/baldumarket.lt\/product\/evora-wm-witryna-1-drzwiowa-prawa-bez-jasny-dab-dunin\/"},"modified":"2026-02-05T09:53:45","modified_gmt":"2026-02-05T06:53:45","slug":"evora-wm-witryna-1-drzwiowa-prawa-bez-jasny-dab-dunin","status":"publish","type":"product","link":"https:\/\/baldumarket.lt\/lt\/product\/evora-wm-witryna-1-drzwiowa-prawa-bez-jasny-dab-dunin\/","title":{"rendered":"Evora WM \u2013 1 dur\u0173 vitrina, de\u0161inin\u0117, \u0161viesaus sm\u0117lio spalvos \u0105\u017euolas, Dunin"},"content":{"rendered":"<p>\u201eEvora WM\u201c vitrina \u2013 eleganti\u0161kas baldas, kuris bet kokiam interjerui suteiks modernumo. Subtilus sm\u0117lio spalvos atspalvis, derantis su \u0161viesiu \u201eDunin\u201c \u0105\u017euolu, suteiks erdvumo ir \u0161ilumos bet kuriam kambariui, sukurdamas jauki\u0105 atmosfer\u0105 tiek svetain\u0117je, tiek valgomajame. D\u0117l paprasto, bet eleganti\u0161ko dizaino \u0161i vitrina puikiai dera su kitais baldais, sukurdama darni\u0105 kompozicij\u0105. Prakti\u0161kumas ir funkcionalumas yra pagrindin\u0117s \u201eEvora WM\u201c savyb\u0117s. \u0160ioje vitrinoje galite lengvai eksponuoti savo m\u0117gstamiausius daiktus, tokius kaip knygos, nuotraukos ar suvenyrai, o u\u017edaros lentynos puikiai tinka stalo \u012frankiams ar kitiems aksesuarams, kuriuos norite pasl\u0117pti, laikyti. \u0160velniai u\u017esidarantys vyriai u\u017etikrina komfort\u0105 kasdien naudojant, leisdami durel\u0117ms tyliai u\u017esidaryti be jokio nemalonaus triuk\u0161mo. \u201eEvora WM\u201c vitrina sukurta tiems, kurie vertina ne tik estetik\u0105, bet ir kokybi\u0161k\u0105 meistri\u0161kum\u0105. Auk\u0161tos kokyb\u0117s med\u017eiagos, tokios kaip MDF ir laminuotas korpusas, u\u017etikrina patvarum\u0105 ir stabilum\u0105, tod\u0117l \u0161i vitrina tarnaus ilgus metus. Be to, savaranki\u0161ko surinkimo galimyb\u0117 suteikia jums laisv\u0119 ir pasitenkinim\u0105 kuriant savo svajoni\u0173 interjer\u0105.<\/p>","protected":false},"excerpt":{"rendered":"<p>Plotis (cm): 71<br \/>\n\u016agis (cm): 200<br \/>\nGylis (cm): 42<\/p>","protected":false},"featured_media":154994,"comment_status":"open","ping_status":"open","template":"","meta":[],"product_brand":[],"product_cat":[9404,4105,2006],"product_tag":[],"class_list":{"0":"post-154993","1":"product","2":"type-product","3":"status-publish","4":"has-post-thumbnail","6":"product_cat-furniture-system-evora","7":"product_cat-helvetia","8":"product_cat-vitrines","10":"first","11":"instock","12":"purchasable","13":"product-type-simple"},"_links":{"self":[{"href":"https:\/\/baldumarket.lt\/lt\/wp-json\/wp\/v2\/product\/154993","targetHints":{"allow":["GET"]}}],"collection":[{"href":"https:\/\/baldumarket.lt\/lt\/wp-json\/wp\/v2\/product"}],"about":[{"href":"https:\/\/baldumarket.lt\/lt\/wp-json\/wp\/v2\/types\/product"}],"replies":[{"embeddable":true,"href":"https:\/\/baldumarket.lt\/lt\/wp-json\/wp\/v2\/comments?post=154993"}],"wp:featuredmedia":[{"embeddable":true,"href":"https:\/\/baldumarket.lt\/lt\/wp-json\/wp\/v2\/media\/154994"}],"wp:attachment":[{"href":"https:\/\/baldumarket.lt\/lt\/wp-json\/wp\/v2\/media?parent=154993"}],"wp:term":[{"taxonomy":"product_brand","embeddable":true,"href":"https:\/\/baldumarket.lt\/lt\/wp-json\/wp\/v2\/product_brand?post=154993"},{"taxonomy":"product_cat","embeddable":true,"href":"https:\/\/baldumarket.lt\/lt\/wp-json\/wp\/v2\/product_cat?post=154993"},{"taxonomy":"product_tag","embeddable":true,"href":"https:\/\/baldumarket.lt\/lt\/wp-json\/wp\/v2\/product_tag?post=154993"}],"curies":[{"name":"wp","href":"https:\/\/api.w.org\/{rel}","templated":true}]}}