{"id":154985,"date":"2025-12-18T17:44:05","date_gmt":"2025-12-18T14:44:05","guid":{"rendered":"https:\/\/baldumarket.lt\/product\/evora-wm-witryna-1-drzwiowa-lewa-bez-jasny-dab-dunin\/"},"modified":"2026-02-05T09:53:45","modified_gmt":"2026-02-05T06:53:45","slug":"evora-wm-witryna-1-drzwiowa-lewa-bez-jasny-dab-dunin","status":"publish","type":"product","link":"https:\/\/baldumarket.lt\/lt\/product\/evora-wm-witryna-1-drzwiowa-lewa-bez-jasny-dab-dunin\/","title":{"rendered":"Evora WM \u2013 1 dur\u0173 vitrina, kair\u0117, \u0161viesaus sm\u0117lio spalvos \u0105\u017euolas, Dunin"},"content":{"rendered":"<p>\u012ene\u0161kite elegancijos ir stiliaus \u012f savo interjer\u0105 su garsaus \u201eHelvetia\u201c prek\u0117s \u017eenklo \u201eEvora WM\u201c vitrina. Sukurta tiems, kurie nori derinti modern\u0173 dizain\u0105 su funkcionalumu, \u0161i kair\u0117s pus\u0117s \u0161viesiai sm\u0117lio spalvos \u0105\u017euolo atspalvio vitrina puikiai dera prie bet kokio interjero. Minimalistin\u0117 i\u0161vaizda ir subtilios detal\u0117s pavers j\u0105 unikaliu akcentu j\u016bs\u0173 svetain\u0117je ar valgomajame. \u201eEvora WM\u201c yra ne tik baldas \u2013 tai j\u016bs\u0173 gyvenimo b\u016bdo i\u0161rai\u0161ka. Ji \u017eavi puikiai subalansuotomis proporcijomis ir kruop\u0161\u010diu meistri\u0161kumu, garantuojan\u010diu ilgaam\u017ei\u0161kum\u0105. 200 cm auk\u0161tis leid\u017eia lengvai sutalpinti m\u0117gstamas knygas, dekoracijas ir pasaulinio lygio porcelian\u0105. Tyl\u016bs vyriai leid\u017eia naudotis vitrina dar patogiau ir maloniau. \u0160viesiai sm\u0117lio spalvos korpusas ir priekin\u0117 dalis leid\u017eia \u201eEvora WM\u201c vitrinai dera prie \u012fvairi\u0173 spalv\u0173 paleti\u0173, suteikdami j\u016bs\u0173 interjerui lengvumo ir gaivumo. 42 cm gylis daro bald\u0105 prakti\u0161k\u0105, tuo pa\u010diu u\u017eimdamas minimaliai vietos, o tai ypa\u010d svarbu ma\u017eesn\u0117se erdv\u0117se. Matin\u0117s juodos metalin\u0117s ranken\u0117l\u0117s yra \u012fdomus akcentas, pabr\u0117\u017eiantis modern\u0173 baldo charakter\u012f.<\/p>","protected":false},"excerpt":{"rendered":"<p>Plotis (cm): 71<br \/>\n\u016agis (cm): 200<br \/>\nGylis (cm): 42<\/p>","protected":false},"featured_media":154986,"comment_status":"open","ping_status":"open","template":"","meta":[],"product_brand":[],"product_cat":[9404,4105,2006],"product_tag":[],"class_list":{"0":"post-154985","1":"product","2":"type-product","3":"status-publish","4":"has-post-thumbnail","6":"product_cat-furniture-system-evora","7":"product_cat-helvetia","8":"product_cat-vitrines","10":"first","11":"instock","12":"purchasable","13":"product-type-simple"},"_links":{"self":[{"href":"https:\/\/baldumarket.lt\/lt\/wp-json\/wp\/v2\/product\/154985","targetHints":{"allow":["GET"]}}],"collection":[{"href":"https:\/\/baldumarket.lt\/lt\/wp-json\/wp\/v2\/product"}],"about":[{"href":"https:\/\/baldumarket.lt\/lt\/wp-json\/wp\/v2\/types\/product"}],"replies":[{"embeddable":true,"href":"https:\/\/baldumarket.lt\/lt\/wp-json\/wp\/v2\/comments?post=154985"}],"wp:featuredmedia":[{"embeddable":true,"href":"https:\/\/baldumarket.lt\/lt\/wp-json\/wp\/v2\/media\/154986"}],"wp:attachment":[{"href":"https:\/\/baldumarket.lt\/lt\/wp-json\/wp\/v2\/media?parent=154985"}],"wp:term":[{"taxonomy":"product_brand","embeddable":true,"href":"https:\/\/baldumarket.lt\/lt\/wp-json\/wp\/v2\/product_brand?post=154985"},{"taxonomy":"product_cat","embeddable":true,"href":"https:\/\/baldumarket.lt\/lt\/wp-json\/wp\/v2\/product_cat?post=154985"},{"taxonomy":"product_tag","embeddable":true,"href":"https:\/\/baldumarket.lt\/lt\/wp-json\/wp\/v2\/product_tag?post=154985"}],"curies":[{"name":"wp","href":"https:\/\/api.w.org\/{rel}","templated":true}]}}