{"id":154979,"date":"2025-12-18T17:43:54","date_gmt":"2025-12-18T14:43:54","guid":{"rendered":"https:\/\/baldumarket.lt\/product\/evora-wm-stolik-kawowy-dab-dunin\/"},"modified":"2026-02-05T09:53:45","modified_gmt":"2026-02-05T06:53:45","slug":"evora-wm-stolik-kawowy-dab-dunin","status":"publish","type":"product","link":"https:\/\/baldumarket.lt\/lt\/product\/evora-wm-stolik-kawowy-dab-dunin\/","title":{"rendered":"Evora WM &#8211; Dunin \u0105\u017euolo kavos staliukas"},"content":{"rendered":"<p>Su m\u016bs\u0173 garsaus \u201eHelvetia\u201c prek\u0117s \u017eenklo \u201eEvora WM\u201c kavos staliuku \u201eDunin Oak\u201c spalvos suteikite savo svetainei stiliaus ir elegancijos. D\u0117l ak\u012f traukian\u010dio dizaino ir prislopint\u0173 spalv\u0173 jis puikiai tinka bet kokiam interjerui \u2013 nuo modernaus iki klasikinio. Su \u0161iuo baldu kiekvienas susib\u016brimas su \u0161eima ar draugais taps ypatinga akimirka, o j\u016bs\u0173 svetain\u0117 \u012fgis unikalaus charakterio. \u201eEvora WM\u201c kavos staliukas buvo sukurtas galvojant apie kasdien\u012f komfort\u0105. Optimal\u016bs jo matmenys \u2013 plotis 110 cm, auk\u0161tis 60 cm ir gylis 50 cm \u2013 idealiai tinka tiek didel\u0117ms, tiek ma\u017eesn\u0117ms erdv\u0117ms. Nesvarbu, ar s\u0117dite su puodeliu kavos, ar jums reikia vietos knygoms ar dekoracijoms, \u0161is staliukas atlaikys i\u0161\u0161\u016bk\u012f. Pagamintas i\u0161 auk\u0161tos kokyb\u0117s laminuotos plok\u0161t\u0117s, \u201eEvora WM\u201c staliukas yra atsparus kasdieniam d\u0117v\u0117jimuisi ir lengvai valomas. Jo medin\u0117s kojel\u0117s ne tik suteikia stabilumo, bet ir suteikia nat\u016bralumo element\u0105, kuris puikiai dera su \u0105\u017euolo pavir\u0161iumi. Tai daro \u0161\u012f bald\u0105 ne tik prakti\u0161k\u0105, bet ir draugi\u0161k\u0105 aplinkai.<\/p>","protected":false},"excerpt":{"rendered":"<p>Plotis (cm): 110<br \/>\n\u016agis (cm): 60<br \/>\nGylis (cm): 50<\/p>","protected":false},"featured_media":154980,"comment_status":"open","ping_status":"open","template":"","meta":[],"product_brand":[],"product_cat":[9404,866,4105],"product_tag":[],"class_list":{"0":"post-154979","1":"product","2":"type-product","3":"status-publish","4":"has-post-thumbnail","6":"product_cat-furniture-system-evora","7":"product_cat-coffee-tables","8":"product_cat-helvetia","10":"first","11":"instock","12":"purchasable","13":"product-type-simple"},"_links":{"self":[{"href":"https:\/\/baldumarket.lt\/lt\/wp-json\/wp\/v2\/product\/154979","targetHints":{"allow":["GET"]}}],"collection":[{"href":"https:\/\/baldumarket.lt\/lt\/wp-json\/wp\/v2\/product"}],"about":[{"href":"https:\/\/baldumarket.lt\/lt\/wp-json\/wp\/v2\/types\/product"}],"replies":[{"embeddable":true,"href":"https:\/\/baldumarket.lt\/lt\/wp-json\/wp\/v2\/comments?post=154979"}],"wp:featuredmedia":[{"embeddable":true,"href":"https:\/\/baldumarket.lt\/lt\/wp-json\/wp\/v2\/media\/154980"}],"wp:attachment":[{"href":"https:\/\/baldumarket.lt\/lt\/wp-json\/wp\/v2\/media?parent=154979"}],"wp:term":[{"taxonomy":"product_brand","embeddable":true,"href":"https:\/\/baldumarket.lt\/lt\/wp-json\/wp\/v2\/product_brand?post=154979"},{"taxonomy":"product_cat","embeddable":true,"href":"https:\/\/baldumarket.lt\/lt\/wp-json\/wp\/v2\/product_cat?post=154979"},{"taxonomy":"product_tag","embeddable":true,"href":"https:\/\/baldumarket.lt\/lt\/wp-json\/wp\/v2\/product_tag?post=154979"}],"curies":[{"name":"wp","href":"https:\/\/api.w.org\/{rel}","templated":true}]}}