{"id":154972,"date":"2025-12-18T17:43:41","date_gmt":"2025-12-18T14:43:41","guid":{"rendered":"https:\/\/baldumarket.lt\/product\/evora-wm-stol-rozkladany-dab-dunin\/"},"modified":"2026-02-05T09:53:45","modified_gmt":"2026-02-05T06:53:45","slug":"evora-wm-stol-rozkladany-dab-dunin","status":"publish","type":"product","link":"https:\/\/baldumarket.lt\/lt\/product\/evora-wm-stol-rozkladany-dab-dunin\/","title":{"rendered":"Evora WM \u2013 I\u0161traukiamas stalas, \u0105\u017euolas, Dunin"},"content":{"rendered":"<p>\u201eEvora WM\u201c i\u0161skleid\u017eiamas stalas yra ne tik baldas; tai kiekvien\u0173 nam\u0173 \u0161irdis. Sukurtas galvojant apie \u0161eimos susib\u016brimus, draugi\u0161kas vakarienes ir ypatingas progas, eleganti\u0161ka \u201eDunin Oak\u201c apdaila pavers kiekvien\u0105 prie jo praleist\u0105 akimirk\u0105 nepamir\u0161tama. D\u0117l reguliuojamo dyd\u017eio nuo 160 iki 240 cm \u0161is stalas puikiai tiks bet kurioje erdv\u0117je, prisitaikydamas prie j\u016bs\u0173 poreiki\u0173 ir sve\u010di\u0173 skai\u010diaus. Unikalus \u201eEvora WM\u201c stalo dizainas dera su \u012fvairiais interjero stiliais. Subtilios, bet stilingos medin\u0117s kojel\u0117s suteikia stabilumo ir klas\u0117s. Laminuotas stalvir\u0161is yra ne tik esteti\u0161kai patrauklus, bet ir patvarus bei lengvai valomas. Tai rei\u0161kia, kad stalas atlaikys visus kasdienio gyvenimo i\u0161\u0161\u016bkius, neprarasdamas savo \u017eavesio ir funkcionalumo daugel\u012f met\u0173. Su \u201eEvora WM\u201c stalu kiekvienas valgis tampa malonumu. \u012esivaizduokite akimirkas, praleistas m\u0117gaujantis gard\u017eiu maistu, klausantis vaik\u0173 juoko ir plepant su draugais. \u0160is stalas, puikiai tinkantis patiekti gimtadienio tortus, \u0161ventinius pietus ar bendrus pietus, pavers bet koki\u0105 prog\u0105 ypatinga. Jis taps ne tik vieta valgyti, bet ir erdve prisiminimams kurti.<\/p>","protected":false},"excerpt":{"rendered":"<p>Plotis (cm): 160\u2013240<br \/>\n\u016agis (cm): 79<br \/>\nGylis (cm): 90<\/p>","protected":false},"featured_media":154973,"comment_status":"open","ping_status":"open","template":"","meta":[],"product_brand":[],"product_cat":[9404,4105,1934],"product_tag":[],"class_list":{"0":"post-154972","1":"product","2":"type-product","3":"status-publish","4":"has-post-thumbnail","6":"product_cat-furniture-system-evora","7":"product_cat-helvetia","8":"product_cat-tables","10":"first","11":"instock","12":"purchasable","13":"product-type-simple"},"_links":{"self":[{"href":"https:\/\/baldumarket.lt\/lt\/wp-json\/wp\/v2\/product\/154972","targetHints":{"allow":["GET"]}}],"collection":[{"href":"https:\/\/baldumarket.lt\/lt\/wp-json\/wp\/v2\/product"}],"about":[{"href":"https:\/\/baldumarket.lt\/lt\/wp-json\/wp\/v2\/types\/product"}],"replies":[{"embeddable":true,"href":"https:\/\/baldumarket.lt\/lt\/wp-json\/wp\/v2\/comments?post=154972"}],"wp:featuredmedia":[{"embeddable":true,"href":"https:\/\/baldumarket.lt\/lt\/wp-json\/wp\/v2\/media\/154973"}],"wp:attachment":[{"href":"https:\/\/baldumarket.lt\/lt\/wp-json\/wp\/v2\/media?parent=154972"}],"wp:term":[{"taxonomy":"product_brand","embeddable":true,"href":"https:\/\/baldumarket.lt\/lt\/wp-json\/wp\/v2\/product_brand?post=154972"},{"taxonomy":"product_cat","embeddable":true,"href":"https:\/\/baldumarket.lt\/lt\/wp-json\/wp\/v2\/product_cat?post=154972"},{"taxonomy":"product_tag","embeddable":true,"href":"https:\/\/baldumarket.lt\/lt\/wp-json\/wp\/v2\/product_tag?post=154972"}],"curies":[{"name":"wp","href":"https:\/\/api.w.org\/{rel}","templated":true}]}}