{"id":154966,"date":"2025-12-18T17:43:28","date_gmt":"2025-12-18T14:43:28","guid":{"rendered":"https:\/\/baldumarket.lt\/product\/evora-wm-polka-wiszace-bez-jasny\/"},"modified":"2026-02-05T09:53:45","modified_gmt":"2026-02-05T06:53:45","slug":"evora-wm-polka-wiszace-bez-jasny","status":"publish","type":"product","link":"https:\/\/baldumarket.lt\/lt\/product\/evora-wm-polka-wiszace-bez-jasny\/","title":{"rendered":"Evora WM \u2013 \u0161viesiai sm\u0117lio spalvos pakabinama lentyna"},"content":{"rendered":"<p>Atraskite tobul\u0105 sprendim\u0105 savo interjerui su garsaus prek\u0117s \u017eenklo \u201eHelvetia\u201c \u0161viesaus \u0105\u017euolo sm\u0117lio spalvos pakabinama lentyna \u201eEvora WM\u201c. \u0160i stilinga lentyna yra ne tik funkcionalus baldas, bet ir puikus b\u016bdas pagerinti j\u016bs\u0173 nam\u0173 erdv\u0119. D\u0117l modernaus dizaino ir subtili\u0173 spalv\u0173 ji tinka \u012fvairiems interjero stiliams \u2013 nuo skandinavi\u0161ko iki klasikinio, suteikdama elegancijos ir \u0161ilumos bet kuriam kambariui. 177 cm plo\u010dio, 32 cm auk\u0161\u010dio ir 25 cm gylio \u201eEvora WM\u201c lentyna yra puikus sprendimas svetainei, miegamajam ar net biurui. Ant jos galite eksponuoti knygas, dekoratyvinius daiktus ar artim\u0173j\u0173 nuotraukas, sukurdami jauki\u0105 atmosfer\u0105. \u0160viesaus \u0105\u017euolo sm\u0117lio spalvos lentyna lengvai derinama su kitais baldais, tod\u0117l tai ne\u012ftik\u0117tinai universalus pasirinkimas. Pagaminta i\u0161 auk\u0161tos kokyb\u0117s laminuotos plok\u0161t\u0117s, lentyna yra patvari ir lengvai valoma. Lyg\u0173 pavir\u0161i\u0173 tereikia nuvalyti \u0161luoste, kad ji atrodyt\u0173 kaip nauja. Be estetikos, pusapval\u0117 med\u017eiaga taip pat u\u017etikrina ilgaam\u017ei\u0161kum\u0105, tod\u0117l jos funkcionalumu gal\u0117site d\u017eiaugtis daugel\u012f met\u0173.<\/p>","protected":false},"excerpt":{"rendered":"<p>Plotis (cm): 177<br \/>\n\u016agis (cm): 32<br \/>\nGylis (cm): 25<\/p>","protected":false},"featured_media":154967,"comment_status":"open","ping_status":"open","template":"","meta":[],"product_brand":[],"product_cat":[9404,1174,4105],"product_tag":[],"class_list":{"0":"post-154966","1":"product","2":"type-product","3":"status-publish","4":"has-post-thumbnail","6":"product_cat-furniture-system-evora","7":"product_cat-hanging-shelves","8":"product_cat-helvetia","10":"first","11":"instock","12":"purchasable","13":"product-type-simple"},"_links":{"self":[{"href":"https:\/\/baldumarket.lt\/lt\/wp-json\/wp\/v2\/product\/154966","targetHints":{"allow":["GET"]}}],"collection":[{"href":"https:\/\/baldumarket.lt\/lt\/wp-json\/wp\/v2\/product"}],"about":[{"href":"https:\/\/baldumarket.lt\/lt\/wp-json\/wp\/v2\/types\/product"}],"replies":[{"embeddable":true,"href":"https:\/\/baldumarket.lt\/lt\/wp-json\/wp\/v2\/comments?post=154966"}],"wp:featuredmedia":[{"embeddable":true,"href":"https:\/\/baldumarket.lt\/lt\/wp-json\/wp\/v2\/media\/154967"}],"wp:attachment":[{"href":"https:\/\/baldumarket.lt\/lt\/wp-json\/wp\/v2\/media?parent=154966"}],"wp:term":[{"taxonomy":"product_brand","embeddable":true,"href":"https:\/\/baldumarket.lt\/lt\/wp-json\/wp\/v2\/product_brand?post=154966"},{"taxonomy":"product_cat","embeddable":true,"href":"https:\/\/baldumarket.lt\/lt\/wp-json\/wp\/v2\/product_cat?post=154966"},{"taxonomy":"product_tag","embeddable":true,"href":"https:\/\/baldumarket.lt\/lt\/wp-json\/wp\/v2\/product_tag?post=154966"}],"curies":[{"name":"wp","href":"https:\/\/api.w.org\/{rel}","templated":true}]}}