{"id":154950,"date":"2025-12-18T17:42:55","date_gmt":"2025-12-18T14:42:55","guid":{"rendered":"https:\/\/baldumarket.lt\/product\/evora-wm-komoda-rtv-1d1s-bez-jasny-dab-dunin\/"},"modified":"2026-02-05T09:53:54","modified_gmt":"2026-02-05T06:53:54","slug":"evora-wm-komoda-rtv-1d1s-bez-jasny-dab-dunin","status":"publish","type":"product","link":"https:\/\/baldumarket.lt\/lt\/product\/evora-wm-komoda-rtv-1d1s-bez-jasny-dab-dunin\/","title":{"rendered":"Evora WM \u2013 TV spintel\u0117 1D1S \u0161viesaus sm\u0117lio spalvos \u0105\u017euolas Dunin"},"content":{"rendered":"<p>Jauki atmosfera j\u016bs\u0173 svetain\u0117je \u2013 raktas \u012f atsipalaidavim\u0105 po ilgos dienos. \u201eEvora WM\u201c televizoriaus spintel\u0117 \u2013 puikus sprendimas, derinantis funkcionalum\u0105 ir elegancij\u0105. Prislopintos, \u0161viesiai sm\u0117lio spalvos su subtiliu \u201eDunin\u201c \u0105\u017euolo akcentu spintel\u0117 taps unikaliu j\u016bs\u0173 interjero elementu, \u012fne\u0161an\u010diu harmonijos ir modernaus stiliaus. \u201eEvora WM\u201c televizoriaus spintel\u0117 pasi\u017eymi ne tik patrauklia i\u0161vaizda, bet ir daugybe vietos daiktams susid\u0117ti. D\u0117l erdvaus dizaino, su viena spintele ir atvira lentyna, galite lengvai susid\u0117ti visus svarbiausius priedus \u2013 nuo \u017eaidim\u0173 konsoli\u0173 iki nuotolinio valdymo pulteli\u0173. Tai puiki vieta televizoriui ir garso \u012frangai pasid\u0117ti, u\u017etikrinant tvark\u0105 ir \u0161var\u0105 j\u016bs\u0173 kambaryje. Saugumas ir komfortas yra m\u016bs\u0173 svarbiausi prioritetai. \u0160\u012f model\u012f apr\u016bpinome moderniais, \u0161velniai u\u017esidaran\u010diais b\u0117geliais ir vyriais, kurie spinteli\u0173 atidarym\u0105 ir u\u017edarym\u0105 paver\u010dia tikru malonumu. Dabar galite m\u0117gautis ramiu vakaru be jokio triuk\u0161mo \u2013 idealus sprendimas, ypa\u010d namuose su vaikais ar augintiniais.<\/p>","protected":false},"excerpt":{"rendered":"<p>Plotis (cm): 181<br \/>\n\u016agis (cm): 61<br \/>\nGylis (cm): 49<\/p>","protected":false},"featured_media":154951,"comment_status":"open","ping_status":"open","template":"","meta":[],"product_brand":[],"product_cat":[9404,4105,1175],"product_tag":[],"class_list":{"0":"post-154950","1":"product","2":"type-product","3":"status-publish","4":"has-post-thumbnail","6":"product_cat-furniture-system-evora","7":"product_cat-helvetia","8":"product_cat-tv-stands","10":"first","11":"instock","12":"purchasable","13":"product-type-simple"},"_links":{"self":[{"href":"https:\/\/baldumarket.lt\/lt\/wp-json\/wp\/v2\/product\/154950","targetHints":{"allow":["GET"]}}],"collection":[{"href":"https:\/\/baldumarket.lt\/lt\/wp-json\/wp\/v2\/product"}],"about":[{"href":"https:\/\/baldumarket.lt\/lt\/wp-json\/wp\/v2\/types\/product"}],"replies":[{"embeddable":true,"href":"https:\/\/baldumarket.lt\/lt\/wp-json\/wp\/v2\/comments?post=154950"}],"wp:featuredmedia":[{"embeddable":true,"href":"https:\/\/baldumarket.lt\/lt\/wp-json\/wp\/v2\/media\/154951"}],"wp:attachment":[{"href":"https:\/\/baldumarket.lt\/lt\/wp-json\/wp\/v2\/media?parent=154950"}],"wp:term":[{"taxonomy":"product_brand","embeddable":true,"href":"https:\/\/baldumarket.lt\/lt\/wp-json\/wp\/v2\/product_brand?post=154950"},{"taxonomy":"product_cat","embeddable":true,"href":"https:\/\/baldumarket.lt\/lt\/wp-json\/wp\/v2\/product_cat?post=154950"},{"taxonomy":"product_tag","embeddable":true,"href":"https:\/\/baldumarket.lt\/lt\/wp-json\/wp\/v2\/product_tag?post=154950"}],"curies":[{"name":"wp","href":"https:\/\/api.w.org\/{rel}","templated":true}]}}