{"id":154942,"date":"2025-12-18T17:42:39","date_gmt":"2025-12-18T14:42:39","guid":{"rendered":"https:\/\/baldumarket.lt\/product\/evora-wm-komoda-3d1s-bez-jasny-dab-dunin\/"},"modified":"2026-02-05T09:53:54","modified_gmt":"2026-02-05T06:53:54","slug":"evora-wm-komoda-3d1s-bez-jasny-dab-dunin","status":"publish","type":"product","link":"https:\/\/baldumarket.lt\/lt\/product\/evora-wm-komoda-3d1s-bez-jasny-dab-dunin\/","title":{"rendered":"Evora WM \u2013 3D1S komoda, \u0161viesiai sm\u0117lio spalvos, \u0105\u017euolas, Dunin"},"content":{"rendered":"<p>Atraskite nepaprast\u0105 \u0161viesiai sm\u0117lio spalvos \u0105\u017euolo atspalvio \u201eEvora WM\u201c komodos elegancij\u0105. \u0160i stilinga sienin\u0117 spintel\u0117 ne tik puikiai dera prie modernaus interjero, bet ir sukuria jauki\u0105 atmosfer\u0105 bet kuriame kambaryje. Atsi\u017evelgdama \u012f j\u016bs\u0173 kasdienius poreikius, ji u\u017esitarnavo puikaus sprendimo svetain\u0117ms, miegamiesiems ir koridoriams reputacij\u0105. Tegul j\u016bs\u0173 nam\u0173 puo\u0161mena b\u016bna funkcionali ir esteti\u0161ka! \u0160i 160 cm plo\u010dio, 93 cm auk\u0161\u010dio ir 42 cm gylio komoda yra ne tik erdvi, bet ir i\u0161skirtinai prakti\u0161ka. Trys erdv\u016bs stal\u010diai ir papildoma lentyna pad\u0117s jums susitvarkyti visus b\u016btiniausius daiktus \u2013 nuo dokument\u0173 iki m\u0117gstam\u0173 knyg\u0173. D\u0117l tylaus u\u017edarymo mechanizmo ir vyri\u0173 ja naudotis tampa patogu ir malonu, i\u0161laikant eleganti\u0161k\u0105 i\u0161vaizd\u0105. \u201eEvora WM\u201c komod\u0105 daro unikali\u0105 ne tik funkcionalumas. Jos modernus dizainas tikrai patrauks kiekvieno sve\u010dio ak\u012f. Sm\u0117lio spalvos korpusas ir matin\u0117s juodos rankenos sukuria \u012fdom\u0173 kontrast\u0105, suteikdamos interjerui charakterio ir unikalaus stiliaus. Tai baldas, kuris dera su kitais elementais, \u012fne\u0161damas j\u016bs\u0173 aplinkai ramyb\u0117s ir rafinuotumo.<\/p>","protected":false},"excerpt":{"rendered":"<p>Plotis (cm): 160<br \/>\n\u016agis (cm): 93<br \/>\nGylis (cm): 42<\/p>","protected":false},"featured_media":154943,"comment_status":"open","ping_status":"open","template":"","meta":[],"product_brand":[],"product_cat":[9404,1173,4105],"product_tag":[],"class_list":{"0":"post-154942","1":"product","2":"type-product","3":"status-publish","4":"has-post-thumbnail","6":"product_cat-furniture-system-evora","7":"product_cat-chests-of-drawers","8":"product_cat-helvetia","10":"first","11":"instock","12":"purchasable","13":"product-type-simple"},"_links":{"self":[{"href":"https:\/\/baldumarket.lt\/lt\/wp-json\/wp\/v2\/product\/154942","targetHints":{"allow":["GET"]}}],"collection":[{"href":"https:\/\/baldumarket.lt\/lt\/wp-json\/wp\/v2\/product"}],"about":[{"href":"https:\/\/baldumarket.lt\/lt\/wp-json\/wp\/v2\/types\/product"}],"replies":[{"embeddable":true,"href":"https:\/\/baldumarket.lt\/lt\/wp-json\/wp\/v2\/comments?post=154942"}],"wp:featuredmedia":[{"embeddable":true,"href":"https:\/\/baldumarket.lt\/lt\/wp-json\/wp\/v2\/media\/154943"}],"wp:attachment":[{"href":"https:\/\/baldumarket.lt\/lt\/wp-json\/wp\/v2\/media?parent=154942"}],"wp:term":[{"taxonomy":"product_brand","embeddable":true,"href":"https:\/\/baldumarket.lt\/lt\/wp-json\/wp\/v2\/product_brand?post=154942"},{"taxonomy":"product_cat","embeddable":true,"href":"https:\/\/baldumarket.lt\/lt\/wp-json\/wp\/v2\/product_cat?post=154942"},{"taxonomy":"product_tag","embeddable":true,"href":"https:\/\/baldumarket.lt\/lt\/wp-json\/wp\/v2\/product_tag?post=154942"}],"curies":[{"name":"wp","href":"https:\/\/api.w.org\/{rel}","templated":true}]}}