{"id":154934,"date":"2025-12-18T17:42:22","date_gmt":"2025-12-18T14:42:22","guid":{"rendered":"https:\/\/baldumarket.lt\/product\/evora-wm-komoda-2d4s-bez-jasny-dab-dunin\/"},"modified":"2026-02-05T09:53:54","modified_gmt":"2026-02-05T06:53:54","slug":"evora-wm-komoda-2d4s-bez-jasny-dab-dunin","status":"publish","type":"product","link":"https:\/\/baldumarket.lt\/lt\/product\/evora-wm-komoda-2d4s-bez-jasny-dab-dunin\/","title":{"rendered":"Evora WM \u2013 Komoda 2D4S \u0161viesiai sm\u0117lio spalvos \u0105\u017euolas Dunin"},"content":{"rendered":"<p>\u201eEvora WM\u201c komoda \u2013 tai tobulas modernaus dizaino ir funkcionalumo derinys, puikiai papildantis bet kok\u012f interjer\u0105. Pagaminta eleganti\u0161ko \u0161viesiai sm\u0117lio spalvos atspalvio su \u201eDunin\u201c \u0105\u017euolo prieskoniu, ji suteikia bet kokiai erdvei lengvumo ir jaukumo. 181 cm plo\u010dio, 93 cm auk\u0161\u010dio ir 42 cm gylio \u2013 tai baldas, kuris lengvai telpa svetain\u0117je, miegamajame ar prie\u0161kambaryje ir kartu suteikia daug vietos daiktams susid\u0117ti. Su \u201eEvora\u201c komoda gausite ne tik esteti\u0161kai patraukl\u0173 dizaino element\u0105, bet ir ne\u012ftik\u0117tinai prakti\u0161k\u0105 sprendim\u0105 savo erdvei sutvarkyti. Keturi erdv\u016bs stal\u010diai ir dvi spintel\u0117s pad\u0117s palaikyti tvark\u0105, suteikdamos pakankamai vietos drabu\u017eiams, apatiniams ir kitiems smulkiems daiktams. D\u0117l \u0161velniai u\u017esidaran\u010di\u0173 b\u0117geli\u0173 stal\u010di\u0173 atidarymas ir u\u017edarymas tampa malonumu, o ne vargais. \u201eEvora WM\u201c komoda yra ne tik funkcionali, bet ir ak\u012f traukianti. MDF fasadai ir laminuotos plok\u0161t\u0117s korpusas u\u017etikrina patvarum\u0105 ir atsparum\u0105 pa\u017eeidimams. Lygios komodos formos kartu su matin\u0117mis juodomis ranken\u0117l\u0117mis suteikia modernumo ir elegancijos, o sm\u0117lio spalvos kojel\u0117s harmoningai papildo visum\u0105, sukurdamos darni\u0105 visum\u0105.<\/p>","protected":false},"excerpt":{"rendered":"<p>Plotis (cm): 181<br \/>\n\u016agis (cm): 93<br \/>\nGylis (cm): 42<\/p>","protected":false},"featured_media":154935,"comment_status":"open","ping_status":"open","template":"","meta":[],"product_brand":[],"product_cat":[9404,1173,4105],"product_tag":[],"class_list":{"0":"post-154934","1":"product","2":"type-product","3":"status-publish","4":"has-post-thumbnail","6":"product_cat-furniture-system-evora","7":"product_cat-chests-of-drawers","8":"product_cat-helvetia","10":"first","11":"instock","12":"purchasable","13":"product-type-simple"},"_links":{"self":[{"href":"https:\/\/baldumarket.lt\/lt\/wp-json\/wp\/v2\/product\/154934","targetHints":{"allow":["GET"]}}],"collection":[{"href":"https:\/\/baldumarket.lt\/lt\/wp-json\/wp\/v2\/product"}],"about":[{"href":"https:\/\/baldumarket.lt\/lt\/wp-json\/wp\/v2\/types\/product"}],"replies":[{"embeddable":true,"href":"https:\/\/baldumarket.lt\/lt\/wp-json\/wp\/v2\/comments?post=154934"}],"wp:featuredmedia":[{"embeddable":true,"href":"https:\/\/baldumarket.lt\/lt\/wp-json\/wp\/v2\/media\/154935"}],"wp:attachment":[{"href":"https:\/\/baldumarket.lt\/lt\/wp-json\/wp\/v2\/media?parent=154934"}],"wp:term":[{"taxonomy":"product_brand","embeddable":true,"href":"https:\/\/baldumarket.lt\/lt\/wp-json\/wp\/v2\/product_brand?post=154934"},{"taxonomy":"product_cat","embeddable":true,"href":"https:\/\/baldumarket.lt\/lt\/wp-json\/wp\/v2\/product_cat?post=154934"},{"taxonomy":"product_tag","embeddable":true,"href":"https:\/\/baldumarket.lt\/lt\/wp-json\/wp\/v2\/product_tag?post=154934"}],"curies":[{"name":"wp","href":"https:\/\/api.w.org\/{rel}","templated":true}]}}