{"id":154926,"date":"2025-12-18T17:42:03","date_gmt":"2025-12-18T14:42:03","guid":{"rendered":"https:\/\/baldumarket.lt\/product\/evora-s-szafa-5-drzwiowa-z-lustrami-zielony-dab-lefkas\/"},"modified":"2026-02-05T09:53:54","modified_gmt":"2026-02-05T06:53:54","slug":"evora-s-szafa-5-drzwiowa-z-lustrami-zielony-dab-lefkas","status":"publish","type":"product","link":"https:\/\/baldumarket.lt\/lt\/product\/evora-s-szafa-5-drzwiowa-z-lustrami-zielony-dab-lefkas\/","title":{"rendered":"\u201eEvora S\u201c 5 dur\u0173 spinta su veidrod\u017eiais, \u017ealia \/ Lefkas \u0105\u017euolas"},"content":{"rendered":"<p>Pristatome unikali\u0105 5 dur\u0173 \u201cHelvetia\u201d spint\u0105 \u201cEvora S\u201d, kurioje dera modernus dizainas ir prakti\u0161kumas. Sukurta galvojant apie erdv\u0173 interjer\u0105, \u0161i spinta yra puikus pasirinkimas ie\u0161kantiems eleganti\u0161ko, ta\u010diau funkcionalaus sprendimo drabu\u017eiams ir aksesuarams laikyti. Svarbiausios \u201eEvora S\u201c spintos savyb\u0117s \u2013 \u012fsp\u016bdingi matmenys: plotis 246 cm, auk\u0161tis 216 cm ir gylis 62 cm, leid\u017eiantys patogiai laikyti didel\u0119 spint\u0105. Spalv\u0173 gama \u2013 \u017ealia kartu su \u0161iltais Lefko \u0105\u017euolo atspalviais \u2013 suteikia spintai unikalaus charakterio ir paver\u010dia j\u0105 dominuojan\u010diu bet kokio interjero elementu. Baldai pagaminti i\u0161 auk\u0161tos kokyb\u0117s laminuotos baldin\u0117s plok\u0161t\u0117s, u\u017etikrinan\u010dios patvarum\u0105 ir atsparum\u0105 kasdieniam naudojimui. Gerai apgalvotas dizainas su penkeriomis durel\u0117mis, \u012fskaitant centrines veidrodines duris, ne tik suteikia lengv\u0105 prieig\u0105 prie turinio, bet ir vizualiai padidina erdv\u0119 bei yra prakti\u0161kas elementas kasdieniams pasiruo\u0161imams.<\/p>","protected":false},"excerpt":{"rendered":"<p>Plotis (cm): 246<br \/>\n\u016agis (cm): 216<br \/>\nGylis (cm): 62<\/p>","protected":false},"featured_media":154927,"comment_status":"open","ping_status":"open","template":"","meta":[],"product_brand":[],"product_cat":[9404,4105,1177],"product_tag":[],"class_list":{"0":"post-154926","1":"product","2":"type-product","3":"status-publish","4":"has-post-thumbnail","6":"product_cat-furniture-system-evora","7":"product_cat-helvetia","8":"product_cat-wardrobes","10":"first","11":"instock","12":"purchasable","13":"product-type-simple"},"_links":{"self":[{"href":"https:\/\/baldumarket.lt\/lt\/wp-json\/wp\/v2\/product\/154926","targetHints":{"allow":["GET"]}}],"collection":[{"href":"https:\/\/baldumarket.lt\/lt\/wp-json\/wp\/v2\/product"}],"about":[{"href":"https:\/\/baldumarket.lt\/lt\/wp-json\/wp\/v2\/types\/product"}],"replies":[{"embeddable":true,"href":"https:\/\/baldumarket.lt\/lt\/wp-json\/wp\/v2\/comments?post=154926"}],"wp:featuredmedia":[{"embeddable":true,"href":"https:\/\/baldumarket.lt\/lt\/wp-json\/wp\/v2\/media\/154927"}],"wp:attachment":[{"href":"https:\/\/baldumarket.lt\/lt\/wp-json\/wp\/v2\/media?parent=154926"}],"wp:term":[{"taxonomy":"product_brand","embeddable":true,"href":"https:\/\/baldumarket.lt\/lt\/wp-json\/wp\/v2\/product_brand?post=154926"},{"taxonomy":"product_cat","embeddable":true,"href":"https:\/\/baldumarket.lt\/lt\/wp-json\/wp\/v2\/product_cat?post=154926"},{"taxonomy":"product_tag","embeddable":true,"href":"https:\/\/baldumarket.lt\/lt\/wp-json\/wp\/v2\/product_tag?post=154926"}],"curies":[{"name":"wp","href":"https:\/\/api.w.org\/{rel}","templated":true}]}}