{"id":154910,"date":"2025-12-18T17:41:32","date_gmt":"2025-12-18T14:41:32","guid":{"rendered":"https:\/\/baldumarket.lt\/product\/evora-s-szafa-3d2s-z-lustrem-zielony-dab-lefkas\/"},"modified":"2026-02-05T09:53:54","modified_gmt":"2026-02-05T06:53:54","slug":"evora-s-szafa-3d2s-z-lustrem-zielony-dab-lefkas","status":"publish","type":"product","link":"https:\/\/baldumarket.lt\/lt\/product\/evora-s-szafa-3d2s-z-lustrem-zielony-dab-lefkas\/","title":{"rendered":"\u201eEvora S\u201c spinta 3D2S su veidrod\u017eiu, \u017ealia \/ Lefkas \u0105\u017euolas"},"content":{"rendered":"<p>\u201eEvora S 3D2S\u201c spinta su veidrod\u017eiu \u017ealios\/Lefkas \u0105\u017euolo spalvos \u2013 eleganti\u0161kas ir funkcionalus garsaus \u201eHelvetia\u201c prek\u0117s \u017eenklo pasirinkimas, puikiai tinkantis miegamiesiems ir erdvioms drabu\u017ein\u0117ms. Sukurta tiems, kurie vertina modern\u0173 dizain\u0105 ir maksimal\u0173 prakti\u0161kum\u0105, \u017ealios spalvos ir Lefkas \u0105\u017euolo atspalvio derinys suteikia spintai unikal\u0173, stiling\u0105 charakter\u012f, tod\u0117l ji taps j\u016bs\u0173 interjero traukos centru. Pagaminta i\u0161 auk\u0161tos kokyb\u0117s laminuotos baldin\u0117s plok\u0161t\u0117s, spinta yra ne tik patvari, bet ir lengvai valoma. Gerai apgalvotas dizainas si\u016blo \u012fsp\u016bding\u0105 daikt\u0173 laikymo erdv\u0119. Spinta turi tris erdvias duris ir du stal\u010dius, leid\u017eian\u010dius tvarkingai susid\u0117ti tiek drabu\u017eius, tiek kitus daiktus. Penkios lentynos viduje leid\u017eia patogiai susitvarkyti drabu\u017eius, o karnizas puikiai tinka pakabinti mar\u0161kinius ar sukneles. Papildomas privalumas \u2013 viso \u016bgio veidrodis, kuris ne tik vizualiai padidina erdv\u0119, bet ir yra prakti\u0161kas kasdienio naudojimo priedas.<\/p>","protected":false},"excerpt":{"rendered":"<p>Plotis (cm): 154<br \/>\n\u016agis (cm): 216<br \/>\nGylis (cm): 62<\/p>","protected":false},"featured_media":154911,"comment_status":"open","ping_status":"open","template":"","meta":[],"product_brand":[],"product_cat":[9404,4105,1177],"product_tag":[],"class_list":{"0":"post-154910","1":"product","2":"type-product","3":"status-publish","4":"has-post-thumbnail","6":"product_cat-furniture-system-evora","7":"product_cat-helvetia","8":"product_cat-wardrobes","10":"first","11":"instock","12":"purchasable","13":"product-type-simple"},"_links":{"self":[{"href":"https:\/\/baldumarket.lt\/lt\/wp-json\/wp\/v2\/product\/154910","targetHints":{"allow":["GET"]}}],"collection":[{"href":"https:\/\/baldumarket.lt\/lt\/wp-json\/wp\/v2\/product"}],"about":[{"href":"https:\/\/baldumarket.lt\/lt\/wp-json\/wp\/v2\/types\/product"}],"replies":[{"embeddable":true,"href":"https:\/\/baldumarket.lt\/lt\/wp-json\/wp\/v2\/comments?post=154910"}],"wp:featuredmedia":[{"embeddable":true,"href":"https:\/\/baldumarket.lt\/lt\/wp-json\/wp\/v2\/media\/154911"}],"wp:attachment":[{"href":"https:\/\/baldumarket.lt\/lt\/wp-json\/wp\/v2\/media?parent=154910"}],"wp:term":[{"taxonomy":"product_brand","embeddable":true,"href":"https:\/\/baldumarket.lt\/lt\/wp-json\/wp\/v2\/product_brand?post=154910"},{"taxonomy":"product_cat","embeddable":true,"href":"https:\/\/baldumarket.lt\/lt\/wp-json\/wp\/v2\/product_cat?post=154910"},{"taxonomy":"product_tag","embeddable":true,"href":"https:\/\/baldumarket.lt\/lt\/wp-json\/wp\/v2\/product_tag?post=154910"}],"curies":[{"name":"wp","href":"https:\/\/api.w.org\/{rel}","templated":true}]}}