{"id":154903,"date":"2025-12-18T17:41:18","date_gmt":"2025-12-18T14:41:18","guid":{"rendered":"https:\/\/baldumarket.lt\/product\/evora-s-szafa-2-drzwiowa-zielony-dab-lefkas\/"},"modified":"2026-02-05T09:53:54","modified_gmt":"2026-02-05T06:53:54","slug":"evora-s-szafa-2-drzwiowa-zielony-dab-lefkas","status":"publish","type":"product","link":"https:\/\/baldumarket.lt\/lt\/product\/evora-s-szafa-2-drzwiowa-zielony-dab-lefkas\/","title":{"rendered":"Evora S 2 dur\u0173 spinta \u017dalia \/ Lefkas \u0104\u017euolas"},"content":{"rendered":"<p>Atraskite \u201eEvora S\u201c spint\u0105 \u2013 eleganti\u0161k\u0105 ir funkcional\u0173 pasirinkim\u0105 bet kokiam moderniam interjerui. \u0160i prakti\u0161ka ir stilinga dviej\u0173 dur\u0173 spinta, \u017eali\u0173 ir Lefkas \u0105\u017euolo atspalvi\u0173, yra puikus pasirinkimas ie\u0161kantiems klasikinio, ta\u010diau modernaus dizaino. \u201eHelvetia\u201c prek\u0117s \u017eenklas si\u016blo baldus, pasi\u017eymin\u010dius auk\u0161tos kokyb\u0117s meistri\u0161kumu ir ilgaam\u017ei\u0161kumu, kurdamas sprendimus, kurie puikiai dera prie \u012fvairi\u0173 interjer\u0173. \u201eEvora S\u201c atrodo \u012fsp\u016bdingai bet kokioje konfig\u016bracijoje d\u0117l savo matmen\u0173: plotis 108 cm, auk\u0161tis 216 cm ir gylis 62 cm. \u017dalia spalv\u0173 gama kartu su \u0161iltais Lefkas \u0105\u017euolo tonais suteikia bet kokiam interjerui charakterio ir jaukumo. Baldas pagamintas i\u0161 auk\u0161tos kokyb\u0117s laminuotos bald\u0173 plok\u0161t\u0117s, u\u017etikrinan\u010dios ilgalaik\u012f naudojim\u0105 ir lengv\u0105 valym\u0105. Viduje rasite prakti\u0161k\u0173 daikt\u0173 laikymo sprendim\u0173. Joje yra vienas platus karnizas, puikiai tinkantis suknel\u0117ms, striuk\u0117ms ar paltams pakabinti, ir viena lentyna, leid\u017eianti efektyviai organizuoti drabu\u017eius ir aksesuarus. Dvi durys lengvai sutalpins visus reikalingus garderobo daiktus, kartu apsaugant juos nuo dulki\u0173 ir kit\u0173 i\u0161orini\u0173 veiksni\u0173.<\/p>","protected":false},"excerpt":{"rendered":"<p>Plotis (cm): 108<br \/>\n\u016agis (cm): 216<br \/>\nGylis (cm): 62<\/p>","protected":false},"featured_media":154904,"comment_status":"open","ping_status":"open","template":"","meta":[],"product_brand":[],"product_cat":[9404,4105,1177],"product_tag":[],"class_list":{"0":"post-154903","1":"product","2":"type-product","3":"status-publish","4":"has-post-thumbnail","6":"product_cat-furniture-system-evora","7":"product_cat-helvetia","8":"product_cat-wardrobes","10":"first","11":"instock","12":"purchasable","13":"product-type-simple"},"_links":{"self":[{"href":"https:\/\/baldumarket.lt\/lt\/wp-json\/wp\/v2\/product\/154903","targetHints":{"allow":["GET"]}}],"collection":[{"href":"https:\/\/baldumarket.lt\/lt\/wp-json\/wp\/v2\/product"}],"about":[{"href":"https:\/\/baldumarket.lt\/lt\/wp-json\/wp\/v2\/types\/product"}],"replies":[{"embeddable":true,"href":"https:\/\/baldumarket.lt\/lt\/wp-json\/wp\/v2\/comments?post=154903"}],"wp:featuredmedia":[{"embeddable":true,"href":"https:\/\/baldumarket.lt\/lt\/wp-json\/wp\/v2\/media\/154904"}],"wp:attachment":[{"href":"https:\/\/baldumarket.lt\/lt\/wp-json\/wp\/v2\/media?parent=154903"}],"wp:term":[{"taxonomy":"product_brand","embeddable":true,"href":"https:\/\/baldumarket.lt\/lt\/wp-json\/wp\/v2\/product_brand?post=154903"},{"taxonomy":"product_cat","embeddable":true,"href":"https:\/\/baldumarket.lt\/lt\/wp-json\/wp\/v2\/product_cat?post=154903"},{"taxonomy":"product_tag","embeddable":true,"href":"https:\/\/baldumarket.lt\/lt\/wp-json\/wp\/v2\/product_tag?post=154903"}],"curies":[{"name":"wp","href":"https:\/\/api.w.org\/{rel}","templated":true}]}}