{"id":154896,"date":"2025-12-18T17:41:03","date_gmt":"2025-12-18T14:41:03","guid":{"rendered":"https:\/\/baldumarket.lt\/product\/evora-s-stolik-nocny-2-szuflady-zielony-dab-lefkas\/"},"modified":"2026-02-05T09:54:02","modified_gmt":"2026-02-05T06:54:02","slug":"evora-s-stolik-nocny-2-szuflady-zielony-dab-lefkas","status":"publish","type":"product","link":"https:\/\/baldumarket.lt\/lt\/product\/evora-s-stolik-nocny-2-szuflady-zielony-dab-lefkas\/","title":{"rendered":"\u201eEvora S\u201c naktinis staliukas su 2 stal\u010diais, \u017ealias \/ Lefkas \u0105\u017euolas"},"content":{"rendered":"<p>\u201eEvora S\u201c naktinis staliukas \u2013 stilingas vakaro palydovas. Suteikite savo miegamajam elegancijos su garsaus prek\u0117s \u017eenklo \u201eHelvetia\u201c \u201eEvora S\u201c naktiniu staliuku. \u0160is rafinuotas naktinis staliukas sujungia modern\u0173 dizain\u0105 ir funkcionalum\u0105, tod\u0117l viskas, ko jums reikia, yra lengvai pasiekiama. Dviej\u0173 spalv\u0173 \u201eHarmony\u201c \u2013 \u017ealia ir Lefko \u0105\u017euolas.<\/p>","protected":false},"excerpt":{"rendered":"<p>Plotis (cm): 52<br \/>\n\u016agis (cm): 54<br \/>\nGylis (cm): 42<\/p>","protected":false},"featured_media":154897,"comment_status":"open","ping_status":"open","template":"","meta":[],"product_brand":[],"product_cat":[9404,1176,4105],"product_tag":[],"class_list":{"0":"post-154896","1":"product","2":"type-product","3":"status-publish","4":"has-post-thumbnail","6":"product_cat-furniture-system-evora","7":"product_cat-bedside-tables","8":"product_cat-helvetia","10":"first","11":"instock","12":"purchasable","13":"product-type-simple"},"_links":{"self":[{"href":"https:\/\/baldumarket.lt\/lt\/wp-json\/wp\/v2\/product\/154896","targetHints":{"allow":["GET"]}}],"collection":[{"href":"https:\/\/baldumarket.lt\/lt\/wp-json\/wp\/v2\/product"}],"about":[{"href":"https:\/\/baldumarket.lt\/lt\/wp-json\/wp\/v2\/types\/product"}],"replies":[{"embeddable":true,"href":"https:\/\/baldumarket.lt\/lt\/wp-json\/wp\/v2\/comments?post=154896"}],"wp:featuredmedia":[{"embeddable":true,"href":"https:\/\/baldumarket.lt\/lt\/wp-json\/wp\/v2\/media\/154897"}],"wp:attachment":[{"href":"https:\/\/baldumarket.lt\/lt\/wp-json\/wp\/v2\/media?parent=154896"}],"wp:term":[{"taxonomy":"product_brand","embeddable":true,"href":"https:\/\/baldumarket.lt\/lt\/wp-json\/wp\/v2\/product_brand?post=154896"},{"taxonomy":"product_cat","embeddable":true,"href":"https:\/\/baldumarket.lt\/lt\/wp-json\/wp\/v2\/product_cat?post=154896"},{"taxonomy":"product_tag","embeddable":true,"href":"https:\/\/baldumarket.lt\/lt\/wp-json\/wp\/v2\/product_tag?post=154896"}],"curies":[{"name":"wp","href":"https:\/\/api.w.org\/{rel}","templated":true}]}}