{"id":154894,"date":"2025-12-18T17:41:00","date_gmt":"2025-12-18T14:41:00","guid":{"rendered":"https:\/\/baldumarket.lt\/product\/evora-s-stelaz-flex-do-lozka-140-cm\/"},"modified":"2026-02-05T09:54:02","modified_gmt":"2026-02-05T06:54:02","slug":"evora-s-stelaz-flex-do-lozka-140-cm","status":"publish","type":"product","link":"https:\/\/baldumarket.lt\/lt\/product\/evora-s-stelaz-flex-do-lozka-140-cm\/","title":{"rendered":"Evora S Flex lovos r\u0117mas 140 cm"},"content":{"rendered":"<p>Pristatome 140 cm plo\u010dio \u201eEvora S Flex\u201c lovos r\u0117m\u0105. Tai b\u016btinas daiktas visiems, ie\u0161kantiems patvaraus ir esteti\u0161kai patrauklaus lovos pagrindo. Bald\u0173 kategorijoje ir lov\u0173 subkategorijoje \u0161is gaminys i\u0161siskiria kokybi\u0161ka gamyba, kuri\u0105 garantuoja \u201eHelvetia\u201c prek\u0117s \u017eenklas \u2013 \u017einomas bald\u0173 gamintojas, turintis ilgamet\u012f pripa\u017einim\u0105 rinkoje. Kalbant apie matmenis, \u201eEvora S Flex\u201c lovos r\u0117mas yra 196 cm plo\u010dio, tod\u0117l u\u017etikrinamas stabilumas ir didelis miegojimo pavir\u0161ius. Jo auk\u0161tis yra 2 cm, b\u016bdingas tokio tipo konstrukcijai, kartu suteikiant subtili\u0105 ir eleganti\u0161k\u0105 form\u0105. R\u0117mo gylis yra 139 cm, tod\u0117l jame patogiai telpa dauguma standartini\u0173 \u010diu\u017eini\u0173. Jo gamyboje naudojamos med\u017eiagos garantuoja patvarum\u0105 ir ilgaam\u017ei\u0161kum\u0105. Jei ie\u0161kote tvirto ir eleganti\u0161ko lovos pagrindo, \u201eEvora S Flex\u201c lovos r\u0117mas u\u017etikrins komfort\u0105 ir stili\u0173, be to, bus patvari investicija, kuri tarnaus ilgus metus.<\/p>","protected":false},"excerpt":{"rendered":"<p>Plotis (cm): 196<br \/>\nAuk\u0161tis (cm): 2<br \/>\nGylis (cm): 139<\/p>","protected":false},"featured_media":154895,"comment_status":"open","ping_status":"open","template":"","meta":[],"product_brand":[],"product_cat":[9404,1043,4105],"product_tag":[],"class_list":{"0":"post-154894","1":"product","2":"type-product","3":"status-publish","4":"has-post-thumbnail","6":"product_cat-furniture-system-evora","7":"product_cat-extras","8":"product_cat-helvetia","10":"first","11":"instock","12":"purchasable","13":"product-type-simple"},"_links":{"self":[{"href":"https:\/\/baldumarket.lt\/lt\/wp-json\/wp\/v2\/product\/154894","targetHints":{"allow":["GET"]}}],"collection":[{"href":"https:\/\/baldumarket.lt\/lt\/wp-json\/wp\/v2\/product"}],"about":[{"href":"https:\/\/baldumarket.lt\/lt\/wp-json\/wp\/v2\/types\/product"}],"replies":[{"embeddable":true,"href":"https:\/\/baldumarket.lt\/lt\/wp-json\/wp\/v2\/comments?post=154894"}],"wp:featuredmedia":[{"embeddable":true,"href":"https:\/\/baldumarket.lt\/lt\/wp-json\/wp\/v2\/media\/154895"}],"wp:attachment":[{"href":"https:\/\/baldumarket.lt\/lt\/wp-json\/wp\/v2\/media?parent=154894"}],"wp:term":[{"taxonomy":"product_brand","embeddable":true,"href":"https:\/\/baldumarket.lt\/lt\/wp-json\/wp\/v2\/product_brand?post=154894"},{"taxonomy":"product_cat","embeddable":true,"href":"https:\/\/baldumarket.lt\/lt\/wp-json\/wp\/v2\/product_cat?post=154894"},{"taxonomy":"product_tag","embeddable":true,"href":"https:\/\/baldumarket.lt\/lt\/wp-json\/wp\/v2\/product_tag?post=154894"}],"curies":[{"name":"wp","href":"https:\/\/api.w.org\/{rel}","templated":true}]}}