{"id":154876,"date":"2025-12-18T17:40:25","date_gmt":"2025-12-18T14:40:25","guid":{"rendered":"https:\/\/baldumarket.lt\/product\/evora-s-lozko-140-200-cm-zielony-dab-lefkas\/"},"modified":"2026-02-05T09:54:02","modified_gmt":"2026-02-05T06:54:02","slug":"evora-s-lozko-140-200-cm-zielony-dab-lefkas","status":"publish","type":"product","link":"https:\/\/baldumarket.lt\/lt\/product\/evora-s-lozko-140-200-cm-zielony-dab-lefkas\/","title":{"rendered":"\u201eEvora S\u201c lova, 140\/200 cm, \u017ealia \/ Lefkas \u0105\u017euolas"},"content":{"rendered":"<p>Atraskite patogaus miego magij\u0105 su \u201eEvora S\u201c lova \u2013 tobulu modernaus dizaino ir funkcionalumo deriniu. \u0160is unikalus \u201eHelvetia\u201c pasi\u016blymas sujungia \u017eali\u0173 apmu\u0161al\u0173 elegancij\u0105 su \u0161iltais Lefkas \u0105\u017euolo medienos akcentais, sukurdamas harmoningas kompozicijas, kurios pakeis j\u016bs\u0173 miegamojo i\u0161vaizd\u0105. 140 cm plo\u010dio ir 200 cm ilgio \u201eEvora S\u201c lova buvo sukurta siekiant u\u017etikrinti maksimal\u0173 komfort\u0105 ir atsipalaidavim\u0105. Korpusas ir priekin\u0117 dalis pagaminti i\u0161 auk\u0161tos kokyb\u0117s laminuotos baldin\u0117s plok\u0161t\u0117s, u\u017etikrinan\u010dios patvarum\u0105 ir atsparum\u0105 kasdieniam naudojimui. Paprastas, ta\u010diau tvirtas lovos dizainas i\u0161siskiria patvarumu ir lengva prie\u017ei\u016bra, be to, tai idealus pagrindas kuriant \u012fvairius interjero dizainus. Techniniai parametrai pabr\u0117\u017eia baldo funkcionalum\u0105: plotis 151 cm, auk\u0161tis 89 cm ir gylis 211 cm, tod\u0117l yra pakankamai vietos patogiam nakties miegui. Nors lovoje n\u0117ra \u012fmontuoto patalyn\u0117s laikymo skyriaus, jos 140 x 200 cm miegamasis pavir\u0161ius suteikia optimalias poilsio s\u0105lygas.<\/p>","protected":false},"excerpt":{"rendered":"<p>Plotis (cm): 151<br \/>\n\u016agis (cm): 89<br \/>\nGylis (cm): 211<\/p>","protected":false},"featured_media":154877,"comment_status":"open","ping_status":"open","template":"","meta":[],"product_brand":[],"product_cat":[9404,505,4105],"product_tag":[],"class_list":{"0":"post-154876","1":"product","2":"type-product","3":"status-publish","4":"has-post-thumbnail","6":"product_cat-furniture-system-evora","7":"product_cat-bedroom-beds","8":"product_cat-helvetia","10":"first","11":"instock","12":"purchasable","13":"product-type-simple"},"_links":{"self":[{"href":"https:\/\/baldumarket.lt\/lt\/wp-json\/wp\/v2\/product\/154876","targetHints":{"allow":["GET"]}}],"collection":[{"href":"https:\/\/baldumarket.lt\/lt\/wp-json\/wp\/v2\/product"}],"about":[{"href":"https:\/\/baldumarket.lt\/lt\/wp-json\/wp\/v2\/types\/product"}],"replies":[{"embeddable":true,"href":"https:\/\/baldumarket.lt\/lt\/wp-json\/wp\/v2\/comments?post=154876"}],"wp:featuredmedia":[{"embeddable":true,"href":"https:\/\/baldumarket.lt\/lt\/wp-json\/wp\/v2\/media\/154877"}],"wp:attachment":[{"href":"https:\/\/baldumarket.lt\/lt\/wp-json\/wp\/v2\/media?parent=154876"}],"wp:term":[{"taxonomy":"product_brand","embeddable":true,"href":"https:\/\/baldumarket.lt\/lt\/wp-json\/wp\/v2\/product_brand?post=154876"},{"taxonomy":"product_cat","embeddable":true,"href":"https:\/\/baldumarket.lt\/lt\/wp-json\/wp\/v2\/product_cat?post=154876"},{"taxonomy":"product_tag","embeddable":true,"href":"https:\/\/baldumarket.lt\/lt\/wp-json\/wp\/v2\/product_tag?post=154876"}],"curies":[{"name":"wp","href":"https:\/\/api.w.org\/{rel}","templated":true}]}}