{"id":154869,"date":"2025-12-18T17:40:10","date_gmt":"2025-12-18T14:40:10","guid":{"rendered":"https:\/\/baldumarket.lt\/product\/evora-s-komoda-6-szuflad-zielony-dab-lefkas\/"},"modified":"2026-02-05T09:54:02","modified_gmt":"2026-02-05T06:54:02","slug":"evora-s-komoda-6-szuflad-zielony-dab-lefkas","status":"publish","type":"product","link":"https:\/\/baldumarket.lt\/lt\/product\/evora-s-komoda-6-szuflad-zielony-dab-lefkas\/","title":{"rendered":"Evora S komoda su 6 stal\u010diais, \u017ealia \/ Lefkas \u0105\u017euolas"},"content":{"rendered":"<p>\u201eEvora S\u201c komoda su 6 stal\u010diais \u2013 \u017ealia \/ Lefkas \u0105\u017euolas. \u017davinga ir funkcionali \u201eEvora S\u201c komoda yra stilingas ir prakti\u0161kas bet kokio interjero papildymas. Madinga spalv\u0173 gama \u2013 sodrios \u017ealios ir \u0161ilt\u0173 Lefkas \u0105\u017euolo atspalvi\u0173 derinys \u2013 tai ir dekoratyvinis elementas, ir i\u0161skirtinai naudingas baldas. Sukurta garsaus \u201eHelvetia\u201c prek\u0117s \u017eenklo, ji i\u0161siskiria tvirta meistri\u0161kumo kokybe ir nesenstan\u010diu dizainu, papildan\u010diu \u012fvairius interjero dizainus. Vertikaliai i\u0161d\u0117styti \u0161e\u0161i erdv\u016bs stal\u010diai suteikia daug vietos drabu\u017eiams, aksesuarams ar kitiems b\u016btiniausiems daiktams laikyti, i\u0161laikant visi\u0161k\u0105 tvark\u0105 ir tvark\u0105. Priekin\u0117 dalis ir korpusas pagaminti i\u0161 auk\u0161tos kokyb\u0117s laminuotos bald\u0173 plok\u0161t\u0117s, \u017einomos d\u0117l atsparumo dilimui ir lengvo valymo.<\/p>","protected":false},"excerpt":{"rendered":"<p>Plotis (cm): 90<br \/>\n\u016agis (cm): 113<br \/>\nGylis (cm): 42<\/p>","protected":false},"featured_media":154870,"comment_status":"open","ping_status":"open","template":"","meta":[],"product_brand":[],"product_cat":[9404,1173,4105],"product_tag":[],"class_list":{"0":"post-154869","1":"product","2":"type-product","3":"status-publish","4":"has-post-thumbnail","6":"product_cat-furniture-system-evora","7":"product_cat-chests-of-drawers","8":"product_cat-helvetia","10":"first","11":"instock","12":"purchasable","13":"product-type-simple"},"_links":{"self":[{"href":"https:\/\/baldumarket.lt\/lt\/wp-json\/wp\/v2\/product\/154869","targetHints":{"allow":["GET"]}}],"collection":[{"href":"https:\/\/baldumarket.lt\/lt\/wp-json\/wp\/v2\/product"}],"about":[{"href":"https:\/\/baldumarket.lt\/lt\/wp-json\/wp\/v2\/types\/product"}],"replies":[{"embeddable":true,"href":"https:\/\/baldumarket.lt\/lt\/wp-json\/wp\/v2\/comments?post=154869"}],"wp:featuredmedia":[{"embeddable":true,"href":"https:\/\/baldumarket.lt\/lt\/wp-json\/wp\/v2\/media\/154870"}],"wp:attachment":[{"href":"https:\/\/baldumarket.lt\/lt\/wp-json\/wp\/v2\/media?parent=154869"}],"wp:term":[{"taxonomy":"product_brand","embeddable":true,"href":"https:\/\/baldumarket.lt\/lt\/wp-json\/wp\/v2\/product_brand?post=154869"},{"taxonomy":"product_cat","embeddable":true,"href":"https:\/\/baldumarket.lt\/lt\/wp-json\/wp\/v2\/product_cat?post=154869"},{"taxonomy":"product_tag","embeddable":true,"href":"https:\/\/baldumarket.lt\/lt\/wp-json\/wp\/v2\/product_tag?post=154869"}],"curies":[{"name":"wp","href":"https:\/\/api.w.org\/{rel}","templated":true}]}}