{"id":154862,"date":"2025-12-18T17:39:55","date_gmt":"2025-12-18T14:39:55","guid":{"rendered":"https:\/\/baldumarket.lt\/product\/evora-s-komoda-4-szuflady-zielony-dab-lefkas\/"},"modified":"2026-02-05T09:54:02","modified_gmt":"2026-02-05T06:54:02","slug":"evora-s-komoda-4-szuflady-zielony-dab-lefkas","status":"publish","type":"product","link":"https:\/\/baldumarket.lt\/lt\/product\/evora-s-komoda-4-szuflady-zielony-dab-lefkas\/","title":{"rendered":"\u201eEvora S\u201c komoda su 4 stal\u010diais, \u017ealia \/ Lefkas \u0105\u017euolas"},"content":{"rendered":"<p>Sukurta atsi\u017evelgiant \u012f elegancij\u0105 ir prakti\u0161kum\u0105, garsiosios \u201eHelvetia\u201c indauja \u201eEvora S\u201c yra puikus sprendimas ie\u0161kantiems auk\u0161tos kokyb\u0117s bald\u0173, kurie papuo\u0161t\u0173 j\u0173 interjer\u0105 unikaliu charakteriu. Subtilus \u017ealios spalvos fasado ir \u0161ilt\u0173 Lefko \u0105\u017euolo atspalvi\u0173 derinys yra moderni klasikini\u0173 motyv\u0173 interpretacija, tod\u0117l ji puikiai papildo \u012fvairius interjero stilius.<br \/>\nKeturi erdv\u016bs stal\u010diai u\u017etikrina puiki\u0105 tvark\u0105 ir leid\u017eia laikyti \u012fvairius daiktus \u2013 nuo drabu\u017ei\u0173 iki nam\u0173 aksesuar\u0173. Komoda pagaminta i\u0161 patvarios laminuotos bald\u0173 plok\u0161t\u0117s, tod\u0117l tarnauja ilgai ir yra lengvai valoma. Subtilios linijos ir paprasta forma sukuria minimalistin\u0119 estetik\u0105, kuri papildo bet koki\u0105 erdv\u0119.<br \/>\nSurinkimui nereikia speciali\u0173 \u012fg\u016bd\u017ei\u0173, nes jis skirtas savaranki\u0161kam surinkimui. Tvirta konstrukcija, paremta laminuota grindjuoste, u\u017etikrina stabilum\u0105 ir ilgaam\u017ei\u0161kum\u0105. \u201eEvora S\u201c indauja yra daugiau nei tik daikt\u0173 laikymo vieta \u2013 tai stilingas dekoratyvinis elementas, kuris suteiks j\u016bs\u0173 namams gaivumo ir modernaus funkcionalumo.<\/p>","protected":false},"excerpt":{"rendered":"<p>Plotis (cm): 90<br \/>\n\u016agis (cm): 81<br \/>\nGylis (cm): 42<\/p>","protected":false},"featured_media":154863,"comment_status":"open","ping_status":"open","template":"","meta":[],"product_brand":[],"product_cat":[9404,1173,4105],"product_tag":[],"class_list":{"0":"post-154862","1":"product","2":"type-product","3":"status-publish","4":"has-post-thumbnail","6":"product_cat-furniture-system-evora","7":"product_cat-chests-of-drawers","8":"product_cat-helvetia","10":"first","11":"instock","12":"purchasable","13":"product-type-simple"},"_links":{"self":[{"href":"https:\/\/baldumarket.lt\/lt\/wp-json\/wp\/v2\/product\/154862","targetHints":{"allow":["GET"]}}],"collection":[{"href":"https:\/\/baldumarket.lt\/lt\/wp-json\/wp\/v2\/product"}],"about":[{"href":"https:\/\/baldumarket.lt\/lt\/wp-json\/wp\/v2\/types\/product"}],"replies":[{"embeddable":true,"href":"https:\/\/baldumarket.lt\/lt\/wp-json\/wp\/v2\/comments?post=154862"}],"wp:featuredmedia":[{"embeddable":true,"href":"https:\/\/baldumarket.lt\/lt\/wp-json\/wp\/v2\/media\/154863"}],"wp:attachment":[{"href":"https:\/\/baldumarket.lt\/lt\/wp-json\/wp\/v2\/media?parent=154862"}],"wp:term":[{"taxonomy":"product_brand","embeddable":true,"href":"https:\/\/baldumarket.lt\/lt\/wp-json\/wp\/v2\/product_brand?post=154862"},{"taxonomy":"product_cat","embeddable":true,"href":"https:\/\/baldumarket.lt\/lt\/wp-json\/wp\/v2\/product_cat?post=154862"},{"taxonomy":"product_tag","embeddable":true,"href":"https:\/\/baldumarket.lt\/lt\/wp-json\/wp\/v2\/product_tag?post=154862"}],"curies":[{"name":"wp","href":"https:\/\/api.w.org\/{rel}","templated":true}]}}