{"id":154854,"date":"2025-12-18T17:39:40","date_gmt":"2025-12-18T14:39:40","guid":{"rendered":"https:\/\/baldumarket.lt\/product\/evora-office-regal-zielony-dab-lefkas\/"},"modified":"2026-02-05T09:54:02","modified_gmt":"2026-02-05T06:54:02","slug":"evora-office-regal-zielony-dab-lefkas","status":"publish","type":"product","link":"https:\/\/baldumarket.lt\/lt\/product\/evora-office-regal-zielony-dab-lefkas\/","title":{"rendered":"Evora biuras \u2013 Lefkas \u017ealio \u0105\u017euolo knyg\u0173 lentyna"},"content":{"rendered":"<p>Atraskite \u201eEvora Office\u201c \u2013 lentyn\u0173 blok\u0105, kuris pakeis j\u016bs\u0173 interjer\u0105 ir suteiks jam unikal\u0173 charakter\u012f. \u017dalias Lefkas \u0105\u017euolas kartu su matiniu pavir\u0161iumi suteikia j\u016bs\u0173 biuro tapetams nauj\u0105 elegancijos dimensij\u0105. \u0160is lentyn\u0173 blokas yra ne tik baldas; tai tikras ak\u012f traukiantis elementas, \u012fne\u0161antis harmonijos \u012f bet kuri\u0105 darbo viet\u0105. 200 cm auk\u0161tis idealiai tinka naudoti bet kuriame biuro kampe, nes suteikia daug vietos dokumentams, knygoms ir kitiems reikalingiems priedams laikyti. 71 cm plotis ir 42 cm gylis leid\u017eia lanks\u010diai i\u0161d\u0117styti erdv\u0119 neu\u017eimant per daug vietos. D\u0117l universalaus dizaino lentyn\u0173 blokas puikiai tinka tiek nam\u0173 biurams, tiek modernioms komercin\u0117ms erdv\u0117ms. Pagamintas i\u0161 patvarios laminuotos plok\u0161t\u0117s, \u201eEvora Office\u201c lentyn\u0173 blokas derina estetik\u0105 ir funkcionalum\u0105. \u0160i med\u017eiaga garantuoja ne tik patvarum\u0105, bet ir lengv\u0105 valym\u0105, o tai labai svarbu dinami\u0161koje darbo aplinkoje. Matinis pavir\u0161ius i\u0161ry\u0161kina subtil\u0173 Lefkas \u0105\u017euolo \u017eaves\u012f, o kartu lentyna yra atspari kasdieniam d\u0117v\u0117jimuisi, tod\u0117l pasi\u017eymi i\u0161skirtiniu patvarumu.<\/p>","protected":false},"excerpt":{"rendered":"<p>Plotis (cm): 71<br \/>\n\u016agis (cm): 200<br \/>\nGylis (cm): 42<\/p>","protected":false},"featured_media":154855,"comment_status":"open","ping_status":"open","template":"","meta":[],"product_brand":[],"product_cat":[9404,4105,1987],"product_tag":[],"class_list":{"0":"post-154854","1":"product","2":"type-product","3":"status-publish","4":"has-post-thumbnail","6":"product_cat-furniture-system-evora","7":"product_cat-helvetia","8":"product_cat-shelving-units","10":"first","11":"instock","12":"purchasable","13":"product-type-simple"},"_links":{"self":[{"href":"https:\/\/baldumarket.lt\/lt\/wp-json\/wp\/v2\/product\/154854","targetHints":{"allow":["GET"]}}],"collection":[{"href":"https:\/\/baldumarket.lt\/lt\/wp-json\/wp\/v2\/product"}],"about":[{"href":"https:\/\/baldumarket.lt\/lt\/wp-json\/wp\/v2\/types\/product"}],"replies":[{"embeddable":true,"href":"https:\/\/baldumarket.lt\/lt\/wp-json\/wp\/v2\/comments?post=154854"}],"wp:featuredmedia":[{"embeddable":true,"href":"https:\/\/baldumarket.lt\/lt\/wp-json\/wp\/v2\/media\/154855"}],"wp:attachment":[{"href":"https:\/\/baldumarket.lt\/lt\/wp-json\/wp\/v2\/media?parent=154854"}],"wp:term":[{"taxonomy":"product_brand","embeddable":true,"href":"https:\/\/baldumarket.lt\/lt\/wp-json\/wp\/v2\/product_brand?post=154854"},{"taxonomy":"product_cat","embeddable":true,"href":"https:\/\/baldumarket.lt\/lt\/wp-json\/wp\/v2\/product_cat?post=154854"},{"taxonomy":"product_tag","embeddable":true,"href":"https:\/\/baldumarket.lt\/lt\/wp-json\/wp\/v2\/product_tag?post=154854"}],"curies":[{"name":"wp","href":"https:\/\/api.w.org\/{rel}","templated":true}]}}