{"id":154846,"date":"2025-12-18T17:39:23","date_gmt":"2025-12-18T14:39:23","guid":{"rendered":"https:\/\/baldumarket.lt\/product\/evora-office-biurko-4-szuflady-zielony-dab-lefkas\/"},"modified":"2026-02-05T09:54:10","modified_gmt":"2026-02-05T06:54:10","slug":"evora-office-biurko-4-szuflady-zielony-dab-lefkas","status":"publish","type":"product","link":"https:\/\/baldumarket.lt\/lt\/product\/evora-office-biurko-4-szuflady-zielony-dab-lefkas\/","title":{"rendered":"\u201eEvora Office\u201c \u2013 ra\u0161omasis stalas su 4 stal\u010diais, \u201eLefkas Green Oak\u201c spalvos"},"content":{"rendered":"<p>Atraskite magi\u0161k\u0105 stiliaus ir funkcionalumo harmonij\u0105 su garsaus \u201eHelvetia\u201c prek\u0117s \u017eenklo \u201eEvora\u201c stalu. Unikalus spalv\u0173 derinys, \u012fskaitant matin\u0119 \u017eali\u0105 ir lefko \u0105\u017euolo spalvas, suteiks j\u016bs\u0173 biurui gaivumo ir elegancijos. \u0160is i\u0161skirtinis stalas, kurio matmenys \u2013 140 cm plo\u010dio, 77 cm auk\u0161\u010dio ir 70 cm gylio, puikiai papildys bet koki\u0105 erdv\u0119, nepriklausomai nuo jos stiliaus. \u201eEvora\u201c stalas yra ne tik baldas, bet ir jauki darbo vieta, skatinanti k\u016brybi\u0161kum\u0105 ir produktyvum\u0105. Matin\u0117 \u017ealia fasadas suteikia jam gaivumo poj\u016bt\u012f, o \u0161vies\u016bs lefko \u0105\u017euolo mediniai akcentai suteikia jam \u0161ilumos. D\u0117l eleganti\u0161ko dizaino kiekviena u\u017eduotis taps malonumu, skatindama jus ilgiau praleisti patogioje biuro aplinkoje. \u201eEvora\u201c stalo funkcionalumas buvo sukurtas atsi\u017evelgiant \u012f kasdienius poreikius. Jame yra keturi erdv\u016bs stal\u010diai, tod\u0117l jame galima efektyviai sutalpinti visus b\u016btiniausius biuro reikmenis, tod\u0117l j\u016bs\u0173 darbo vieta i\u0161lieka tvarkinga ir organizuota. D\u0117l gerai apgalvoto dizaino prieiga prie dokument\u0173 ir pried\u0173 visada yra lengva ir patogi, o tai padidina darbo komfort\u0105.<\/p>","protected":false},"excerpt":{"rendered":"<p>Plotis (cm): 140<br \/>\n\u016agis (cm): 77<br \/>\nGylis (cm): 70<\/p>","protected":false},"featured_media":154847,"comment_status":"open","ping_status":"open","template":"","meta":[],"product_brand":[],"product_cat":[9404,1312,4105],"product_tag":[],"class_list":{"0":"post-154846","1":"product","2":"type-product","3":"status-publish","4":"has-post-thumbnail","6":"product_cat-furniture-system-evora","7":"product_cat-desks","8":"product_cat-helvetia","10":"first","11":"instock","12":"purchasable","13":"product-type-simple"},"_links":{"self":[{"href":"https:\/\/baldumarket.lt\/lt\/wp-json\/wp\/v2\/product\/154846","targetHints":{"allow":["GET"]}}],"collection":[{"href":"https:\/\/baldumarket.lt\/lt\/wp-json\/wp\/v2\/product"}],"about":[{"href":"https:\/\/baldumarket.lt\/lt\/wp-json\/wp\/v2\/types\/product"}],"replies":[{"embeddable":true,"href":"https:\/\/baldumarket.lt\/lt\/wp-json\/wp\/v2\/comments?post=154846"}],"wp:featuredmedia":[{"embeddable":true,"href":"https:\/\/baldumarket.lt\/lt\/wp-json\/wp\/v2\/media\/154847"}],"wp:attachment":[{"href":"https:\/\/baldumarket.lt\/lt\/wp-json\/wp\/v2\/media?parent=154846"}],"wp:term":[{"taxonomy":"product_brand","embeddable":true,"href":"https:\/\/baldumarket.lt\/lt\/wp-json\/wp\/v2\/product_brand?post=154846"},{"taxonomy":"product_cat","embeddable":true,"href":"https:\/\/baldumarket.lt\/lt\/wp-json\/wp\/v2\/product_cat?post=154846"},{"taxonomy":"product_tag","embeddable":true,"href":"https:\/\/baldumarket.lt\/lt\/wp-json\/wp\/v2\/product_tag?post=154846"}],"curies":[{"name":"wp","href":"https:\/\/api.w.org\/{rel}","templated":true}]}}