{"id":154838,"date":"2025-12-18T17:39:07","date_gmt":"2025-12-18T14:39:07","guid":{"rendered":"https:\/\/baldumarket.lt\/product\/evora-office-biurko-1d4s-zielony-dab-lefkas\/"},"modified":"2026-02-05T09:54:10","modified_gmt":"2026-02-05T06:54:10","slug":"evora-office-biurko-1d4s-zielony-dab-lefkas","status":"publish","type":"product","link":"https:\/\/baldumarket.lt\/lt\/product\/evora-office-biurko-1d4s-zielony-dab-lefkas\/","title":{"rendered":"Evora biuro stalas, 1D4S, \u017ealias \u0105\u017euolas, Lefkas"},"content":{"rendered":"<p>Pristatome \u201eEvora Office\u201c stal\u0105, kuriame dera modernus dizainas ir funkcionalumas. Skandinavi\u0161ko stiliaus \u201eLefkas\u201c \u0105\u017euolinis stalas su matin\u0117s \u017ealios spalvos akcentais traukia ak\u012f ir suteikia gaivumo bet kokiam interjerui. Tai puikus pasirinkimas tiems, kurie nori susikurti darbo viet\u0105, kurioje b\u016bt\u0173 malonu b\u016bti. \u201eEvora Office\u201c stalas pasi\u017eymi ne tik patrauklia i\u0161vaizda, bet ir patvarumu bei prakti\u0161kumu. Pagamintas i\u0161 auk\u0161tos kokyb\u0117s laminuotos plok\u0161t\u0117s, tiek korpusas, tiek fasadai garantuoja atsparum\u0105 kasdieniam naudojimui, tod\u0117l tai puikus pasirinkimas tiek biurams, tiek nam\u0173 biurams. \u017dalias atspalvis suteikia erdvei jaukumo ir \u012fkvepimo poj\u016bt\u012f, \u017eymiai pagerindamas darbo komfort\u0105. Optimalus 180 cm plotis ir 70 cm gylis suteikia daug vietos biuro \u012frangai ir dokumentams, tuo pa\u010diu suma\u017eindamas stalo u\u017eimam\u0105 plot\u0105. D\u0117l modernios formos ir minimalistini\u0173 detali\u0173 \u201eEvora Office\u201c stalas lengvai integruojamas \u012f \u012fvairius interjero dizainus \u2013 nuo klasikinio iki modernaus.<\/p>","protected":false},"excerpt":{"rendered":"<p>Plotis (cm): 180<br \/>\n\u016agis (cm): 77<br \/>\nGylis (cm): 70<\/p>","protected":false},"featured_media":154839,"comment_status":"open","ping_status":"open","template":"","meta":[],"product_brand":[],"product_cat":[9404,1312,4105],"product_tag":[],"class_list":{"0":"post-154838","1":"product","2":"type-product","3":"status-publish","4":"has-post-thumbnail","6":"product_cat-furniture-system-evora","7":"product_cat-desks","8":"product_cat-helvetia","10":"first","11":"instock","12":"purchasable","13":"product-type-simple"},"_links":{"self":[{"href":"https:\/\/baldumarket.lt\/lt\/wp-json\/wp\/v2\/product\/154838","targetHints":{"allow":["GET"]}}],"collection":[{"href":"https:\/\/baldumarket.lt\/lt\/wp-json\/wp\/v2\/product"}],"about":[{"href":"https:\/\/baldumarket.lt\/lt\/wp-json\/wp\/v2\/types\/product"}],"replies":[{"embeddable":true,"href":"https:\/\/baldumarket.lt\/lt\/wp-json\/wp\/v2\/comments?post=154838"}],"wp:featuredmedia":[{"embeddable":true,"href":"https:\/\/baldumarket.lt\/lt\/wp-json\/wp\/v2\/media\/154839"}],"wp:attachment":[{"href":"https:\/\/baldumarket.lt\/lt\/wp-json\/wp\/v2\/media?parent=154838"}],"wp:term":[{"taxonomy":"product_brand","embeddable":true,"href":"https:\/\/baldumarket.lt\/lt\/wp-json\/wp\/v2\/product_brand?post=154838"},{"taxonomy":"product_cat","embeddable":true,"href":"https:\/\/baldumarket.lt\/lt\/wp-json\/wp\/v2\/product_cat?post=154838"},{"taxonomy":"product_tag","embeddable":true,"href":"https:\/\/baldumarket.lt\/lt\/wp-json\/wp\/v2\/product_tag?post=154838"}],"curies":[{"name":"wp","href":"https:\/\/api.w.org\/{rel}","templated":true}]}}