{"id":154830,"date":"2025-12-18T17:38:50","date_gmt":"2025-12-18T14:38:50","guid":{"rendered":"https:\/\/baldumarket.lt\/product\/eko-stolik-kawowy-rozsuwany-kaszmir-czarny-onyx\/"},"modified":"2026-02-05T10:45:04","modified_gmt":"2026-02-05T07:45:04","slug":"eko-stolik-kawowy-rozsuwany-kaszmir-czarny-onyx","status":"publish","type":"product","link":"https:\/\/baldumarket.lt\/lt\/product\/eko-stolik-kawowy-rozsuwany-kaszmir-czarny-onyx\/","title":{"rendered":"Eko \u2013 i\u0161traukiamas kavos staliukas, ka\u0161myro juodumo, onikso spalvos"},"content":{"rendered":"<p>\u201eHelvetia\u201c i\u0161traukiamas kavos staliukas \u201eKashmir Black Onyx\u201c \u2013 tai tobulas elegancijos ir funkcionalumo derinys, kuris prad\u017eiugins kiekvien\u0105 modernaus dizaino myl\u0117toj\u0105. Minimalistin\u0117 forma skland\u017eiai \u012fsilies \u012f bet kok\u012f interjer\u0105, suteikdama prabangos. D\u0117l universalios ka\u0161myro spalvos ir matini\u0173 juod\u0173 kojeli\u0173 staliukas lengvai tiks tiek klasikiniame, tiek moderniame interjere ir taps j\u016bs\u0173 svetain\u0117s traukos centru. Did\u017eiausias stalo privalumas \u2013 i\u0161traukiamas mechanizmas. J\u012f galite pritaikyti prie savo poreiki\u0173, tod\u0117l jis idealiai tinka susib\u016brimams su draugais, \u0161eimos susib\u016brimams ar romanti\u0161koms vakarien\u0117ms. D\u0117l paprastos formos stal\u0105 lengva i\u0161tiesti, o sukurti daugiau erdv\u0117s \u2013 vienas juokas. Tai kiekvien\u0105 namuose praleist\u0105 akimirk\u0105 pavers dar ypatingesne. Staliukas pagamintas i\u0161 auk\u0161tos kokyb\u0117s med\u017eiag\u0173, u\u017etikrinan\u010di\u0173 ne tik estetin\u0119 i\u0161vaizd\u0105, bet ir ilgaam\u017ei\u0161kum\u0105. Laminuotos lentos garantuoja atsparum\u0105 \u012fbr\u0117\u017eimams ir lengv\u0105 valym\u0105. Metalin\u0117s kojel\u0117s suteikia stabilumo ir kartu prisideda prie modernaus baldo i\u0161vaizdos. Galite b\u016bti tikri, kad su\u017eav\u0117site savo sve\u010dius ne tik elegancija, bet ir apgalvotu po\u017ei\u016briu \u012f kokyb\u0119.<\/p>","protected":false},"excerpt":{"rendered":"<p>Plotis (cm): 90<br \/>\n\u016agis (cm): 38<br \/>\nGylis (cm): 58<\/p>","protected":false},"featured_media":154831,"comment_status":"open","ping_status":"open","template":"","meta":[],"product_brand":[],"product_cat":[9417,866,4105],"product_tag":[],"class_list":{"0":"post-154830","1":"product","2":"type-product","3":"status-publish","4":"has-post-thumbnail","6":"product_cat-coffee-tables-eko","7":"product_cat-coffee-tables","8":"product_cat-helvetia","10":"first","11":"instock","12":"purchasable","13":"product-type-simple"},"_links":{"self":[{"href":"https:\/\/baldumarket.lt\/lt\/wp-json\/wp\/v2\/product\/154830","targetHints":{"allow":["GET"]}}],"collection":[{"href":"https:\/\/baldumarket.lt\/lt\/wp-json\/wp\/v2\/product"}],"about":[{"href":"https:\/\/baldumarket.lt\/lt\/wp-json\/wp\/v2\/types\/product"}],"replies":[{"embeddable":true,"href":"https:\/\/baldumarket.lt\/lt\/wp-json\/wp\/v2\/comments?post=154830"}],"wp:featuredmedia":[{"embeddable":true,"href":"https:\/\/baldumarket.lt\/lt\/wp-json\/wp\/v2\/media\/154831"}],"wp:attachment":[{"href":"https:\/\/baldumarket.lt\/lt\/wp-json\/wp\/v2\/media?parent=154830"}],"wp:term":[{"taxonomy":"product_brand","embeddable":true,"href":"https:\/\/baldumarket.lt\/lt\/wp-json\/wp\/v2\/product_brand?post=154830"},{"taxonomy":"product_cat","embeddable":true,"href":"https:\/\/baldumarket.lt\/lt\/wp-json\/wp\/v2\/product_cat?post=154830"},{"taxonomy":"product_tag","embeddable":true,"href":"https:\/\/baldumarket.lt\/lt\/wp-json\/wp\/v2\/product_tag?post=154830"}],"curies":[{"name":"wp","href":"https:\/\/api.w.org\/{rel}","templated":true}]}}