{"id":154822,"date":"2025-12-18T17:38:33","date_gmt":"2025-12-18T14:38:33","guid":{"rendered":"https:\/\/baldumarket.lt\/product\/eko-stolik-kawowy-rozsuwany-dab-wotan-czarny-onyx\/"},"modified":"2026-02-05T10:45:04","modified_gmt":"2026-02-05T07:45:04","slug":"eko-stolik-kawowy-rozsuwany-dab-wotan-czarny-onyx","status":"publish","type":"product","link":"https:\/\/baldumarket.lt\/lt\/product\/eko-stolik-kawowy-rozsuwany-dab-wotan-czarny-onyx\/","title":{"rendered":"Eko \u2013 i\u0161traukiamas kavos staliukas Wotan \u0105\u017euolo juodo onikso spalvos"},"content":{"rendered":"<p>\u201eEko\u201c kavos staliukas \u2013 tai tobulas elegancijos ir funkcionalumo derinys, puikiai tinkantis visiems, norintiems \u012f savo interjer\u0105 \u012fne\u0161ti modernaus stiliaus. Pagamintas i\u0161 auk\u0161tos kokyb\u0117s laminuotos \u201eWotan\u201c \u0105\u017euolo medienos, staliukas spinduliuoja \u0161ilum\u0105 ir jaukum\u0105, kartu b\u016bdamas itin prakti\u0161kas kasdieniam naudojimui. D\u0117l universalaus dizaino jis puikiai tinka \u012fvairiems interjerams \u2013 nuo klasikinio iki modernaus. Vienas i\u0161 pagrindini\u0173 \u0161io stalo privalum\u0173 \u2013 i\u0161traukiamas dizainas, leid\u017eiantis pritaikyti jo dyd\u012f prie esam\u0173 poreiki\u0173. Priimdami sve\u010dius, tiesiog \u0161velniai i\u0161skleiskite stal\u0105, kad sukurtum\u0117te didesn\u012f pavir\u0161i\u0173 u\u017ekand\u017eiams ir g\u0117rimams patiekti. Tai pavers j\u016bs\u0173 svetain\u0119 tobula susib\u016brimo vieta, kur visi jausis patogiai ir patogiai. Stulbinanti ne tik jo forma, bet ir naudojamos med\u017eiagos. Tvirtos metalin\u0117s kojel\u0117s u\u017etikrina stabilum\u0105 ir ilgaam\u017ei\u0161kum\u0105, tod\u0117l stalas tarnaus ilgus metus. Laminuota lenta yra ne tik esteti\u0161kai patraukli, bet ir prakti\u0161ka \u2013 j\u0105 lengva valyti, o tai ypa\u010d svarbu kasdieniam naudojimui.<\/p>","protected":false},"excerpt":{"rendered":"<p>Plotis (cm): 90<br \/>\n\u016agis (cm): 38<br \/>\nGylis (cm): 58<\/p>","protected":false},"featured_media":154823,"comment_status":"open","ping_status":"open","template":"","meta":[],"product_brand":[],"product_cat":[9417,866,4105],"product_tag":[],"class_list":{"0":"post-154822","1":"product","2":"type-product","3":"status-publish","4":"has-post-thumbnail","6":"product_cat-coffee-tables-eko","7":"product_cat-coffee-tables","8":"product_cat-helvetia","10":"first","11":"instock","12":"purchasable","13":"product-type-simple"},"_links":{"self":[{"href":"https:\/\/baldumarket.lt\/lt\/wp-json\/wp\/v2\/product\/154822","targetHints":{"allow":["GET"]}}],"collection":[{"href":"https:\/\/baldumarket.lt\/lt\/wp-json\/wp\/v2\/product"}],"about":[{"href":"https:\/\/baldumarket.lt\/lt\/wp-json\/wp\/v2\/types\/product"}],"replies":[{"embeddable":true,"href":"https:\/\/baldumarket.lt\/lt\/wp-json\/wp\/v2\/comments?post=154822"}],"wp:featuredmedia":[{"embeddable":true,"href":"https:\/\/baldumarket.lt\/lt\/wp-json\/wp\/v2\/media\/154823"}],"wp:attachment":[{"href":"https:\/\/baldumarket.lt\/lt\/wp-json\/wp\/v2\/media?parent=154822"}],"wp:term":[{"taxonomy":"product_brand","embeddable":true,"href":"https:\/\/baldumarket.lt\/lt\/wp-json\/wp\/v2\/product_brand?post=154822"},{"taxonomy":"product_cat","embeddable":true,"href":"https:\/\/baldumarket.lt\/lt\/wp-json\/wp\/v2\/product_cat?post=154822"},{"taxonomy":"product_tag","embeddable":true,"href":"https:\/\/baldumarket.lt\/lt\/wp-json\/wp\/v2\/product_tag?post=154822"}],"curies":[{"name":"wp","href":"https:\/\/api.w.org\/{rel}","templated":true}]}}