{"id":154816,"date":"2025-12-18T17:38:18","date_gmt":"2025-12-18T14:38:18","guid":{"rendered":"https:\/\/baldumarket.lt\/product\/eko-stolik-kawowy-prostokatny-dab-wotan-czarny-metal\/"},"modified":"2026-02-05T10:45:04","modified_gmt":"2026-02-05T07:45:04","slug":"eko-stolik-kawowy-prostokatny-dab-wotan-czarny-metal","status":"publish","type":"product","link":"https:\/\/baldumarket.lt\/lt\/product\/eko-stolik-kawowy-prostokatny-dab-wotan-czarny-metal\/","title":{"rendered":"Eko &#8211; sta\u010diakampis kavos staliukas Wotan, \u0105\u017euolo spalvos, juodo metalo"},"content":{"rendered":"<p>Atraskite \u201eWotan Oak\u201c sta\u010diakamp\u012f ekologi\u0161k\u0105 kavos staliuk\u0105 su juodomis metalin\u0117mis kojel\u0117mis \u2013 tobul\u0105 bet kokio interjero papildym\u0105! Unikalus dizainas sujungia nat\u016bral\u0173 med\u017eio gro\u017e\u012f su industriniu metalo stiliumi, sukurdamas harmoning\u0105, ak\u012f traukian\u010di\u0105 visum\u0105. \u0160is stalas yra ne tik baldas; tai j\u016bs\u0173 svetain\u0117s \u0161irdis, puiki vieta rytinei kavai, vakaro susib\u016brimams ar poilsiui su knyga. Stalas i\u0161siskiria ne tik estetika, bet ir funkcionalumu. 100 cm plo\u010dio ir 65 cm gylio staliukas suteikia daug vietos j\u016bs\u0173 m\u0117gstamiausiems g\u0117rimams, u\u017ekand\u017eiams ir dekoracijoms. 43 cm auk\u0161tis leid\u017eia j\u012f patogiai naudoti \u2013 puikiai tinka s\u0117d\u0117ti ant sofos ar fotelio. Stabili konstrukcija ir patvarios med\u017eiagos paver\u010dia j\u012f baldu, kuris tarnaus ilgus metus. \u201eWotan Oak\u201c lentynos suteikia j\u016bs\u0173 interjerui \u0161ilumos ir jaukumo, o matin\u0117s juodos kojel\u0117s pabr\u0117\u017eia modern\u0173 stalo charakter\u012f. \u0160i\u0173 dviej\u0173 spalv\u0173 derinys leid\u017eia stal\u0105 lengvai priderinti prie \u012fvairi\u0173 interjer\u0173 \u2013 nuo skandinavi\u0161kos elegancijos iki lofto \u017eavesio. Tai puikus pasirinkimas tiems, kurie nori sukurti stiling\u0105 erdv\u0119 savo namuose.<\/p>","protected":false},"excerpt":{"rendered":"<p>Plotis (cm): 100<br \/>\n\u016agis (cm): 43<br \/>\nGylis (cm): 65<\/p>","protected":false},"featured_media":154817,"comment_status":"open","ping_status":"open","template":"","meta":[],"product_brand":[],"product_cat":[9417,866,4105],"product_tag":[],"class_list":{"0":"post-154816","1":"product","2":"type-product","3":"status-publish","4":"has-post-thumbnail","6":"product_cat-coffee-tables-eko","7":"product_cat-coffee-tables","8":"product_cat-helvetia","10":"first","11":"instock","12":"purchasable","13":"product-type-simple"},"_links":{"self":[{"href":"https:\/\/baldumarket.lt\/lt\/wp-json\/wp\/v2\/product\/154816","targetHints":{"allow":["GET"]}}],"collection":[{"href":"https:\/\/baldumarket.lt\/lt\/wp-json\/wp\/v2\/product"}],"about":[{"href":"https:\/\/baldumarket.lt\/lt\/wp-json\/wp\/v2\/types\/product"}],"replies":[{"embeddable":true,"href":"https:\/\/baldumarket.lt\/lt\/wp-json\/wp\/v2\/comments?post=154816"}],"wp:featuredmedia":[{"embeddable":true,"href":"https:\/\/baldumarket.lt\/lt\/wp-json\/wp\/v2\/media\/154817"}],"wp:attachment":[{"href":"https:\/\/baldumarket.lt\/lt\/wp-json\/wp\/v2\/media?parent=154816"}],"wp:term":[{"taxonomy":"product_brand","embeddable":true,"href":"https:\/\/baldumarket.lt\/lt\/wp-json\/wp\/v2\/product_brand?post=154816"},{"taxonomy":"product_cat","embeddable":true,"href":"https:\/\/baldumarket.lt\/lt\/wp-json\/wp\/v2\/product_cat?post=154816"},{"taxonomy":"product_tag","embeddable":true,"href":"https:\/\/baldumarket.lt\/lt\/wp-json\/wp\/v2\/product_tag?post=154816"}],"curies":[{"name":"wp","href":"https:\/\/api.w.org\/{rel}","templated":true}]}}