{"id":154813,"date":"2025-12-18T17:38:13","date_gmt":"2025-12-18T14:38:13","guid":{"rendered":"https:\/\/baldumarket.lt\/product\/eko-stolik-kawowy-prostokatny-czarny-onyx-dab-wotan\/"},"modified":"2026-02-05T10:45:04","modified_gmt":"2026-02-05T07:45:04","slug":"eko-stolik-kawowy-prostokatny-czarny-onyx-dab-wotan","status":"publish","type":"product","link":"https:\/\/baldumarket.lt\/lt\/product\/eko-stolik-kawowy-prostokatny-czarny-onyx-dab-wotan\/","title":{"rendered":"Eko &#8211; sta\u010diakampis kavos staliukas, juodas oniksas, \u0105\u017euolas, Wotan"},"content":{"rendered":"<p>Atraskite paprastumo gro\u017e\u012f su ekologi\u0161ku \u201eHelvetia\u201c kavos staliuku i\u0161 \u201eWotan Oak and Black Onyx\u201c. \u0160is eleganti\u0161kas baldas puikiai der\u0117s prie bet kokio interjero stiliaus \u2013 modernaus, skandinavi\u0161ko ar kaimi\u0161ko. M\u0117gaukit\u0117s rytu su m\u0117gstama kava, atsipalaiduodami ak\u012f traukian\u010dio dizaino aplinkoje. \u0160is kavos staliukas yra ne tik prakti\u0161kas elementas, bet ir j\u016bs\u0173 svetain\u0117s \u0161irdis \u2013 vieta, kur renkasi \u0161eima ir draugai.<\/p>\n<p>Stalvir\u0161is pagamintas i\u0161 \u0161ilto Wotan \u0105\u017euolo atspalvio laminuotos plok\u0161t\u0117s, suteikian\u010dios jam nat\u016bralaus \u017eavesio. Lygus, lengvai valomas pavir\u0161ius \u2013 puikus sprendimas tiems, kurie vertina ir estetik\u0105, ir prakti\u0161kum\u0105. Stalo kojos, pagamintos i\u0161 tvirto metalo eleganti\u0161ko juodo onikso spalvos, ne tik suteikia stabilumo, bet ir modernumo. \u0160is neapdoroto metalo ir \u0161iltos medienos kontrastas yra tikra aki\u0173 \u0161vent\u0117. Stalo matmenys \u2013 102 cm plo\u010dio, 44 cm auk\u0161\u010dio ir 60 cm gylio \u2013 puikiai tinka tiek ma\u017eoms, tiek didel\u0117ms erdv\u0117ms. Ant jo lengvai telpa ne tik puodelis kavos, bet ir knygos, laikra\u0161\u010diai ir net dekoracijos. D\u0117l minimalistinio dizaino jis lengvai der\u0117s prie j\u016bs\u0173 dabartinio interjero dizaino, o universalumas u\u017etikrina, kad jis tarnaus ilgus metus, nepaisant mados ar spalv\u0173 gamos poky\u010di\u0173.<\/p>\n<p>Taip pat verta pamin\u0117ti, kad stal\u0105 ypa\u010d lengva surinkti \u2013 j\u012f galite surinkti patys vos per kelias akimirkas, tod\u0117l gal\u0117site greitai m\u0117gautis nauju pirkiniu savo namuose. \u201eHelvetia\u201c, atsi\u017evelgdama \u012f klient\u0173 aptarnavim\u0105, teikia pagalb\u0105 visoje ES, tod\u0117l pasirinkdami \u0161\u012f bald\u0105, renkat\u0117s auk\u0161t\u0105 kokyb\u0119 ir geriausius sprendimus. Rinkit\u0117s stiling\u0105 ir funkcional\u0173 laisvalaik\u012f \u2013 \u201eHelvetia\u201c kavos staliukas tikrai pagerins kiekvien\u0105 akimirk\u0105, praleist\u0105 j\u016bs\u0173 namuose!<\/p>","protected":false},"excerpt":{"rendered":"<p>Plotis (cm): 102<br \/>\n\u016agis (cm): 44<br \/>\nGylis (cm): 60<\/p>","protected":false},"featured_media":154814,"comment_status":"open","ping_status":"open","template":"","meta":[],"product_brand":[],"product_cat":[9417,866,4105],"product_tag":[],"class_list":{"0":"post-154813","1":"product","2":"type-product","3":"status-publish","4":"has-post-thumbnail","6":"product_cat-coffee-tables-eko","7":"product_cat-coffee-tables","8":"product_cat-helvetia","10":"first","11":"instock","12":"purchasable","13":"product-type-simple"},"_links":{"self":[{"href":"https:\/\/baldumarket.lt\/lt\/wp-json\/wp\/v2\/product\/154813","targetHints":{"allow":["GET"]}}],"collection":[{"href":"https:\/\/baldumarket.lt\/lt\/wp-json\/wp\/v2\/product"}],"about":[{"href":"https:\/\/baldumarket.lt\/lt\/wp-json\/wp\/v2\/types\/product"}],"replies":[{"embeddable":true,"href":"https:\/\/baldumarket.lt\/lt\/wp-json\/wp\/v2\/comments?post=154813"}],"wp:featuredmedia":[{"embeddable":true,"href":"https:\/\/baldumarket.lt\/lt\/wp-json\/wp\/v2\/media\/154814"}],"wp:attachment":[{"href":"https:\/\/baldumarket.lt\/lt\/wp-json\/wp\/v2\/media?parent=154813"}],"wp:term":[{"taxonomy":"product_brand","embeddable":true,"href":"https:\/\/baldumarket.lt\/lt\/wp-json\/wp\/v2\/product_brand?post=154813"},{"taxonomy":"product_cat","embeddable":true,"href":"https:\/\/baldumarket.lt\/lt\/wp-json\/wp\/v2\/product_cat?post=154813"},{"taxonomy":"product_tag","embeddable":true,"href":"https:\/\/baldumarket.lt\/lt\/wp-json\/wp\/v2\/product_tag?post=154813"}],"curies":[{"name":"wp","href":"https:\/\/api.w.org\/{rel}","templated":true}]}}