{"id":154807,"date":"2025-12-18T17:38:00","date_gmt":"2025-12-18T14:38:00","guid":{"rendered":"https:\/\/baldumarket.lt\/product\/eko-stolik-kawowy-prostokatny-congo-czarny-metal\/"},"modified":"2026-02-03T23:33:18","modified_gmt":"2026-02-03T20:33:18","slug":"eko-stolik-kawowy-prostokatny-congo-czarny-metal","status":"publish","type":"product","link":"https:\/\/baldumarket.lt\/lt\/product\/eko-stolik-kawowy-prostokatny-congo-czarny-metal\/","title":{"rendered":"\u201eEco \u2013 Congo\u201c sta\u010diakampis kavos staliukas, juodas metalas"},"content":{"rendered":"<p>Sta\u010diakampis \u201eHelvetia\u201c kavos staliukas \u201eCongo\u201c \u2013 tai tobulas modernaus dizaino ir funkcionalumo derinys. Minimalistin\u0117 forma, eleganti\u0161ka juoda apdaila, puikiai der\u0117s prie \u012fvairi\u0173 interjer\u0173 \u2013 nuo skandinavi\u0161ko iki industrinio. Jis tikrai pritrauks j\u016bs\u0173 sve\u010di\u0173 ak\u012f ir suteiks j\u016bs\u0173 svetainei klas\u0117s. Kasdieniam naudojimui skirtas erdvus 100 cm x 65 cm stalvir\u0161is suteikia patogi\u0105 viet\u0105 puodeliui kavos, u\u017ekand\u017eiams ar knygoms. Nesvarbu, ar rengiate vakar\u0117l\u012f, ar tiesiog leid\u017eiate laik\u0105 su \u0161eima, \u201eCongo\u201c si\u016blo puik\u0173 pavir\u0161i\u0173 poilsiui ir bendravimui. \u0160is stalas kiekvien\u0105 akimirk\u0105 j\u016bs\u0173 namuose pavers malonesne. Stalas pagamintas i\u0161 auk\u0161tos kokyb\u0117s med\u017eiag\u0173. Laminuotas stalvir\u0161is ir lentynos yra ne tik esteti\u0161kai patraukl\u016bs, bet ir lengvai valomi, tod\u0117l i\u0161laikyti jo i\u0161vaizd\u0105 bus lengva. Metalin\u0117s kojel\u0117s suteikia stabilumo ir patvarumo, tod\u0117l \u0161iuo stalu gal\u0117site d\u017eiaugtis ilgus metus nesijaudindami d\u0117l pa\u017eeidim\u0173.<\/p>","protected":false},"excerpt":{"rendered":"<p>Plotis (cm): 100<br \/>\n\u016agis (cm): 43<br \/>\nGylis (cm): 65<\/p>","protected":false},"featured_media":154808,"comment_status":"open","ping_status":"open","template":"","meta":[],"product_brand":[],"product_cat":[866,4105],"product_tag":[],"class_list":{"0":"post-154807","1":"product","2":"type-product","3":"status-publish","4":"has-post-thumbnail","6":"product_cat-coffee-tables","7":"product_cat-helvetia","9":"first","10":"instock","11":"purchasable","12":"product-type-simple"},"_links":{"self":[{"href":"https:\/\/baldumarket.lt\/lt\/wp-json\/wp\/v2\/product\/154807","targetHints":{"allow":["GET"]}}],"collection":[{"href":"https:\/\/baldumarket.lt\/lt\/wp-json\/wp\/v2\/product"}],"about":[{"href":"https:\/\/baldumarket.lt\/lt\/wp-json\/wp\/v2\/types\/product"}],"replies":[{"embeddable":true,"href":"https:\/\/baldumarket.lt\/lt\/wp-json\/wp\/v2\/comments?post=154807"}],"wp:featuredmedia":[{"embeddable":true,"href":"https:\/\/baldumarket.lt\/lt\/wp-json\/wp\/v2\/media\/154808"}],"wp:attachment":[{"href":"https:\/\/baldumarket.lt\/lt\/wp-json\/wp\/v2\/media?parent=154807"}],"wp:term":[{"taxonomy":"product_brand","embeddable":true,"href":"https:\/\/baldumarket.lt\/lt\/wp-json\/wp\/v2\/product_brand?post=154807"},{"taxonomy":"product_cat","embeddable":true,"href":"https:\/\/baldumarket.lt\/lt\/wp-json\/wp\/v2\/product_cat?post=154807"},{"taxonomy":"product_tag","embeddable":true,"href":"https:\/\/baldumarket.lt\/lt\/wp-json\/wp\/v2\/product_tag?post=154807"}],"curies":[{"name":"wp","href":"https:\/\/api.w.org\/{rel}","templated":true}]}}