{"id":154799,"date":"2025-12-18T17:37:44","date_gmt":"2025-12-18T14:37:44","guid":{"rendered":"https:\/\/baldumarket.lt\/product\/cube-szafa-3-drzwi-przesuwnych-270-cm-kaszmir-congo\/"},"modified":"2026-02-05T11:29:57","modified_gmt":"2026-02-05T08:29:57","slug":"cube-szafa-3-drzwi-przesuwnych-270-cm-kaszmir-congo","status":"publish","type":"product","link":"https:\/\/baldumarket.lt\/lt\/product\/cube-szafa-3-drzwi-przesuwnych-270-cm-kaszmir-congo\/","title":{"rendered":"KUBAS \u2013 Drabu\u017ein\u0117 su 3 stumdomomis durimis, 270 cm, ka\u0161myro ir Kongo spalvos"},"content":{"rendered":"<p>Pasisveikinkite su elegancija ir funkcionalumu, kur\u012f si\u016blo \u201eCube\u201c spinta su trimis stumdomomis durimis, kuri\u0173 plotis \u012fsp\u016bdingas \u2013 270 cm. \u0160i unikali spinta derina modern\u0173 dizain\u0105 su nesenstan\u010dia estetika, tod\u0117l ji yra ne tik prakti\u0161kas j\u016bs\u0173 interjero elementas, bet ir tikrai stilinga puo\u0161mena. Ka\u0161myro spalvos korpusas kartu su ka\u0161myro spalvos priekiu sukuria harmoning\u0105 visum\u0105, kuri puikiai dera su \u012fvairiais i\u0161d\u0117stymais. Auk\u0161tos kokyb\u0117s med\u017eiagos, i\u0161 kuri\u0173 pagaminta spinta, u\u017etikrina jos patvarum\u0105 ir atsparum\u0105 kasdieniam naudojimui. Laminuota plok\u0161t\u0117 ne tik palengvina valym\u0105, bet ir suteikia baldams moderni\u0105 bei eleganti\u0161k\u0105 i\u0161vaizd\u0105. D\u0117l stumdom\u0173 dur\u0173 sistemos naudotis spinta yra ne tik patogu, bet ir sutaupoma vertingos vietos j\u016bs\u0173 kambaryje, o tai ypa\u010d svarbu ma\u017eesniuose interjeruose. \u201eCube\u201c spinta taip pat yra puikus sprendimas norint sutvarkyti savo drabu\u017ei\u0173 ir aksesuar\u0173 kolekcij\u0105. Prakti\u0161kos \u201eLinen\u201c lentynos suteikia daug vietos daiktams susid\u0117ti, o j\u0173 neutralus atspalvis subtiliai papildo bendr\u0105 interjer\u0105, suteikdamas lengvumo ir gaivumo. Matin\u0117 juoda rankena suteikia spintai rafinuot\u0105 charakter\u012f, kuris tikrai patrauks bet kurio sve\u010dio ak\u012f.<\/p>","protected":false},"excerpt":{"rendered":"<p>Plotis (cm): 270<br \/>\n\u016agis (cm): 210<br \/>\nGylis (cm): 60<\/p>","protected":false},"featured_media":154800,"comment_status":"open","ping_status":"open","template":"","meta":[],"product_brand":[],"product_cat":[9422,4105,1177],"product_tag":[],"class_list":{"0":"post-154799","1":"product","2":"type-product","3":"status-publish","4":"has-post-thumbnail","6":"product_cat-furniture-system-cube","7":"product_cat-helvetia","8":"product_cat-wardrobes","10":"first","11":"instock","12":"purchasable","13":"product-type-simple"},"_links":{"self":[{"href":"https:\/\/baldumarket.lt\/lt\/wp-json\/wp\/v2\/product\/154799","targetHints":{"allow":["GET"]}}],"collection":[{"href":"https:\/\/baldumarket.lt\/lt\/wp-json\/wp\/v2\/product"}],"about":[{"href":"https:\/\/baldumarket.lt\/lt\/wp-json\/wp\/v2\/types\/product"}],"replies":[{"embeddable":true,"href":"https:\/\/baldumarket.lt\/lt\/wp-json\/wp\/v2\/comments?post=154799"}],"wp:featuredmedia":[{"embeddable":true,"href":"https:\/\/baldumarket.lt\/lt\/wp-json\/wp\/v2\/media\/154800"}],"wp:attachment":[{"href":"https:\/\/baldumarket.lt\/lt\/wp-json\/wp\/v2\/media?parent=154799"}],"wp:term":[{"taxonomy":"product_brand","embeddable":true,"href":"https:\/\/baldumarket.lt\/lt\/wp-json\/wp\/v2\/product_brand?post=154799"},{"taxonomy":"product_cat","embeddable":true,"href":"https:\/\/baldumarket.lt\/lt\/wp-json\/wp\/v2\/product_cat?post=154799"},{"taxonomy":"product_tag","embeddable":true,"href":"https:\/\/baldumarket.lt\/lt\/wp-json\/wp\/v2\/product_tag?post=154799"}],"curies":[{"name":"wp","href":"https:\/\/api.w.org\/{rel}","templated":true}]}}