{"id":154791,"date":"2025-12-18T17:37:28","date_gmt":"2025-12-18T14:37:28","guid":{"rendered":"https:\/\/baldumarket.lt\/product\/cube-szafa-3-drzwi-przesuwnych-270-cm-dab-lindberg\/"},"modified":"2026-02-05T11:29:57","modified_gmt":"2026-02-05T08:29:57","slug":"cube-szafa-3-drzwi-przesuwnych-270-cm-dab-lindberg","status":"publish","type":"product","link":"https:\/\/baldumarket.lt\/lt\/product\/cube-szafa-3-drzwi-przesuwnych-270-cm-dab-lindberg\/","title":{"rendered":"KUBAS \u2013 Drabu\u017ein\u0117 su 3 stumdomomis durimis, 270 cm, Lindberg \u0105\u017euolas"},"content":{"rendered":"<p>Suteikite savo interjerui elegancijos ir funkcionalumo su trimis stumdomomis durimis \u201eCube\u201c spinta, pasi\u017eymin\u010dia gra\u017eiu \u201eLindberg\u201c \u0105\u017euolo atspalviu. \u0160i unikali, garsaus \u201eHelvetia\u201c prek\u0117s \u017eenklo sukurta spinta derina modern\u0173 dizain\u0105 ir prakti\u0161k\u0105 daikt\u0173 laikymo viet\u0105. Minimalistin\u0117 forma ir prislopintos spalvos puikiai tinka \u012fvairiems interjerams, suteikdamos bet kokiam kambariui \u0161ilumos ir jaukumo. \u012esp\u016bdingo 270 cm plo\u010dio \u201eCube\u201c spinta suteikia daug vietos drabu\u017eiams ir aksesuarams, kuriuos norite laikyti po ranka. Stumdomos durys \u2013 tai prakti\u0161kas sprendimas, taupantis viet\u0105 ir u\u017etikrinantis patog\u0173 bei greit\u0105 patekim\u0105 \u012f spintos vid\u0173. Kiekvienas \u0161ios spintos elementas sukurtas kruop\u0161\u010diai, siekiant harmoningos i\u0161vaizdos ir efektyvaus naudojimo. Nuostabios lino spalvos lentynos ir eleganti\u0161ka matin\u0117 juoda rankena pabr\u0117\u017eia modern\u0173 spintos charakter\u012f ir suteikia jai subtilumo. Pagaminta i\u0161 auk\u0161tos kokyb\u0117s laminuotos plok\u0161t\u0117s, \u201eCube\u201c spinta garantuoja ne tik estetin\u0119 i\u0161vaizd\u0105, bet ir ilgaam\u017ei\u0161kum\u0105, tod\u0117l tai puikus pasirinkimas visiems, kurie vertina tvirtus sprendimus savo interjere.<\/p>","protected":false},"excerpt":{"rendered":"<p>Plotis (cm): 270<br \/>\n\u016agis (cm): 210<br \/>\nGylis (cm): 60<\/p>","protected":false},"featured_media":154792,"comment_status":"open","ping_status":"open","template":"","meta":[],"product_brand":[],"product_cat":[9422,4105,1177],"product_tag":[],"class_list":{"0":"post-154791","1":"product","2":"type-product","3":"status-publish","4":"has-post-thumbnail","6":"product_cat-furniture-system-cube","7":"product_cat-helvetia","8":"product_cat-wardrobes","10":"first","11":"instock","12":"purchasable","13":"product-type-simple"},"_links":{"self":[{"href":"https:\/\/baldumarket.lt\/lt\/wp-json\/wp\/v2\/product\/154791","targetHints":{"allow":["GET"]}}],"collection":[{"href":"https:\/\/baldumarket.lt\/lt\/wp-json\/wp\/v2\/product"}],"about":[{"href":"https:\/\/baldumarket.lt\/lt\/wp-json\/wp\/v2\/types\/product"}],"replies":[{"embeddable":true,"href":"https:\/\/baldumarket.lt\/lt\/wp-json\/wp\/v2\/comments?post=154791"}],"wp:featuredmedia":[{"embeddable":true,"href":"https:\/\/baldumarket.lt\/lt\/wp-json\/wp\/v2\/media\/154792"}],"wp:attachment":[{"href":"https:\/\/baldumarket.lt\/lt\/wp-json\/wp\/v2\/media?parent=154791"}],"wp:term":[{"taxonomy":"product_brand","embeddable":true,"href":"https:\/\/baldumarket.lt\/lt\/wp-json\/wp\/v2\/product_brand?post=154791"},{"taxonomy":"product_cat","embeddable":true,"href":"https:\/\/baldumarket.lt\/lt\/wp-json\/wp\/v2\/product_cat?post=154791"},{"taxonomy":"product_tag","embeddable":true,"href":"https:\/\/baldumarket.lt\/lt\/wp-json\/wp\/v2\/product_tag?post=154791"}],"curies":[{"name":"wp","href":"https:\/\/api.w.org\/{rel}","templated":true}]}}