{"id":154783,"date":"2025-12-18T17:37:12","date_gmt":"2025-12-18T14:37:12","guid":{"rendered":"https:\/\/baldumarket.lt\/product\/cube-szafa-2-drzwi-przesuwnych-120-cm-kaszmir\/"},"modified":"2026-02-05T11:29:57","modified_gmt":"2026-02-05T08:29:57","slug":"cube-szafa-2-drzwi-przesuwnych-120-cm-kaszmir","status":"publish","type":"product","link":"https:\/\/baldumarket.lt\/lt\/product\/cube-szafa-2-drzwi-przesuwnych-120-cm-kaszmir\/","title":{"rendered":"KUBAS- Drabu\u017ein\u0117 su 2 stumdomomis durimis, 120 cm, ka\u0161myras"},"content":{"rendered":"<p>Atraskite stiling\u0105 ir funkcionali\u0105 erdv\u0119 savo namuose su garsaus prek\u0117s \u017eenklo \u201eHelvetia\u201c \u201eCube\u201c spinta. \u0160i eleganti\u0161ka 120 cm plo\u010dio ir 210 cm auk\u0161\u010dio spinta su dviem stumdomomis durimis puikiai derina modern\u0173 dizain\u0105 ir prakti\u0161kum\u0105, tod\u0117l ji puikiai tinka bet kokiam interjerui. Ka\u0161myro spalva korpusui ir priekiui suteikia unikalaus \u017eavesio, o prislopinti tonai harmoningai dera su \u012fvairiais dekoratyviniais stiliais. Kiekvienas \u201eCube\u201c spintos elementas buvo kruop\u0161\u010diai apgalvotas, siekiant u\u017etikrinti maksimal\u0173 funkcionalum\u0105. Stumdomos durys yra ne tik miesto tendencija, bet ir prakti\u0161kas sprendimas, taupantis viet\u0105, nes leid\u017eia lengvai pasiekti saugomus daiktus. Nesvarbu, ar tvarkote savo drabu\u017eius, ar laikote kitus asmeninius daiktus, \u0161i spinta pateisins j\u016bs\u0173 l\u016bkes\u010dius, palikdama j\u016bs\u0173 erdv\u0119 tvarking\u0105 ir tvarking\u0105. Spintos vidus sukurtas patogiam naudojimui \u2013 lino spalvos lentynos si\u016blo efektyv\u0173 daikt\u0173 laikymo sprendim\u0105. Nesvarbu, ar jums reikia laikyti sezoninius drabu\u017eius, ar papuo\u0161alus, \u201eCube\u201c spintos universalumas leid\u017eia pritaikyti interjer\u0105 pagal savo poreikius. Be to, tvirtos matin\u0117s juodos rankenos suteikia elegancijos, tod\u0117l daikt\u0173 pasiekimas tampa malonumu.<\/p>","protected":false},"excerpt":{"rendered":"<p>Plotis (cm): 120<br \/>\n\u016agis (cm): 210<br \/>\nGylis (cm): 60<\/p>","protected":false},"featured_media":154784,"comment_status":"open","ping_status":"open","template":"","meta":[],"product_brand":[],"product_cat":[9422,4105,1177],"product_tag":[],"class_list":{"0":"post-154783","1":"product","2":"type-product","3":"status-publish","4":"has-post-thumbnail","6":"product_cat-furniture-system-cube","7":"product_cat-helvetia","8":"product_cat-wardrobes","10":"first","11":"instock","12":"purchasable","13":"product-type-simple"},"_links":{"self":[{"href":"https:\/\/baldumarket.lt\/lt\/wp-json\/wp\/v2\/product\/154783","targetHints":{"allow":["GET"]}}],"collection":[{"href":"https:\/\/baldumarket.lt\/lt\/wp-json\/wp\/v2\/product"}],"about":[{"href":"https:\/\/baldumarket.lt\/lt\/wp-json\/wp\/v2\/types\/product"}],"replies":[{"embeddable":true,"href":"https:\/\/baldumarket.lt\/lt\/wp-json\/wp\/v2\/comments?post=154783"}],"wp:featuredmedia":[{"embeddable":true,"href":"https:\/\/baldumarket.lt\/lt\/wp-json\/wp\/v2\/media\/154784"}],"wp:attachment":[{"href":"https:\/\/baldumarket.lt\/lt\/wp-json\/wp\/v2\/media?parent=154783"}],"wp:term":[{"taxonomy":"product_brand","embeddable":true,"href":"https:\/\/baldumarket.lt\/lt\/wp-json\/wp\/v2\/product_brand?post=154783"},{"taxonomy":"product_cat","embeddable":true,"href":"https:\/\/baldumarket.lt\/lt\/wp-json\/wp\/v2\/product_cat?post=154783"},{"taxonomy":"product_tag","embeddable":true,"href":"https:\/\/baldumarket.lt\/lt\/wp-json\/wp\/v2\/product_tag?post=154783"}],"curies":[{"name":"wp","href":"https:\/\/api.w.org\/{rel}","templated":true}]}}