{"id":154767,"date":"2025-12-18T17:36:39","date_gmt":"2025-12-18T14:36:39","guid":{"rendered":"https:\/\/baldumarket.lt\/product\/cross-s-szafka-nocna-2-szuflady-zgaszona-zielen-czarny\/"},"modified":"2026-02-05T09:46:38","modified_gmt":"2026-02-05T06:46:38","slug":"cross-s-szafka-nocna-2-szuflady-zgaszona-zielen-czarny","status":"publish","type":"product","link":"https:\/\/baldumarket.lt\/lt\/product\/cross-s-szafka-nocna-2-szuflady-zgaszona-zielen-czarny\/","title":{"rendered":"\u201eCross S\u201c \u2013 naktinis staliukas su 2 stal\u010diais, dulk\u0117tai \u017ealias, juodas"},"content":{"rendered":"<p>Atraskite elegancij\u0105 ir modernum\u0105, kur\u012f j\u016bs\u0173 miegamajam suteiks prislopinto \u017ealio atspalvio \u201eCross S\u201c naktinis staliukas. Tai tobulas baldas, harmoningai derinantis funkcionalum\u0105 ir stili\u0173. Subtilus korpuso ir fasad\u0173 atspalvis suteiks j\u016bs\u0173 interjerui gaivumo ir kiekvien\u0105 ryt\u0105 pavers malonesniu. Naktinis staliukas ne tik atlieka savo paskirt\u012f, bet ir sukuria maloni\u0105 atmosfer\u0105 kambaryje, puikiai papildydamas \u012fvairius i\u0161d\u0117stymus. Apgalvotas dizainas ir juodos spalvos akcentai ant kojeli\u0173 ir b\u0117geli\u0173 pabr\u0117\u017eia modern\u0173 baldo charakter\u012f, tod\u0117l jis tampa unikaliu bet kurio miegamojo akcentu. \u201eCross S\u201c naktinis staliukas i\u0161siskiria ne tik estetika, bet ir talpumu \u2013 jame yra du prakti\u0161ki stal\u010diai, kurie pad\u0117s susitvarkyti erdv\u0119, susid\u0117ti knygas, elektronik\u0105 ar kitus smulkius daiktus, kuriuos norite laikyti po ranka. 40 cm auk\u0161\u010dio ir 55 cm plo\u010dio naktinis staliukas puikiai telpa \u0161alia j\u016bs\u0173 lovos, suteikdamas patogi\u0105 prieig\u0105 prie jums svarbi\u0173 daikt\u0173. Nesvarbu, ar norite susikurti skandinavi\u0161ko stiliaus komforto zon\u0105, ar jus \u012fkvepia minimalizmas, \u201eCross S\u201c spintel\u0117 prisitaikys prie j\u016bs\u0173 skonio, suteikdama erdvei harmonijos ir elegancijos.<\/p>","protected":false},"excerpt":{"rendered":"<p>Plotis (cm): 55<br \/>\n\u016agis (cm): 40<br \/>\nGylis (cm): 40<\/p>","protected":false},"featured_media":154768,"comment_status":"open","ping_status":"open","template":"","meta":[],"product_brand":[],"product_cat":[9402,1176,4105],"product_tag":[],"class_list":{"0":"post-154767","1":"product","2":"type-product","3":"status-publish","4":"has-post-thumbnail","6":"product_cat-furniture-system-cross","7":"product_cat-bedside-tables","8":"product_cat-helvetia","10":"first","11":"instock","12":"purchasable","13":"product-type-simple"},"_links":{"self":[{"href":"https:\/\/baldumarket.lt\/lt\/wp-json\/wp\/v2\/product\/154767","targetHints":{"allow":["GET"]}}],"collection":[{"href":"https:\/\/baldumarket.lt\/lt\/wp-json\/wp\/v2\/product"}],"about":[{"href":"https:\/\/baldumarket.lt\/lt\/wp-json\/wp\/v2\/types\/product"}],"replies":[{"embeddable":true,"href":"https:\/\/baldumarket.lt\/lt\/wp-json\/wp\/v2\/comments?post=154767"}],"wp:featuredmedia":[{"embeddable":true,"href":"https:\/\/baldumarket.lt\/lt\/wp-json\/wp\/v2\/media\/154768"}],"wp:attachment":[{"href":"https:\/\/baldumarket.lt\/lt\/wp-json\/wp\/v2\/media?parent=154767"}],"wp:term":[{"taxonomy":"product_brand","embeddable":true,"href":"https:\/\/baldumarket.lt\/lt\/wp-json\/wp\/v2\/product_brand?post=154767"},{"taxonomy":"product_cat","embeddable":true,"href":"https:\/\/baldumarket.lt\/lt\/wp-json\/wp\/v2\/product_cat?post=154767"},{"taxonomy":"product_tag","embeddable":true,"href":"https:\/\/baldumarket.lt\/lt\/wp-json\/wp\/v2\/product_tag?post=154767"}],"curies":[{"name":"wp","href":"https:\/\/api.w.org\/{rel}","templated":true}]}}