{"id":154759,"date":"2025-12-18T17:36:23","date_gmt":"2025-12-18T14:36:23","guid":{"rendered":"https:\/\/baldumarket.lt\/product\/cross-s-szafka-nocna-2-szuflady-dab-wotan-czarny-onyks-mat\/"},"modified":"2026-02-05T09:46:38","modified_gmt":"2026-02-05T06:46:38","slug":"cross-s-szafka-nocna-2-szuflady-dab-wotan-czarny-onyks-mat","status":"publish","type":"product","link":"https:\/\/baldumarket.lt\/lt\/product\/cross-s-szafka-nocna-2-szuflady-dab-wotan-czarny-onyks-mat\/","title":{"rendered":"\u201eCross S\u201c \u2013 naktinis staliukas su 2 stal\u010diais, \u201eWotan\u201c \u0105\u017euolo juodo onikso spalvos, matinis"},"content":{"rendered":"<p>Atraskite nauj\u0105 miegamojo dizaino kokyb\u0117s lyg\u012f su \u201eCross S\u201c naktiniu staliuku, kuris derina estetik\u0105 ir funkcionalum\u0105. Eleganti\u0161ka \u201eWotan Oak\u201c spalva kartu su minimalistine matine juodo onikso apdaila suteikia \u0161iam baldui modern\u0173 charakter\u012f, kuris tikrai patrauks kiekvieno sve\u010dio ak\u012f. Tai puikus skandinavi\u0161ko ar industrinio stiliaus interjero papildymas, suteikiantis erdvei \u0161ilumos ir jaukumo. Apgalvotas \u0161io naktinio staliuko dizainas paver\u010dia j\u012f ne tik gra\u017eiu dekoratyviniu elementu, bet ir prakti\u0161ku sprendimu kasdieniam naudojimui. Naktinis staliukas su dviem erdviais stal\u010diais leid\u017eia tvarkingai susid\u0117ti smulkius daiktus, tokius kaip knygos, stiklin\u0117s ir smulk\u016bs aksesuarai. Pad\u0117tas \u0161alia lovos, jis tampa puikia vieta naktiniam staliukui ir puodeliui m\u0117gstamo g\u0117rimo, u\u017etikrinant patog\u0173 pri\u0117jim\u0105 prie b\u016btiniausi\u0173 daikt\u0173. Pagamintas i\u0161 auk\u0161tos kokyb\u0117s laminuotos plok\u0161t\u0117s, \u201eCross S\u201c naktinis staliukas yra ne tik esteti\u0161kai patrauklus, bet ir patvarus bei lengvai valomas. Tvirta konstrukcija ir kruop\u0161\u010diai pagamintos detal\u0117s u\u017etikrina ilgaam\u017ei\u0161kum\u0105 net ir intensyviai naudojant. J\u0173 d\u0117ka gal\u0117site m\u0117gautis eleganti\u0161ka i\u0161vaizda daugel\u012f met\u0173, tod\u0117l tai tikrai verta investicija.<\/p>","protected":false},"excerpt":{"rendered":"<p>Plotis (cm): 55<br \/>\n\u016agis (cm): 40<br \/>\nGylis (cm): 40<\/p>","protected":false},"featured_media":154760,"comment_status":"open","ping_status":"open","template":"","meta":[],"product_brand":[],"product_cat":[9402,1176,4105],"product_tag":[],"class_list":{"0":"post-154759","1":"product","2":"type-product","3":"status-publish","4":"has-post-thumbnail","6":"product_cat-furniture-system-cross","7":"product_cat-bedside-tables","8":"product_cat-helvetia","10":"first","11":"instock","12":"purchasable","13":"product-type-simple"},"_links":{"self":[{"href":"https:\/\/baldumarket.lt\/lt\/wp-json\/wp\/v2\/product\/154759","targetHints":{"allow":["GET"]}}],"collection":[{"href":"https:\/\/baldumarket.lt\/lt\/wp-json\/wp\/v2\/product"}],"about":[{"href":"https:\/\/baldumarket.lt\/lt\/wp-json\/wp\/v2\/types\/product"}],"replies":[{"embeddable":true,"href":"https:\/\/baldumarket.lt\/lt\/wp-json\/wp\/v2\/comments?post=154759"}],"wp:featuredmedia":[{"embeddable":true,"href":"https:\/\/baldumarket.lt\/lt\/wp-json\/wp\/v2\/media\/154760"}],"wp:attachment":[{"href":"https:\/\/baldumarket.lt\/lt\/wp-json\/wp\/v2\/media?parent=154759"}],"wp:term":[{"taxonomy":"product_brand","embeddable":true,"href":"https:\/\/baldumarket.lt\/lt\/wp-json\/wp\/v2\/product_brand?post=154759"},{"taxonomy":"product_cat","embeddable":true,"href":"https:\/\/baldumarket.lt\/lt\/wp-json\/wp\/v2\/product_cat?post=154759"},{"taxonomy":"product_tag","embeddable":true,"href":"https:\/\/baldumarket.lt\/lt\/wp-json\/wp\/v2\/product_tag?post=154759"}],"curies":[{"name":"wp","href":"https:\/\/api.w.org\/{rel}","templated":true}]}}